{"id":12523,"date":"2025-01-22T19:47:09","date_gmt":"2025-01-22T17:47:09","guid":{"rendered":"https:\/\/stuudiomoobel.ee\/pood\/Ei-luokiteltu\/integroitu-astianpesukone-45cm-candy-cdih2d949-cdih2d949\/"},"modified":"2025-01-22T19:47:09","modified_gmt":"2025-01-22T17:47:09","slug":"integroitu-astianpesukone-45cm-candy-cdih2d949-cdih2d949","status":"publish","type":"product","link":"https:\/\/stuudiomoobel.ee\/fi\/pood\/kodinkoneet\/integroitu-astianpesukone-45cm-candy-cdih2d949-cdih2d949\/","title":{"rendered":"Integroitu astianpesukone 45cm Candy CDIH2D949 CDIH2D949"},"content":{"rendered":"<table dir=\"ltr\" border=\"1\" cellspacing=\"0\" cellpadding=\"0\">\n<tbody>\n<tr>\n<td>Tavaramerkki<\/td>\n<td>Candy<\/td>\n<\/tr>\n<tr>\n<td>Nettopaino (kg)<\/td>\n<td>36 kg<\/td>\n<\/tr>\n<tr>\n<td>Tyyppi<\/td>\n<td>\n<div>\n<div>T\u00e4ysin integroitu 45 cm<\/div>\n<\/div>\n<\/td>\n<\/tr>\n<tr>\n<td>Energialuokka<\/td>\n<td>E<\/td>\n<\/tr>\n<tr>\n<td>Pesuluokka<\/td>\n<td>A<\/td>\n<\/tr>\n<tr>\n<td>Kuivausluokka<\/td>\n<td>A<\/td>\n<\/tr>\n<tr>\n<td>Vedenkulutus (l)<\/td>\n<td>9<\/td>\n<\/tr>\n<tr>\n<td>Kapasiteetti (astiapaketit)<\/td>\n<td>9<\/td>\n<\/tr>\n<tr>\n<td>Melutaso (dB)<\/td>\n<td>49<\/td>\n<\/tr>\n<tr>\n<td>Pesuohjelmien m\u00e4\u00e4r\u00e4<\/td>\n<td>7<\/td>\n<\/tr>\n<tr>\n<td>S\u00e4\u00e4dett\u00e4v\u00e4 istuintuki<\/td>\n<td>Osoitteessa<\/td>\n<\/tr>\n<tr>\n<td>3 koritasoa<\/td>\n<td>Ei ole<\/td>\n<\/tr>\n<tr>\n<td>Korkeus (mm)<\/td>\n<td>816<\/td>\n<\/tr>\n<tr>\n<td>Leveys (mm)<\/td>\n<td>448<\/td>\n<\/tr>\n<tr>\n<td>Syvyys (mm)<\/td>\n<td>555<\/td>\n<\/tr>\n<tr>\n<td>Sis\u00e4valaistus<\/td>\n<td>Ei ole<\/td>\n<\/tr>\n<\/tbody>\n<\/table>\n<p>&nbsp;<\/p>\n<ul>\n<li>Elektroniset painikkeet LED<\/li>\n<li>Viitek\u00e4ynnistys 1-24 h<\/li>\n<li>Suolan ja huuhteluaineen merkkivalo<\/li>\n<li>Syklin loppumisen ilmaisin<\/li>\n<\/ul>\n","protected":false},"excerpt":{"rendered":"<p>Tavaramerkki Candy Nettopaino (kg) 36 kg Tyyppi T\u00e4ysin integroitu 45 cm Energialuokka E Pesuluokka A Kuivausluokka A Vedenkulutus (l) 9 Kapasiteetti (astiapaketit) 9 Melutaso (dB) 49 Pesuohjelmien m\u00e4\u00e4r\u00e4 7 S\u00e4\u00e4dett\u00e4v\u00e4 istuintuki Osoitteessa 3 koritasoa Ei ole Korkeus (mm) 816 Leveys (mm) 448 Syvyys (mm) 555 Sis\u00e4valaistus Ei ole &nbsp; Elektroniset painikkeet LED Viitek\u00e4ynnistys 1-24 h&hellip;<\/p>\n","protected":false},"featured_media":12527,"comment_status":"closed","ping_status":"closed","template":"","meta":{"inline_featured_image":false},"product_cat":[360],"product_tag":[],"class_list":{"0":"post-12523","1":"product","2":"type-product","3":"status-publish","4":"has-post-thumbnail","6":"product_cat-kodinkoneet","8":"first","9":"instock","10":"taxable","11":"shipping-taxable","12":"purchasable","13":"product-type-simple"},"_links":{"self":[{"href":"https:\/\/stuudiomoobel.ee\/fi\/wp-json\/wp\/v2\/product\/12523","targetHints":{"allow":["GET"]}}],"collection":[{"href":"https:\/\/stuudiomoobel.ee\/fi\/wp-json\/wp\/v2\/product"}],"about":[{"href":"https:\/\/stuudiomoobel.ee\/fi\/wp-json\/wp\/v2\/types\/product"}],"replies":[{"embeddable":true,"href":"https:\/\/stuudiomoobel.ee\/fi\/wp-json\/wp\/v2\/comments?post=12523"}],"wp:featuredmedia":[{"embeddable":true,"href":"https:\/\/stuudiomoobel.ee\/fi\/wp-json\/wp\/v2\/media\/12527"}],"wp:attachment":[{"href":"https:\/\/stuudiomoobel.ee\/fi\/wp-json\/wp\/v2\/media?parent=12523"}],"wp:term":[{"taxonomy":"product_cat","embeddable":true,"href":"https:\/\/stuudiomoobel.ee\/fi\/wp-json\/wp\/v2\/product_cat?post=12523"},{"taxonomy":"product_tag","embeddable":true,"href":"https:\/\/stuudiomoobel.ee\/fi\/wp-json\/wp\/v2\/product_tag?post=12523"}],"curies":[{"name":"wp","href":"https:\/\/api.w.org\/{rel}","templated":true}]}}