{"id":12506,"date":"2025-01-20T12:24:26","date_gmt":"2025-01-20T10:24:26","guid":{"rendered":"https:\/\/stuudiomoobel.ee\/pood\/Ei-luokiteltu\/lor-peitelevy-ylimaaraisille-ylakaapeille-72-x-30cm\/"},"modified":"2025-01-20T12:24:26","modified_gmt":"2025-01-20T10:24:26","slug":"lor-peitelevy-ylimaaraisille-ylakaapeille-72-x-30cm","status":"publish","type":"product","link":"https:\/\/stuudiomoobel.ee\/fi\/pood\/keittiot\/keittion-kaapistojen-valinta\/lor-valkoinen-harmaa-beige-oliivi\/lor-peitelevy-ylimaaraisille-ylakaapeille-72-x-30cm\/","title":{"rendered":"LOR-peitelevy ylim\u00e4\u00e4r\u00e4isille yl\u00e4kaapeille 72 x 30cm"},"content":{"rendered":"<p>Kansilevy ylim\u00e4\u00e4r\u00e4isille yl\u00e4kaapeille, ei kahvaa.<\/p>\n<p>Leveys 30 cm<\/p>\n<p>Korkeus 72 cm<\/p>\n<p>Etulevyt: korkealaatuinen MDF-levy pvc-pinnoitteella.<\/p>\n<p>Ovet: 4 v\u00e4rivaihtoehtoa &#8211; valkoinen, harmaa, beige, oliivi.<\/p>\n","protected":false},"excerpt":{"rendered":"<p>Ajaton keitti\u00f6 klassiseen pohjoismaiseen tyyliin keitti\u00f6kalustesarjalla LOR.<\/p>\n<p>Kansilevy yl\u00e4kaappien lis\u00e4kaapeille 72 x 30 cm.<\/p>\n<p>Ovet: 4 v\u00e4rivaihtoehtoa &#8211; valkoinen, harmaa, beige, oliivi.<\/p>\n","protected":false},"featured_media":12482,"comment_status":"closed","ping_status":"closed","template":"","meta":{"inline_featured_image":false},"product_cat":[346,344,352],"product_tag":[],"class_list":{"0":"post-12506","1":"product","2":"type-product","3":"status-publish","4":"has-post-thumbnail","6":"product_cat-keittion-kaapistojen-valinta","7":"product_cat-keittiot","8":"product_cat-lor-valkoinen-harmaa-beige-oliivi","10":"first","11":"instock","12":"taxable","13":"shipping-taxable","14":"purchasable","15":"product-type-variable"},"_links":{"self":[{"href":"https:\/\/stuudiomoobel.ee\/fi\/wp-json\/wp\/v2\/product\/12506","targetHints":{"allow":["GET"]}}],"collection":[{"href":"https:\/\/stuudiomoobel.ee\/fi\/wp-json\/wp\/v2\/product"}],"about":[{"href":"https:\/\/stuudiomoobel.ee\/fi\/wp-json\/wp\/v2\/types\/product"}],"replies":[{"embeddable":true,"href":"https:\/\/stuudiomoobel.ee\/fi\/wp-json\/wp\/v2\/comments?post=12506"}],"wp:featuredmedia":[{"embeddable":true,"href":"https:\/\/stuudiomoobel.ee\/fi\/wp-json\/wp\/v2\/media\/12482"}],"wp:attachment":[{"href":"https:\/\/stuudiomoobel.ee\/fi\/wp-json\/wp\/v2\/media?parent=12506"}],"wp:term":[{"taxonomy":"product_cat","embeddable":true,"href":"https:\/\/stuudiomoobel.ee\/fi\/wp-json\/wp\/v2\/product_cat?post=12506"},{"taxonomy":"product_tag","embeddable":true,"href":"https:\/\/stuudiomoobel.ee\/fi\/wp-json\/wp\/v2\/product_tag?post=12506"}],"curies":[{"name":"wp","href":"https:\/\/api.w.org\/{rel}","templated":true}]}}