{"id":12466,"date":"2025-03-04T21:37:05","date_gmt":"2025-03-04T19:37:05","guid":{"rendered":"https:\/\/stuudiomoobel.ee\/pood\/Ei-luokiteltu\/eli-peitelevy-ylakaappien-lisakaappeja-varten-72-x-30cm\/"},"modified":"2025-03-04T21:37:05","modified_gmt":"2025-03-04T19:37:05","slug":"eli-peitelevy-ylakaappien-lisakaappeja-varten-72-x-30cm","status":"publish","type":"product","link":"https:\/\/stuudiomoobel.ee\/fi\/pood\/keittiot\/keittion-kaapistojen-valinta\/eli-valkoinen-vaaleanharmaa-tummanharmaa-vaaleansininen-tummansininen\/eli-peitelevy-ylakaappien-lisakaappeja-varten-72-x-30cm\/","title":{"rendered":"ELI-peitelevy yl\u00e4kaappien lis\u00e4kaappeja varten 72 x 30cm"},"content":{"rendered":"<p>Peitelevy yl\u00e4kaappien lis\u00e4k\u00e4ytt\u00f6\u00f6n, ei kahvaa.<\/p>\n<p>Leveys 30 cm<\/p>\n<p>Korkeus 72 cm<\/p>\n<p>Etulevyt: PVC-pinnoitettu korkealaatuinen MDF-levy.<\/p>\n<p>Ovet: 5 v\u00e4rivaihtoehtoa &#8211; valkoinen, vaaleanharmaa, tummanharmaa, vaaleansininen, tummansininen.<\/p>\n","protected":false},"excerpt":{"rendered":"<p>Ajaton keitti\u00f6 klassiseen pohjoismaiseen tyyliin ELI-keitti\u00f6kalustesarjalla.<\/p>\n<p>Kansilevy lis\u00e4pintakaapeille 72 x 30 cm.<\/p>\n<p>Ovet: 5 v\u00e4rivaihtoehtoa &#8211; valkoinen, vaaleanharmaa, tummanharmaa, vaaleansininen, tummansininen.<\/p>\n","protected":false},"featured_media":12467,"comment_status":"closed","ping_status":"closed","template":"","meta":{"inline_featured_image":false},"product_cat":[348,346,344],"product_tag":[],"class_list":{"0":"post-12466","1":"product","2":"type-product","3":"status-publish","4":"has-post-thumbnail","6":"product_cat-eli-valkoinen-vaaleanharmaa-tummanharmaa-vaaleansininen-tummansininen","7":"product_cat-keittion-kaapistojen-valinta","8":"product_cat-keittiot","10":"first","11":"instock","12":"taxable","13":"shipping-taxable","14":"purchasable","15":"product-type-variable"},"_links":{"self":[{"href":"https:\/\/stuudiomoobel.ee\/fi\/wp-json\/wp\/v2\/product\/12466","targetHints":{"allow":["GET"]}}],"collection":[{"href":"https:\/\/stuudiomoobel.ee\/fi\/wp-json\/wp\/v2\/product"}],"about":[{"href":"https:\/\/stuudiomoobel.ee\/fi\/wp-json\/wp\/v2\/types\/product"}],"replies":[{"embeddable":true,"href":"https:\/\/stuudiomoobel.ee\/fi\/wp-json\/wp\/v2\/comments?post=12466"}],"wp:featuredmedia":[{"embeddable":true,"href":"https:\/\/stuudiomoobel.ee\/fi\/wp-json\/wp\/v2\/media\/12467"}],"wp:attachment":[{"href":"https:\/\/stuudiomoobel.ee\/fi\/wp-json\/wp\/v2\/media?parent=12466"}],"wp:term":[{"taxonomy":"product_cat","embeddable":true,"href":"https:\/\/stuudiomoobel.ee\/fi\/wp-json\/wp\/v2\/product_cat?post=12466"},{"taxonomy":"product_tag","embeddable":true,"href":"https:\/\/stuudiomoobel.ee\/fi\/wp-json\/wp\/v2\/product_tag?post=12466"}],"curies":[{"name":"wp","href":"https:\/\/api.w.org\/{rel}","templated":true}]}}