{"id":12449,"date":"2025-03-04T20:26:03","date_gmt":"2025-03-04T18:26:03","guid":{"rendered":"https:\/\/stuudiomoobel.ee\/pood\/Ei-luokiteltu\/dk-20-keittion-lattiahylly-20-cm\/"},"modified":"2025-03-04T20:26:03","modified_gmt":"2025-03-04T18:26:03","slug":"dk-20-keittion-lattiahylly-20-cm","status":"publish","type":"product","link":"https:\/\/stuudiomoobel.ee\/fi\/pood\/keittiot\/keittion-kaapistojen-valinta\/lor-valkoinen-harmaa-beige-oliivi\/dk-20-keittion-lattiahylly-20-cm\/","title":{"rendered":"DK 20 keitti\u00f6n lattiahylly 20 cm"},"content":{"rendered":"<p>Klassisen pohjoismaista tyyli\u00e4 edustavan ajattoman keitti\u00f6n voit t\u00e4ydent\u00e4\u00e4 keitti\u00f6n keitti\u00f6kaapeilla.<\/p>\n<p>Runko: melamiini 16 mm, valkoinen.<\/p>\n<p>Mukana perusyksikk\u00f6, s\u00e4\u00e4dett\u00e4v\u00e4t jalat.<\/p>\n<p>Ty\u00f6p\u00f6yt\u00e4 ei sis\u00e4lly.<\/p>\n<p>Keitti\u00f6kaappi toimitetaan pakettina ja vaatii kokoamisen.<\/p>\n","protected":false},"excerpt":{"rendered":"<p>Leveys 20 cm<\/p>\n<p>Korkeus 82 cm<\/p>\n<p>Syvyys 54 cm<\/p>\n<p>Runko: valkoinen.<\/p>\n","protected":false},"featured_media":12455,"comment_status":"closed","ping_status":"closed","template":"","meta":{"inline_featured_image":false},"product_cat":[348,349,346,344,352],"product_tag":[],"class_list":{"0":"post-12449","1":"product","2":"type-product","3":"status-publish","4":"has-post-thumbnail","6":"product_cat-eli-valkoinen-vaaleanharmaa-tummanharmaa-vaaleansininen-tummansininen","7":"product_cat-ita-valkoinen","8":"product_cat-keittion-kaapistojen-valinta","9":"product_cat-keittiot","10":"product_cat-lor-valkoinen-harmaa-beige-oliivi","12":"first","13":"instock","14":"taxable","15":"shipping-taxable","16":"purchasable","17":"product-type-variable"},"_links":{"self":[{"href":"https:\/\/stuudiomoobel.ee\/fi\/wp-json\/wp\/v2\/product\/12449","targetHints":{"allow":["GET"]}}],"collection":[{"href":"https:\/\/stuudiomoobel.ee\/fi\/wp-json\/wp\/v2\/product"}],"about":[{"href":"https:\/\/stuudiomoobel.ee\/fi\/wp-json\/wp\/v2\/types\/product"}],"replies":[{"embeddable":true,"href":"https:\/\/stuudiomoobel.ee\/fi\/wp-json\/wp\/v2\/comments?post=12449"}],"wp:featuredmedia":[{"embeddable":true,"href":"https:\/\/stuudiomoobel.ee\/fi\/wp-json\/wp\/v2\/media\/12455"}],"wp:attachment":[{"href":"https:\/\/stuudiomoobel.ee\/fi\/wp-json\/wp\/v2\/media?parent=12449"}],"wp:term":[{"taxonomy":"product_cat","embeddable":true,"href":"https:\/\/stuudiomoobel.ee\/fi\/wp-json\/wp\/v2\/product_cat?post=12449"},{"taxonomy":"product_tag","embeddable":true,"href":"https:\/\/stuudiomoobel.ee\/fi\/wp-json\/wp\/v2\/product_tag?post=12449"}],"curies":[{"name":"wp","href":"https:\/\/api.w.org\/{rel}","templated":true}]}}