{"id":12439,"date":"2025-04-05T13:53:32","date_gmt":"2025-04-05T10:53:32","guid":{"rendered":"https:\/\/stuudiomoobel.ee\/pood\/Ei-luokiteltu\/electrolux-60cm-integroitu-uuni-eof3h40bx\/"},"modified":"2025-04-05T13:53:32","modified_gmt":"2025-04-05T10:53:32","slug":"electrolux-60cm-integroitu-uuni-eof3h40bx","status":"publish","type":"product","link":"https:\/\/stuudiomoobel.ee\/fi\/pood\/kodinkoneet\/electrolux-60cm-integroitu-uuni-eof3h40bx\/","title":{"rendered":"Electrolux 60cm integroitu uuni EOF3H40BX"},"content":{"rendered":"<h4>Monitasoinen kypsennys &#8211; t\u00e4ydellinen tasaisuus<\/h4>\n<p>Nauti tasaisesta ruoanlaitosta monitasoisen paistamisen avulla. Py\u00f6re\u00e4n lis\u00e4l\u00e4mmityselementin ansiosta voit paistaa tasaisesti kahdella tasolla. Sopii erinomaisesti j\u00e4isten keksien ja ylellisten piirakoiden valmistukseen.  <\/p>\n<h4>Helppo puhdistus AquaCleanilla<\/h4>\n<p>Ruoanvalmistuksen j\u00e4lkeisen siivouksen ei tarvitse olla ty\u00f6l\u00e4st\u00e4 &#8211; uunimme puhdistuu h\u00f6yryn avulla. AquaClean h\u00f6yryst\u00e4\u00e4 veden uunin pohjalle, ja h\u00f6yry poistaa pinnoille kertyneen sitke\u00e4n rasvan ja ruokaj\u00e4\u00e4m\u00e4t. N\u00e4in saavutat luonnollisen puhtauden helposti.  <\/p>\n<h4>Nopea, tehokas ja tasainen kypsennys<\/h4>\n<p>Tasainen kypsennysj\u00e4rjestelm\u00e4 kierr\u00e4tt\u00e4\u00e4 l\u00e4mp\u00f6\u00e4 uunin l\u00e4pi, jolloin ruoka kypsyy ilman, ett\u00e4 astiaa tarvitsee k\u00e4\u00e4nt\u00e4\u00e4. Teknologiamme ansiosta uunisi l\u00e4mpenee nopeammin, mik\u00e4 s\u00e4\u00e4st\u00e4\u00e4 aikaa ja energiaa. <\/p>\n<h4>Grillaa kultaiseen lopputulokseen<\/h4>\n<p>Rapeasta pekonista kuplivaan mozzarellaan, saat grillist\u00e4si enemm\u00e4n irti kuin koskaan ennen. T\u00e4ydellinen rapeille kanansiiville ja suussa sulavalle halloumille. <\/p>\n<table dir=\"ltr\" border=\"1\" cellspacing=\"0\" cellpadding=\"0\">\n<tbody>\n<tr>\n<td>Tavaramerkki<\/td>\n<td>Electrolux<\/td>\n<\/tr>\n<tr>\n<td>Nettopaino (kg)<\/td>\n<td>28,1 kg<\/td>\n<\/tr>\n<tr>\n<td>Uunin tyyppi<\/td>\n<td>\n<div>\n<div>S\u00e4hk\u00f6uunit<\/div>\n<\/div>\n<\/td>\n<\/tr>\n<tr>\n<td>V\u00e4ri<\/td>\n<td>Ruostumaton<\/td>\n<\/tr>\n<tr>\n<td>Energialuokka<\/td>\n<td>A<\/td>\n<\/tr>\n<tr>\n<td>Upotettavat hallintalaitteet<\/td>\n<td>Osoitteessa<\/td>\n<\/tr>\n<tr>\n<td>Ajastin<\/td>\n<td>On<\/td>\n<\/tr>\n<tr>\n<td>Uunin kapasiteetti (L)<\/td>\n<td>65<\/td>\n<\/tr>\n<tr>\n<td>Uunitoimintojen m\u00e4\u00e4r\u00e4<\/td>\n<td>8<\/td>\n<\/tr>\n<tr>\n<td>Praetermometer<\/td>\n<td>Ei ole<\/td>\n<\/tr>\n<tr>\n<td>Automaattiset ohjelmat<\/td>\n<td>Ei ole<\/td>\n<\/tr>\n<tr>\n<td>Korkeus (mm)<\/td>\n<td>590<\/td>\n<\/tr>\n<tr>\n<td>Leveys (mm)<\/td>\n<td>594<\/td>\n<\/tr>\n<tr>\n<td>Syvyys (mm)<\/td>\n<td>560<\/td>\n<\/tr>\n<\/tbody>\n<\/table>\n","protected":false},"excerpt":{"rendered":"<p>Monitasoinen kypsennys &#8211; t\u00e4ydellinen tasaisuus Nauti tasaisesta ruoanlaitosta monitasoisen paistamisen avulla. Py\u00f6re\u00e4n lis\u00e4l\u00e4mmityselementin ansiosta voit paistaa tasaisesti kahdella tasolla. Sopii erinomaisesti j\u00e4isten keksien ja ylellisten piirakoiden valmistukseen. Helppo puhdistus AquaCleanilla Ruoanvalmistuksen j\u00e4lkeisen siivouksen ei tarvitse olla ty\u00f6l\u00e4st\u00e4 &#8211; uunimme puhdistuu h\u00f6yryn avulla. AquaClean h\u00f6yryst\u00e4\u00e4 veden uunin pohjalle, ja h\u00f6yry poistaa pinnoille kertyneen sitke\u00e4n rasvan ja&hellip;<\/p>\n","protected":false},"featured_media":12440,"comment_status":"closed","ping_status":"closed","template":"","meta":{"inline_featured_image":false},"product_cat":[360],"product_tag":[],"class_list":{"0":"post-12439","1":"product","2":"type-product","3":"status-publish","4":"has-post-thumbnail","6":"product_cat-kodinkoneet","8":"first","9":"instock","10":"taxable","11":"shipping-taxable","12":"purchasable","13":"product-type-simple"},"_links":{"self":[{"href":"https:\/\/stuudiomoobel.ee\/fi\/wp-json\/wp\/v2\/product\/12439","targetHints":{"allow":["GET"]}}],"collection":[{"href":"https:\/\/stuudiomoobel.ee\/fi\/wp-json\/wp\/v2\/product"}],"about":[{"href":"https:\/\/stuudiomoobel.ee\/fi\/wp-json\/wp\/v2\/types\/product"}],"replies":[{"embeddable":true,"href":"https:\/\/stuudiomoobel.ee\/fi\/wp-json\/wp\/v2\/comments?post=12439"}],"wp:featuredmedia":[{"embeddable":true,"href":"https:\/\/stuudiomoobel.ee\/fi\/wp-json\/wp\/v2\/media\/12440"}],"wp:attachment":[{"href":"https:\/\/stuudiomoobel.ee\/fi\/wp-json\/wp\/v2\/media?parent=12439"}],"wp:term":[{"taxonomy":"product_cat","embeddable":true,"href":"https:\/\/stuudiomoobel.ee\/fi\/wp-json\/wp\/v2\/product_cat?post=12439"},{"taxonomy":"product_tag","embeddable":true,"href":"https:\/\/stuudiomoobel.ee\/fi\/wp-json\/wp\/v2\/product_tag?post=12439"}],"curies":[{"name":"wp","href":"https:\/\/api.w.org\/{rel}","templated":true}]}}