{"id":12429,"date":"2025-04-05T13:20:20","date_gmt":"2025-04-05T10:20:20","guid":{"rendered":"https:\/\/stuudiomoobel.ee\/pood\/Ei-luokiteltu\/integroitu-liesi-electrolux-lib60420ck\/"},"modified":"2025-04-05T13:20:20","modified_gmt":"2025-04-05T10:20:20","slug":"integroitu-liesi-electrolux-lib60420ck","status":"publish","type":"product","link":"https:\/\/stuudiomoobel.ee\/fi\/pood\/kodinkoneet\/integroitu-liesi-electrolux-lib60420ck\/","title":{"rendered":"Integroitu liesi Electrolux LIB60420CK"},"content":{"rendered":"<h4>Nopein tapa maustamiseen<\/h4>\n<p>300 Induction Hob -induktioliesi l\u00e4mmitt\u00e4\u00e4 liesi nopeammin. Kaasua ei tarvitse sytytt\u00e4\u00e4 eik\u00e4 k\u00e4\u00e4mien l\u00e4mpenemist\u00e4 tarvitse odottaa. Keittoalueet saavuttavat nopeasti korkean l\u00e4mp\u00f6tilan ja vesi kiehuu nopeammin kuin koskaan ennen. Kun v\u00e4henn\u00e4t l\u00e4mp\u00f6\u00e4, liesi reagoi v\u00e4litt\u00f6m\u00e4sti, joten voit hallita sit\u00e4 t\u00e4ysin.   <\/p>\n<h4>Induktio \u2013 yksinkertainen, nopea ja turvallinen<\/h4>\n<p>Induktiotekniikka tarkoittaa, ett\u00e4 l\u00e4mp\u00f6 siirtyy nopeasti juuri oikeaan paikkaan, kun taas ymp\u00e4r\u00f6iv\u00e4 alue pysyy viile\u00e4n\u00e4 ja turvallisena. Se reagoi my\u00f6s v\u00e4litt\u00f6m\u00e4sti l\u00e4mp\u00f6tilan muutoksiin. Sile\u00e4 pinta helpottaa puhdistusta.  <\/p>\n<h4>Ohjaus yhdell\u00e4 kosketuksella<\/h4>\n<p>Induktiolieden kosketusherkill\u00e4 s\u00e4\u00e4timill\u00e4 sinun ei en\u00e4\u00e4 tarvitse arvailla l\u00e4mp\u00f6tilaa. Asetukset ovat k\u00e4ytett\u00e4viss\u00e4 kosketusherk\u00e4n lasipinnan kautta, ja l\u00e4mp\u00f6tilaa voi helposti nostaa tai laskea. Koska laitteessa ei ole ulkonevia nuppeja tai vipuja, my\u00f6s puhdistus on helppoa.  <\/p>\n<h4>Lukitse leivonta-asetukset<\/h4>\n<p>Lukitustoiminto est\u00e4\u00e4 asetusten tahattomat muutokset, jos kosketat vahingossa ohjauspaneelia \u2013 t\u00e4m\u00e4 on erityisen hy\u00f6dyllist\u00e4, jos kotona on lapsia. Sen ansiosta voit my\u00f6s puhdistaa keittotason k\u00e4tev\u00e4sti ruoanlaiton aikana. <\/p>\n<table>\n<tbody>\n<tr>\n<td>Tavaramerkki<\/td>\n<td>Electrolux<\/td>\n<\/tr>\n<tr>\n<td>Nettopaino (kg)<\/td>\n<td>8,6 kg<\/td>\n<\/tr>\n<tr>\n<td>Hob2Hood<\/td>\n<td>ei ole<\/td>\n<\/tr>\n<tr>\n<td>Kilven tyyppi<\/td>\n<td>Induktio<\/td>\n<\/tr>\n<tr>\n<td>V\u00e4ri<\/td>\n<td>Musta<\/td>\n<\/tr>\n<tr>\n<td>Rungon v\u00e4ri<\/td>\n<td>Framita<\/td>\n<\/tr>\n<tr>\n<td>Keittoalueiden m\u00e4\u00e4r\u00e4<\/td>\n<td>4 kpl<\/td>\n<\/tr>\n<tr>\n<td>Hallinnointitapa<\/td>\n<td>Anturien valvonta<\/td>\n<\/tr>\n<tr>\n<td>Laajentuva keittoalue<\/td>\n<td>Ei ole<\/td>\n<\/tr>\n<tr>\n<td>Lapsilukko<\/td>\n<td>Haettu osoitteesta<\/td>\n<\/tr>\n<tr>\n<td>Ajastin<\/td>\n<td>Ei ole<\/td>\n<\/tr>\n<tr>\n<td>Korkeus (mm)<\/td>\n<td>53<\/td>\n<\/tr>\n<tr>\n<td>Leveys (mm)<\/td>\n<td>590<\/td>\n<\/tr>\n<tr>\n<td>Syvyys (mm)<\/td>\n<td>520<\/td>\n<\/tr>\n<\/tbody>\n<\/table>\n","protected":false},"excerpt":{"rendered":"<p>Nopein tapa maustamiseen 300 Induction Hob -induktioliesi l\u00e4mmitt\u00e4\u00e4 liesi nopeammin. Kaasua ei tarvitse sytytt\u00e4\u00e4 eik\u00e4 k\u00e4\u00e4mien l\u00e4mpenemist\u00e4 tarvitse odottaa. Keittoalueet saavuttavat nopeasti korkean l\u00e4mp\u00f6tilan ja vesi kiehuu nopeammin kuin koskaan ennen. Kun v\u00e4henn\u00e4t l\u00e4mp\u00f6\u00e4, liesi reagoi v\u00e4litt\u00f6m\u00e4sti, joten voit hallita sit\u00e4 t\u00e4ysin. Induktio \u2013 yksinkertainen, nopea ja turvallinen Induktiotekniikka tarkoittaa, ett\u00e4 l\u00e4mp\u00f6 siirtyy nopeasti juuri&hellip;<\/p>\n","protected":false},"featured_media":12430,"comment_status":"closed","ping_status":"closed","template":"","meta":{"inline_featured_image":false},"product_cat":[360],"product_tag":[],"class_list":{"0":"post-12429","1":"product","2":"type-product","3":"status-publish","4":"has-post-thumbnail","6":"product_cat-kodinkoneet","8":"first","9":"instock","10":"taxable","11":"shipping-taxable","12":"purchasable","13":"product-type-simple"},"_links":{"self":[{"href":"https:\/\/stuudiomoobel.ee\/fi\/wp-json\/wp\/v2\/product\/12429","targetHints":{"allow":["GET"]}}],"collection":[{"href":"https:\/\/stuudiomoobel.ee\/fi\/wp-json\/wp\/v2\/product"}],"about":[{"href":"https:\/\/stuudiomoobel.ee\/fi\/wp-json\/wp\/v2\/types\/product"}],"replies":[{"embeddable":true,"href":"https:\/\/stuudiomoobel.ee\/fi\/wp-json\/wp\/v2\/comments?post=12429"}],"wp:featuredmedia":[{"embeddable":true,"href":"https:\/\/stuudiomoobel.ee\/fi\/wp-json\/wp\/v2\/media\/12430"}],"wp:attachment":[{"href":"https:\/\/stuudiomoobel.ee\/fi\/wp-json\/wp\/v2\/media?parent=12429"}],"wp:term":[{"taxonomy":"product_cat","embeddable":true,"href":"https:\/\/stuudiomoobel.ee\/fi\/wp-json\/wp\/v2\/product_cat?post=12429"},{"taxonomy":"product_tag","embeddable":true,"href":"https:\/\/stuudiomoobel.ee\/fi\/wp-json\/wp\/v2\/product_tag?post=12429"}],"curies":[{"name":"wp","href":"https:\/\/api.w.org\/{rel}","templated":true}]}}