{"id":12423,"date":"2025-04-05T12:34:15","date_gmt":"2025-04-05T09:34:15","guid":{"rendered":"https:\/\/stuudiomoobel.ee\/pood\/Ei-luokiteltu\/electrolux-60cm-integroitu-jaakaappi-lnd5fe18s\/"},"modified":"2025-04-05T12:34:15","modified_gmt":"2025-04-05T09:34:15","slug":"electrolux-60cm-integroitu-jaakaappi-lnd5fe18s","status":"publish","type":"product","link":"https:\/\/stuudiomoobel.ee\/fi\/pood\/kodinkoneet\/electrolux-60cm-integroitu-jaakaappi-lnd5fe18s\/","title":{"rendered":"Electrolux 60cm integroitu j\u00e4\u00e4kaappi LND5FE18S"},"content":{"rendered":"<h4>ColdSense-j\u00e4rjestelm\u00e4 suojaa ruokaa palauttamalla nopeasti asetetun l\u00e4mp\u00f6tilan.<\/h4>\n<p>ColdSense k\u00e4ytt\u00e4\u00e4 tarkkoja l\u00e4mp\u00f6tila-antureita, joiden avulla j\u00e4\u00e4kaappipakastin saadaan nopeasti oikeaan l\u00e4mp\u00f6tilaan oven avaamisen ja sulkemisen j\u00e4lkeen. T\u00e4m\u00e4 auttaa ehk\u00e4isem\u00e4\u00e4n l\u00e4mp\u00f6tilah\u00e4iri\u00f6it\u00e4 ja elintarvikkeiden pilaantumista, mik\u00e4 v\u00e4hent\u00e4\u00e4 ruokah\u00e4vikki\u00e4 jopa 20 %. <\/p>\n<h4>Tasainen viileys DynamicAirilla<\/h4>\n<p>DynamicAir varmistaa, ett\u00e4 j\u00e4\u00e4kaapin sis\u00e4tilojen l\u00e4mp\u00f6tila pysyy vakiona. Se kierr\u00e4tt\u00e4\u00e4 ilmaa laitteessa, jolloin j\u00e4\u00e4kaapin l\u00e4mp\u00f6tila pysyy vakiona my\u00f6s silloin, kun ovi on avattu. <\/p>\n<h4>LowFrost tarkoittaa v\u00e4hemm\u00e4n pakastimen huoltoa<\/h4>\n<p>Integroitu LowFrost-j\u00e4rjestelm\u00e4 pit\u00e4\u00e4 pakastimen l\u00e4mp\u00f6tilan vakaana ja est\u00e4\u00e4 huurteen muodostumisen. Parempi suorituskyky ja v\u00e4hemm\u00e4n huoltoa. <\/p>\n<h4>Tarkka elintarvikkeiden s\u00e4ilytys sis\u00e4isen elektronisen valvontaj\u00e4rjestelm\u00e4n avulla<\/h4>\n<p>Hallitse elintarvikkeiden s\u00e4ilytysolosuhteita sis\u00e4isen elektronisen valvontaj\u00e4rjestelm\u00e4n avulla. LED-merkkivalot n\u00e4ytt\u00e4v\u00e4t l\u00e4mp\u00f6tilan k\u00e4tev\u00e4sti, ja asetusten ansiosta tied\u00e4t kaiken varmasti. <\/p>\n<p>&nbsp;<\/p>\n<table>\n<tbody>\n<tr>\n<td>Tavaramerkki<\/td>\n<td>Electrolux<\/td>\n<\/tr>\n<tr>\n<td>Nettopaino (kg)<\/td>\n<td>56 kg<\/td>\n<\/tr>\n<tr>\n<td>Tyyppi<\/td>\n<td>Pakastinosan alla<\/td>\n<\/tr>\n<tr>\n<td>Asennus<\/td>\n<td>Kaappi<\/td>\n<\/tr>\n<tr>\n<td>Miten integroida<\/td>\n<td>T\u00e4ten<\/td>\n<\/tr>\n<tr>\n<td>Energialuokka<\/td>\n<td>E<\/td>\n<\/tr>\n<tr>\n<td>Kokonaistilavuus, netto (l)<\/td>\n<td>269<\/td>\n<\/tr>\n<tr>\n<td>J\u00e4\u00e4hdytyskammion tilavuus, netto (l)<\/td>\n<td>196<\/td>\n<\/tr>\n<tr>\n<td>Pakastimen tilavuus, netto (l)<\/td>\n<td>73<\/td>\n<\/tr>\n<tr>\n<td>Pakastuskapasiteetti (kg\/24h)<\/td>\n<td>3,3<\/td>\n<\/tr>\n<tr>\n<td>J\u00e4\u00e4dytys (h)<\/td>\n<td>11,5<\/td>\n<\/tr>\n<tr>\n<td>Hallinto<\/td>\n<td>S\u00e4hk\u00f6inen<\/td>\n<\/tr>\n<tr>\n<td>EI HUURRETTA<\/td>\n<td>Ei ole<\/td>\n<\/tr>\n<tr>\n<td>Nopea j\u00e4\u00e4dytys<\/td>\n<td>On<\/td>\n<\/tr>\n<tr>\n<td>Vaihdettavat ovi-\/ovipylv\u00e4\u00e4t<\/td>\n<td>Osoitteessa<\/td>\n<\/tr>\n<tr>\n<td>Melutaso (dB)<\/td>\n<td>34<\/td>\n<\/tr>\n<tr>\n<td>Korkeus (mm)<\/td>\n<td>1772<\/td>\n<\/tr>\n<tr>\n<td>Leveys (mm)<\/td>\n<td>546<\/td>\n<\/tr>\n<tr>\n<td>Syvyys (mm)<\/td>\n<td>549<\/td>\n<\/tr>\n<\/tbody>\n<\/table>\n","protected":false},"excerpt":{"rendered":"<p>ColdSense-j\u00e4rjestelm\u00e4 suojaa ruokaa palauttamalla nopeasti asetetun l\u00e4mp\u00f6tilan. ColdSense k\u00e4ytt\u00e4\u00e4 tarkkoja l\u00e4mp\u00f6tila-antureita, joiden avulla j\u00e4\u00e4kaappipakastin saadaan nopeasti oikeaan l\u00e4mp\u00f6tilaan oven avaamisen ja sulkemisen j\u00e4lkeen. T\u00e4m\u00e4 auttaa ehk\u00e4isem\u00e4\u00e4n l\u00e4mp\u00f6tilah\u00e4iri\u00f6it\u00e4 ja elintarvikkeiden pilaantumista, mik\u00e4 v\u00e4hent\u00e4\u00e4 ruokah\u00e4vikki\u00e4 jopa 20 %. Tasainen viileys DynamicAirilla DynamicAir varmistaa, ett\u00e4 j\u00e4\u00e4kaapin sis\u00e4tilojen l\u00e4mp\u00f6tila pysyy vakiona. Se kierr\u00e4tt\u00e4\u00e4 ilmaa laitteessa, jolloin j\u00e4\u00e4kaapin l\u00e4mp\u00f6tila pysyy&hellip;<\/p>\n","protected":false},"featured_media":12428,"comment_status":"closed","ping_status":"closed","template":"","meta":{"inline_featured_image":false},"product_cat":[360],"product_tag":[],"class_list":{"0":"post-12423","1":"product","2":"type-product","3":"status-publish","4":"has-post-thumbnail","6":"product_cat-kodinkoneet","8":"first","9":"instock","10":"taxable","11":"shipping-taxable","12":"purchasable","13":"product-type-simple"},"_links":{"self":[{"href":"https:\/\/stuudiomoobel.ee\/fi\/wp-json\/wp\/v2\/product\/12423","targetHints":{"allow":["GET"]}}],"collection":[{"href":"https:\/\/stuudiomoobel.ee\/fi\/wp-json\/wp\/v2\/product"}],"about":[{"href":"https:\/\/stuudiomoobel.ee\/fi\/wp-json\/wp\/v2\/types\/product"}],"replies":[{"embeddable":true,"href":"https:\/\/stuudiomoobel.ee\/fi\/wp-json\/wp\/v2\/comments?post=12423"}],"wp:featuredmedia":[{"embeddable":true,"href":"https:\/\/stuudiomoobel.ee\/fi\/wp-json\/wp\/v2\/media\/12428"}],"wp:attachment":[{"href":"https:\/\/stuudiomoobel.ee\/fi\/wp-json\/wp\/v2\/media?parent=12423"}],"wp:term":[{"taxonomy":"product_cat","embeddable":true,"href":"https:\/\/stuudiomoobel.ee\/fi\/wp-json\/wp\/v2\/product_cat?post=12423"},{"taxonomy":"product_tag","embeddable":true,"href":"https:\/\/stuudiomoobel.ee\/fi\/wp-json\/wp\/v2\/product_tag?post=12423"}],"curies":[{"name":"wp","href":"https:\/\/api.w.org\/{rel}","templated":true}]}}