{"id":12415,"date":"2025-04-09T13:15:34","date_gmt":"2025-04-09T10:15:34","guid":{"rendered":"https:\/\/stuudiomoobel.ee\/pood\/Ei-luokiteltu\/whirlpool-wbuf011-integroitu-jaakaappi-tyotason-alle\/"},"modified":"2025-04-09T13:15:34","modified_gmt":"2025-04-09T10:15:34","slug":"whirlpool-wbuf011-integroitu-jaakaappi-tyotason-alle","status":"publish","type":"product","link":"https:\/\/stuudiomoobel.ee\/fi\/pood\/kodinkoneet\/whirlpool-wbuf011-integroitu-jaakaappi-tyotason-alle\/","title":{"rendered":"Whirlpool WBUF011 integroitu j\u00e4\u00e4kaappi ty\u00f6tason alle"},"content":{"rendered":"<p>Alkuper\u00e4maa Italia<br \/>\nMerkki Whirlpool<br \/>\nNettopaino (kg) 32<br \/>\nTyyppi Yksioviset j\u00e4\u00e4kaapit<br \/>\nAsennus ty\u00f6tason alle<br \/>\nOvelta ovelle -integrointimenetelm\u00e4<br \/>\nEnergialuokka E<br \/>\nKokonaistilavuus, netto ( l ) 126<br \/>\nJ\u00e4\u00e4hdytyskammion tilavuus, netto ( l ) 108<br \/>\nPakastimen tilavuus, netto ( l ) 18<br \/>\nElektroninen ohjaus<br \/>\nNO FROST Ei ole<br \/>\nFlash flush Ei ole<br \/>\nVaihdettava ovi\/ovien napaisuus P\u00e4\u00e4ll\u00e4<br \/>\nMelutaso (dB) 41<br \/>\nKorkeus (mm) 815<br \/>\nLeveys (mm) 596<br \/>\nSyvyys (mm) 545<\/p>\n<p>TILAN HALLINTA<br \/>\nKaikki tarvitsemasi tila. T\u00e4m\u00e4n Whirlpool-j\u00e4\u00e4kaapin innovatiivinen muotoilu antaa sinulle kaiken tarvitsemasi tilan ja joustavuuden<br \/>\ns\u00e4ilytt\u00e4\u00e4ksesi ruokasi ja juomasi k\u00e4tev\u00e4sti ja helposti.<br \/>\nPUDDLE ROOM<br \/>\nTurvallinen s\u00e4ilytys. T\u00e4ss\u00e4 Whirlpool-j\u00e4\u00e4kaapissa on t\u00e4ydellinen ratkaisu pullojen s\u00e4ilytykseen &#8211; oma pulloteline.<br \/>\nAUTOMAATTINEN J\u00c4\u00c4HDYTYS<br \/>\nHelppo sulatus. Auto Defrost -tekniikka est\u00e4\u00e4 tehokkaasti j\u00e4\u00e4n muodostumisen ja kertymisen j\u00e4\u00e4kaappiin.<br \/>\nSETMO<br \/>\nVirheet\u00f6n yhten\u00e4inen muotoilu. SETMO Door-to-Door -asennusj\u00e4rjestelm\u00e4 peitt\u00e4\u00e4 sis\u00e4\u00e4nrakennetun j\u00e4\u00e4kaapin, jolloin sen muotoilu sulautuu t\u00e4ydellisesti muuhun keitti\u00f6\u00f6n.<br \/>\nELEKTRONINEN OHJAUSJ\u00c4RJESTELM\u00c4<br \/>\nEhdottoman t\u00e4ydellinen toiminta.     T\u00e4ss\u00e4 Whirlpool-j\u00e4\u00e4kaapissa on elektroninen ohjausj\u00e4rjestelm\u00e4, joka varmistaa, ett\u00e4 parametrit on aina asetettu oikein,<br \/>\nvarmistaen virheett\u00f6m\u00e4n suorituskyvyn ja l\u00e4mp\u00f6tilan s\u00e4\u00e4d\u00f6n.<br \/>\nSEKUNTIO J\u00c4\u00c4KAAPPI<br \/>\nKaikki tarvitsemasi tila. T\u00e4ss\u00e4 Whirlpool-j\u00e4\u00e4kaapissa on my\u00f6s toinen j\u00e4\u00e4hdytyslokero, joten sinulla on aina runsaasti tilaa hedelmille ja vihanneksille.<br \/>\nJ\u00c4\u00c4HDYTYSLOKERO<br \/>\nIhanteellinen s\u00e4ilytysymp\u00e4rist\u00f6. T\u00e4ss\u00e4 Whirlpool-j\u00e4\u00e4kaapissa on pakastelokero pakastettujen elintarvikkeiden s\u00e4ilytt\u00e4mist\u00e4 varten.<br \/>\nLASILUUKUT<br \/>\nIntohimoa kauneuteen jokaisessa yksityiskohdassa. T\u00e4ss\u00e4 Whirlpool-j\u00e4\u00e4kaapissa on karkaistut lasihyllyt, joissa on korotetut reunat<br \/>\nest\u00e4m\u00e4\u00e4n roiskeiden valumista alas. Ne on suunniteltu yhdist\u00e4m\u00e4\u00e4n kauneus ja toiminnallisuus yhdeksi kokonaisuudeksi ja<br \/>\ntarjoamaan sinulle tyydytt\u00e4vimm\u00e4n k\u00e4ytt\u00f6kokemuksen, mit\u00e4 voit kuvitella.<br \/>\nMUOKATTAVAT AUKIOLOSUUNNITTELUT UKS<br \/>\nmukavuuttasi varten. T\u00e4ss\u00e4 Whirlpool-j\u00e4\u00e4kaapissa on muunneltava ovi, joka voidaan asettaa avautumaan vasemmalta tai oikealta k\u00e4ytt\u00e4j\u00e4n mukavuuden vuoksi.<br \/>\nLED-VALAISTUS<br \/>\nHuomaamaton valaistus. Energiatehokkaat LED-lamput valaisevat tasaisesti koko j\u00e4\u00e4kaappitilan, jolloin l\u00f6yd\u00e4t etsim\u00e4si helpommin.      <\/p>\n","protected":false},"excerpt":{"rendered":"<p>Merkki Candy<br \/>\nNettopaino (kg) 36 kg<br \/>\nTyyppi T\u00e4ysintegroitu 45 cm<br \/>\nEnergialuokka E<br \/>\nPesuluokka A<br \/>\nKuivausluokka A<br \/>\nVedenkulutus ( l ) 9<br \/>\nKapasiteetti (astiasarjat) 9<br \/>\nMelutaso (dB) 49<br \/>\nPesuohjelmien m\u00e4\u00e4r\u00e4 7<br \/>\nS\u00e4\u00e4dett\u00e4v\u00e4 yl\u00e4kori On<br \/>\n3 koritasoa Ei ole<br \/>\nKorkeus (mm) 816<br \/>\nLeveys (mm) 448<br \/>\nSyvyys (mm) 555<br \/>\nSis\u00e4inen valaistus Ei ole Ei ole Ei ole<\/p>\n<p>Elektroniset painikkeet LED<\/p>\n<p>Viitek\u00e4ynnistys 1-24 h<\/p>\n<p>Suolan ja huuhteluaineen merkkivalo<\/p>\n<p>Syklin loppumisen ilmaisin<\/p>\n","protected":false},"featured_media":12416,"comment_status":"closed","ping_status":"closed","template":"","meta":{"inline_featured_image":false},"product_cat":[360],"product_tag":[],"class_list":{"0":"post-12415","1":"product","2":"type-product","3":"status-publish","4":"has-post-thumbnail","6":"product_cat-kodinkoneet","8":"first","9":"instock","10":"taxable","11":"shipping-taxable","12":"purchasable","13":"product-type-simple"},"_links":{"self":[{"href":"https:\/\/stuudiomoobel.ee\/fi\/wp-json\/wp\/v2\/product\/12415","targetHints":{"allow":["GET"]}}],"collection":[{"href":"https:\/\/stuudiomoobel.ee\/fi\/wp-json\/wp\/v2\/product"}],"about":[{"href":"https:\/\/stuudiomoobel.ee\/fi\/wp-json\/wp\/v2\/types\/product"}],"replies":[{"embeddable":true,"href":"https:\/\/stuudiomoobel.ee\/fi\/wp-json\/wp\/v2\/comments?post=12415"}],"wp:featuredmedia":[{"embeddable":true,"href":"https:\/\/stuudiomoobel.ee\/fi\/wp-json\/wp\/v2\/media\/12416"}],"wp:attachment":[{"href":"https:\/\/stuudiomoobel.ee\/fi\/wp-json\/wp\/v2\/media?parent=12415"}],"wp:term":[{"taxonomy":"product_cat","embeddable":true,"href":"https:\/\/stuudiomoobel.ee\/fi\/wp-json\/wp\/v2\/product_cat?post=12415"},{"taxonomy":"product_tag","embeddable":true,"href":"https:\/\/stuudiomoobel.ee\/fi\/wp-json\/wp\/v2\/product_tag?post=12415"}],"curies":[{"name":"wp","href":"https:\/\/api.w.org\/{rel}","templated":true}]}}