{"id":12363,"date":"2025-04-09T13:11:08","date_gmt":"2025-04-09T10:11:08","guid":{"rendered":"https:\/\/stuudiomoobel.ee\/pood\/Ei-luokiteltu\/elica-cfc0141571-suodatin-ilmanpuhdistimeen\/"},"modified":"2025-04-09T13:11:08","modified_gmt":"2025-04-09T10:11:08","slug":"elica-cfc0141571-suodatin-ilmanpuhdistimeen","status":"publish","type":"product","link":"https:\/\/stuudiomoobel.ee\/fi\/pood\/kodinkoneet\/elica-cfc0141571-suodatin-ilmanpuhdistimeen\/","title":{"rendered":"Elica CFC0141571 suodatin ilmanpuhdistimeen"},"content":{"rendered":"<p>K\u00e4ytt\u00f6 ilman savupiippua (kiertoilma).<br \/>\nT\u00e4m\u00e4n j\u00e4lkeen asennetaan ilmanpuhdistin, jota voidaan k\u00e4ytt\u00e4\u00e4 hiilisuodattimen kanssa.<br \/>\nKierto- tai kiertoilmaj\u00e4rjestelm\u00e4 on mahdollinen hiilisuodattimen kanssa.<br \/>\nIlma puhdistetaan hiilisuodattimella ja kierr\u00e4tet\u00e4\u00e4n takaisin huoneeseen.<br \/>\nIlma kierr\u00e4tet\u00e4\u00e4n takaisin huoneeseen joko halkaisijaltaan yli 150 mm:n putken<br \/>\ntai N-RV-hormin kautta.<br \/>\nHiilisuodatin poistaa hajuja ilmasta, mutta hiilisuodatin on vaihdettava s\u00e4\u00e4nn\u00f6llisesti.<br \/>\nYleens\u00e4 6-12 kuukauden v\u00e4lein, mutta vaihtov\u00e4li riippuu my\u00f6s k\u00e4ytt\u00f6tiheydest\u00e4.<br \/>\nSopii ilmanpuhdistimiin: ERA,ERA S IX\/A\/60, ERA S IX\/A\/90,<br \/>\nERA C WH\/A\/60,ERA C IX\/A\/60,ELITE14.<\/p>\n","protected":false},"excerpt":{"rendered":"<p>K\u00e4ytt\u00f6 ilman savupiippua (kiertoilma). T\u00e4m\u00e4n j\u00e4lkeen asennetaan ilmanpuhdistin, jota voidaan k\u00e4ytt\u00e4\u00e4 hiilisuodattimen kanssa. Kierto- tai kiertoilmaj\u00e4rjestelm\u00e4 on mahdollinen hiilisuodattimen kanssa. Ilma puhdistetaan hiilisuodattimella ja kierr\u00e4tet\u00e4\u00e4n takaisin huoneeseen. Ilma kierr\u00e4tet\u00e4\u00e4n takaisin huoneeseen joko halkaisijaltaan yli 150 mm:n putken tai N-RV-hormin kautta. Hiilisuodatin poistaa hajuja ilmasta, mutta hiilisuodatin on vaihdettava s\u00e4\u00e4nn\u00f6llisesti. Yleens\u00e4 6-12 kuukauden v\u00e4lein, mutta vaihtov\u00e4li&hellip;<\/p>\n","protected":false},"featured_media":12367,"comment_status":"closed","ping_status":"closed","template":"","meta":{"inline_featured_image":false},"product_cat":[360],"product_tag":[],"class_list":{"0":"post-12363","1":"product","2":"type-product","3":"status-publish","4":"has-post-thumbnail","6":"product_cat-kodinkoneet","8":"first","9":"instock","10":"taxable","11":"shipping-taxable","12":"purchasable","13":"product-type-simple"},"_links":{"self":[{"href":"https:\/\/stuudiomoobel.ee\/fi\/wp-json\/wp\/v2\/product\/12363","targetHints":{"allow":["GET"]}}],"collection":[{"href":"https:\/\/stuudiomoobel.ee\/fi\/wp-json\/wp\/v2\/product"}],"about":[{"href":"https:\/\/stuudiomoobel.ee\/fi\/wp-json\/wp\/v2\/types\/product"}],"replies":[{"embeddable":true,"href":"https:\/\/stuudiomoobel.ee\/fi\/wp-json\/wp\/v2\/comments?post=12363"}],"wp:featuredmedia":[{"embeddable":true,"href":"https:\/\/stuudiomoobel.ee\/fi\/wp-json\/wp\/v2\/media\/12367"}],"wp:attachment":[{"href":"https:\/\/stuudiomoobel.ee\/fi\/wp-json\/wp\/v2\/media?parent=12363"}],"wp:term":[{"taxonomy":"product_cat","embeddable":true,"href":"https:\/\/stuudiomoobel.ee\/fi\/wp-json\/wp\/v2\/product_cat?post=12363"},{"taxonomy":"product_tag","embeddable":true,"href":"https:\/\/stuudiomoobel.ee\/fi\/wp-json\/wp\/v2\/product_tag?post=12363"}],"curies":[{"name":"wp","href":"https:\/\/api.w.org\/{rel}","templated":true}]}}