{"id":12312,"date":"2025-04-21T15:48:15","date_gmt":"2025-04-21T12:48:15","guid":{"rendered":"https:\/\/stuudiomoobel.ee\/pood\/Ei-luokiteltu\/lan-g40g-syvempi-ylakaappi-40cm\/"},"modified":"2025-04-21T15:48:15","modified_gmt":"2025-04-21T12:48:15","slug":"lan-g40g-syvempi-ylakaappi-40cm","status":"publish","type":"product","link":"https:\/\/stuudiomoobel.ee\/fi\/pood\/keittiot\/keittion-kaapistojen-valinta\/lan-tummanharmaa-beige-puun-savy\/lan-g40g-syvempi-ylakaappi-40cm\/","title":{"rendered":"LAN G40G syvempi yl\u00e4kaappi 40cm"},"content":{"rendered":"<p>Korkeus 72 cm<\/p>\n<p>Syvyys 45 cm<\/p>\n<p>Runko: 16 mm:n melamiinilevy, puun s\u00e4vy.<\/p>\n<p>Etulevyt: korkealaatuinen MDF-levy laminaattipinnoitteella.<\/p>\n<p>Ovet: 3 v\u00e4rivaihtoehtoa &#8211; harmaa, beige, puun s\u00e4vy.<\/p>\n<p>Keitti\u00f6kaappi toimitetaan t\u00e4ydellisen\u00e4 kokonaisuutena ja vaatii kokoamisen.<\/p>\n","protected":false},"excerpt":{"rendered":"<p>Leveys: 40 cm<\/p>\n<p>Ovet: 3 v\u00e4rivaihtoehtoa &#8211; harmaa, beige, puun s\u00e4vy. Runko kaikissa puun s\u00e4vyiss\u00e4. <\/p>\n<p>Korkeus 72 cm<\/p>\n<p>Syvyys 45 cm<\/p>\n<p>Kahvat: ty\u00f6nt\u00f6kahva tai musta muovikahva. Molemmat tulevat laatikoissa. Saranat eiv\u00e4t ole \u00e4\u00e4nett\u00f6m\u00e4sti sulkeutuvia, koska push ei vaadi \u00e4\u00e4nett\u00f6m\u00e4sti sulkeutuvia saranoita. Jos haluat lis\u00e4t\u00e4 kahvat, \u00e4\u00e4nett\u00f6m\u00e4t saranat voi ostaa erikseen.   <\/p>\n","protected":false},"featured_media":12313,"comment_status":"closed","ping_status":"closed","template":"","meta":{"inline_featured_image":false},"product_cat":[346,350],"product_tag":[],"class_list":{"0":"post-12312","1":"product","2":"type-product","3":"status-publish","4":"has-post-thumbnail","6":"product_cat-keittion-kaapistojen-valinta","7":"product_cat-lan-tummanharmaa-beige-puun-savy","9":"first","10":"instock","11":"taxable","12":"shipping-taxable","13":"purchasable","14":"product-type-variable"},"_links":{"self":[{"href":"https:\/\/stuudiomoobel.ee\/fi\/wp-json\/wp\/v2\/product\/12312","targetHints":{"allow":["GET"]}}],"collection":[{"href":"https:\/\/stuudiomoobel.ee\/fi\/wp-json\/wp\/v2\/product"}],"about":[{"href":"https:\/\/stuudiomoobel.ee\/fi\/wp-json\/wp\/v2\/types\/product"}],"replies":[{"embeddable":true,"href":"https:\/\/stuudiomoobel.ee\/fi\/wp-json\/wp\/v2\/comments?post=12312"}],"wp:featuredmedia":[{"embeddable":true,"href":"https:\/\/stuudiomoobel.ee\/fi\/wp-json\/wp\/v2\/media\/12313"}],"wp:attachment":[{"href":"https:\/\/stuudiomoobel.ee\/fi\/wp-json\/wp\/v2\/media?parent=12312"}],"wp:term":[{"taxonomy":"product_cat","embeddable":true,"href":"https:\/\/stuudiomoobel.ee\/fi\/wp-json\/wp\/v2\/product_cat?post=12312"},{"taxonomy":"product_tag","embeddable":true,"href":"https:\/\/stuudiomoobel.ee\/fi\/wp-json\/wp\/v2\/product_tag?post=12312"}],"curies":[{"name":"wp","href":"https:\/\/api.w.org\/{rel}","templated":true}]}}