{"id":12307,"date":"2025-05-06T14:20:47","date_gmt":"2025-05-06T11:20:47","guid":{"rendered":"https:\/\/stuudiomoobel.ee\/pood\/Ei-luokiteltu\/leikkaaminen-tyopinnan-kokoon\/"},"modified":"2025-05-06T14:20:47","modified_gmt":"2025-05-06T11:20:47","slug":"leikkaaminen-tyopinnan-kokoon","status":"publish","type":"product","link":"https:\/\/stuudiomoobel.ee\/fi\/pood\/keittiot\/tyotasot-valitilan-suojat-sokkelit\/leikkaaminen-tyopinnan-kokoon\/","title":{"rendered":"Leikkaaminen ty\u00f6pinnan kokoon"},"content":{"rendered":"","protected":false},"excerpt":{"rendered":"<p>Leikkaaminen keitti\u00f6\u00f6si sopivaan kokoon.<\/p>\n","protected":false},"featured_media":12308,"comment_status":"closed","ping_status":"closed","template":"","meta":{"inline_featured_image":false},"product_cat":[357],"product_tag":[],"class_list":{"0":"post-12307","1":"product","2":"type-product","3":"status-publish","4":"has-post-thumbnail","6":"product_cat-tyotasot-valitilan-suojat-sokkelit","8":"first","9":"instock","10":"taxable","11":"shipping-taxable","12":"purchasable","13":"product-type-simple"},"_links":{"self":[{"href":"https:\/\/stuudiomoobel.ee\/fi\/wp-json\/wp\/v2\/product\/12307","targetHints":{"allow":["GET"]}}],"collection":[{"href":"https:\/\/stuudiomoobel.ee\/fi\/wp-json\/wp\/v2\/product"}],"about":[{"href":"https:\/\/stuudiomoobel.ee\/fi\/wp-json\/wp\/v2\/types\/product"}],"replies":[{"embeddable":true,"href":"https:\/\/stuudiomoobel.ee\/fi\/wp-json\/wp\/v2\/comments?post=12307"}],"wp:featuredmedia":[{"embeddable":true,"href":"https:\/\/stuudiomoobel.ee\/fi\/wp-json\/wp\/v2\/media\/12308"}],"wp:attachment":[{"href":"https:\/\/stuudiomoobel.ee\/fi\/wp-json\/wp\/v2\/media?parent=12307"}],"wp:term":[{"taxonomy":"product_cat","embeddable":true,"href":"https:\/\/stuudiomoobel.ee\/fi\/wp-json\/wp\/v2\/product_cat?post=12307"},{"taxonomy":"product_tag","embeddable":true,"href":"https:\/\/stuudiomoobel.ee\/fi\/wp-json\/wp\/v2\/product_tag?post=12307"}],"curies":[{"name":"wp","href":"https:\/\/api.w.org\/{rel}","templated":true}]}}