{"id":12302,"date":"2025-09-17T12:47:38","date_gmt":"2025-09-17T09:47:38","guid":{"rendered":"https:\/\/stuudiomoobel.ee\/pood\/Ei-luokiteltu\/ita-dpp-110-65-alakulmakaappi-110-ja-65cm\/"},"modified":"2025-09-17T12:47:38","modified_gmt":"2025-09-17T09:47:38","slug":"ita-dpp-110-65-alakulmakaappi-110-ja-65cm","status":"publish","type":"product","link":"https:\/\/stuudiomoobel.ee\/fi\/pood\/keittiot\/keittion-kaapistojen-valinta\/ita-valkoinen\/ita-dpp-110-65-alakulmakaappi-110-ja-65cm\/","title":{"rendered":"ITA DPP 110\/65 alakulmakaappi 110 ja 65cm"},"content":{"rendered":"<p>Yksiovinen kaappi on suunniteltu kulmakaapiksi.<\/p>\n<p>Kaappi vie yhdest\u00e4 sein\u00e4st\u00e4 110 cm ja toisesta sein\u00e4st\u00e4 65 cm.<\/p>\n<p>Runko: melamiini 16 mm, valkoinen.<\/p>\n<p>Mukana perusyksikk\u00f6, s\u00e4\u00e4dett\u00e4v\u00e4t jalat.<\/p>\n<p>Ty\u00f6p\u00f6yt\u00e4 ei sis\u00e4lly.<\/p>\n<p>Keitti\u00f6kaappi toimitetaan pakettina ja se vaatii kokoamisen.<\/p>\n","protected":false},"excerpt":{"rendered":"<p>Kulmakaappi keitti\u00f6\u00f6n.<\/p>\n<p>Leveys 90 cm \/ ty\u00f6tason kanssa 110 cm<\/p>\n<p>Korkeus 82 cm<\/p>\n<p>Syvyys 54\/61 cm.<\/p>\n","protected":false},"featured_media":12221,"comment_status":"closed","ping_status":"closed","template":"","meta":{"inline_featured_image":false},"product_cat":[349,346,344],"product_tag":[],"class_list":{"0":"post-12302","1":"product","2":"type-product","3":"status-publish","4":"has-post-thumbnail","6":"product_cat-ita-valkoinen","7":"product_cat-keittion-kaapistojen-valinta","8":"product_cat-keittiot","10":"first","11":"instock","12":"taxable","13":"shipping-taxable","14":"purchasable","15":"product-type-simple"},"_links":{"self":[{"href":"https:\/\/stuudiomoobel.ee\/fi\/wp-json\/wp\/v2\/product\/12302","targetHints":{"allow":["GET"]}}],"collection":[{"href":"https:\/\/stuudiomoobel.ee\/fi\/wp-json\/wp\/v2\/product"}],"about":[{"href":"https:\/\/stuudiomoobel.ee\/fi\/wp-json\/wp\/v2\/types\/product"}],"replies":[{"embeddable":true,"href":"https:\/\/stuudiomoobel.ee\/fi\/wp-json\/wp\/v2\/comments?post=12302"}],"wp:featuredmedia":[{"embeddable":true,"href":"https:\/\/stuudiomoobel.ee\/fi\/wp-json\/wp\/v2\/media\/12221"}],"wp:attachment":[{"href":"https:\/\/stuudiomoobel.ee\/fi\/wp-json\/wp\/v2\/media?parent=12302"}],"wp:term":[{"taxonomy":"product_cat","embeddable":true,"href":"https:\/\/stuudiomoobel.ee\/fi\/wp-json\/wp\/v2\/product_cat?post=12302"},{"taxonomy":"product_tag","embeddable":true,"href":"https:\/\/stuudiomoobel.ee\/fi\/wp-json\/wp\/v2\/product_tag?post=12302"}],"curies":[{"name":"wp","href":"https:\/\/api.w.org\/{rel}","templated":true}]}}