{"id":12300,"date":"2025-04-26T10:52:13","date_gmt":"2025-04-26T07:52:13","guid":{"rendered":"https:\/\/stuudiomoobel.ee\/pood\/Ei-luokiteltu\/asetettu-lan-26m-ja-korkeus-248m\/"},"modified":"2026-04-10T17:00:03","modified_gmt":"2026-04-10T14:00:03","slug":"asetettu-lan-26m-ja-korkeus-248m","status":"publish","type":"product","link":"https:\/\/stuudiomoobel.ee\/fi\/pood\/keittiot\/keittion-kaapistojen-valinta\/lan-tummanharmaa-beige-puun-savy\/asetettu-lan-26m-ja-korkeus-248m\/","title":{"rendered":"Asetettu LAN 2,6m ja korkeus 2,48m."},"content":{"rendered":"<p><strong>Alaosa:<\/strong><br \/>\n60cm integroitu j\u00e4\u00e4kaappikaappi (D60ZL, 315 eur, korkeus 2,12m),<br \/>\n40cm vetolaatikkoyksikk\u00f6 nelj\u00e4ll\u00e4 laatikolla (D40S4, 255 eur),<br \/>\n40cm kaappi (D40, 105 eur),<br \/>\n60cm integroitu uunikaappi (D60ZK, 125 eur),<br \/>\n60cm kaappikaappi (D60, 145 eur, jos haluat tiskialtaan, niin kaappi ilman takapaneelia ja hylly\u00e4 koodilla D60Z, 135 eur).<br \/>\nTy\u00f6taso 2m dab artisan 165 eur (nettisivulla v\u00e4rivalikoima).<br \/>\nKaappien korkeus 82cm (syvyys 47cm, paitsi integroidut tekniset kaapit), lis\u00e4ksi ty\u00f6taso 3,8cm (syvyys 60cm). Alakaappi 40 eur. <\/p>\n<p><strong>Yl\u00e4osa:<\/strong><br \/>\n(syvyys 58cm, korkeus 36cm, N60, 110 eur),<br \/>\n40cm kaappi harmaa 2 kpl (syvyys 45cm, korkeus 72cm, G40G, 120 eur x 2 kpl),<br \/>\n60cm kaappi harmaa 2 kpl (syvyys 45cm G60G, korkeus 72cm, 155 eur x 2 kpl),<br \/>\n80cm kaappi puun s\u00e4vyinen (syvyys 32cm, korkeus 36cm, G80K, 100 eur).<br \/>\n60cm kaappi puun s\u00e4vyinen (syvyys 32cm, korkeus 36cm, G60KN, 80 eur x 2 kpl).<br \/>\nHinta ei sis\u00e4ll\u00e4 tekniikkaa, sekoitinta ja lavuaaria.<\/p>\n","protected":false},"excerpt":{"rendered":"<p>Alaosa: 60cm integroitu j\u00e4\u00e4kaappikaappi (D60ZL, 315 eur, korkeus 2,12m), 40cm vetolaatikkoyksikk\u00f6 nelj\u00e4ll\u00e4 laatikolla (D40S4, 255 eur), 40cm kaappi (D40, 105 eur), 60cm integroitu uunikaappi (D60ZK, 125 eur), 60cm kaappikaappi (D60, 145 eur, jos haluat tiskialtaan, niin kaappi ilman takapaneelia ja hylly\u00e4 koodilla D60Z, 135 eur). Ty\u00f6taso 2m dab artisan 165 eur (nettisivulla v\u00e4rivalikoima). Kaappien korkeus&hellip;<\/p>\n","protected":false},"featured_media":12301,"comment_status":"closed","ping_status":"closed","template":"","meta":{"inline_featured_image":false},"product_cat":[356,350],"product_tag":[],"class_list":{"0":"post-12300","1":"product","2":"type-product","3":"status-publish","4":"has-post-thumbnail","6":"product_cat-keittiokalustesetit","7":"product_cat-lan-tummanharmaa-beige-puun-savy","9":"first","10":"instock","11":"taxable","12":"shipping-taxable","13":"purchasable","14":"product-type-simple"},"_links":{"self":[{"href":"https:\/\/stuudiomoobel.ee\/fi\/wp-json\/wp\/v2\/product\/12300","targetHints":{"allow":["GET"]}}],"collection":[{"href":"https:\/\/stuudiomoobel.ee\/fi\/wp-json\/wp\/v2\/product"}],"about":[{"href":"https:\/\/stuudiomoobel.ee\/fi\/wp-json\/wp\/v2\/types\/product"}],"replies":[{"embeddable":true,"href":"https:\/\/stuudiomoobel.ee\/fi\/wp-json\/wp\/v2\/comments?post=12300"}],"wp:featuredmedia":[{"embeddable":true,"href":"https:\/\/stuudiomoobel.ee\/fi\/wp-json\/wp\/v2\/media\/12301"}],"wp:attachment":[{"href":"https:\/\/stuudiomoobel.ee\/fi\/wp-json\/wp\/v2\/media?parent=12300"}],"wp:term":[{"taxonomy":"product_cat","embeddable":true,"href":"https:\/\/stuudiomoobel.ee\/fi\/wp-json\/wp\/v2\/product_cat?post=12300"},{"taxonomy":"product_tag","embeddable":true,"href":"https:\/\/stuudiomoobel.ee\/fi\/wp-json\/wp\/v2\/product_tag?post=12300"}],"curies":[{"name":"wp","href":"https:\/\/api.w.org\/{rel}","templated":true}]}}