{"id":12295,"date":"2025-04-23T08:57:06","date_gmt":"2025-04-23T05:57:06","guid":{"rendered":"https:\/\/stuudiomoobel.ee\/pood\/Ei-luokiteltu\/huonekalujen-ripustaminen-aanettomasti\/"},"modified":"2025-04-23T08:57:06","modified_gmt":"2025-04-23T05:57:06","slug":"huonekalujen-ripustaminen-aanettomasti","status":"publish","type":"product","link":"https:\/\/stuudiomoobel.ee\/fi\/pood\/keittiot\/huonekalut\/huonekalujen-ripustaminen-aanettomasti\/","title":{"rendered":"Huonekalujen ripustaminen \u00e4\u00e4nett\u00f6m\u00e4sti"},"content":{"rendered":"<p>Hiljaa p\u00e4\u00e4ttyv\u00e4 huonekalukauppa. Yl\u00e4osa irrotettavissa. <\/p>\n<p>Kiinnitys klipsill\u00e4.<\/p>\n<p>L\u00e4pimitta 35 mm<\/p>\n","protected":false},"excerpt":{"rendered":"<p>Hiljaa p\u00e4\u00e4ttyv\u00e4 huonekalukauppa. Yl\u00e4osa irrotettavissa. Kiinnitys klipsill\u00e4. L\u00e4pimitta 35 mm<\/p>\n","protected":false},"featured_media":12296,"comment_status":"closed","ping_status":"closed","template":"","meta":{"inline_featured_image":false},"product_cat":[345],"product_tag":[],"class_list":{"0":"post-12295","1":"product","2":"type-product","3":"status-publish","4":"has-post-thumbnail","6":"product_cat-huonekalut","8":"first","9":"instock","10":"taxable","11":"shipping-taxable","12":"purchasable","13":"product-type-simple"},"_links":{"self":[{"href":"https:\/\/stuudiomoobel.ee\/fi\/wp-json\/wp\/v2\/product\/12295","targetHints":{"allow":["GET"]}}],"collection":[{"href":"https:\/\/stuudiomoobel.ee\/fi\/wp-json\/wp\/v2\/product"}],"about":[{"href":"https:\/\/stuudiomoobel.ee\/fi\/wp-json\/wp\/v2\/types\/product"}],"replies":[{"embeddable":true,"href":"https:\/\/stuudiomoobel.ee\/fi\/wp-json\/wp\/v2\/comments?post=12295"}],"wp:featuredmedia":[{"embeddable":true,"href":"https:\/\/stuudiomoobel.ee\/fi\/wp-json\/wp\/v2\/media\/12296"}],"wp:attachment":[{"href":"https:\/\/stuudiomoobel.ee\/fi\/wp-json\/wp\/v2\/media?parent=12295"}],"wp:term":[{"taxonomy":"product_cat","embeddable":true,"href":"https:\/\/stuudiomoobel.ee\/fi\/wp-json\/wp\/v2\/product_cat?post=12295"},{"taxonomy":"product_tag","embeddable":true,"href":"https:\/\/stuudiomoobel.ee\/fi\/wp-json\/wp\/v2\/product_tag?post=12295"}],"curies":[{"name":"wp","href":"https:\/\/api.w.org\/{rel}","templated":true}]}}