{"id":12293,"date":"2025-09-03T14:45:11","date_gmt":"2025-09-03T11:45:11","guid":{"rendered":"https:\/\/stuudiomoobel.ee\/pood\/Ei-luokiteltu\/set-lan-tummanharmaa-315m\/"},"modified":"2025-09-03T14:45:11","modified_gmt":"2025-09-03T11:45:11","slug":"set-lan-tummanharmaa-315m","status":"publish","type":"product","link":"https:\/\/stuudiomoobel.ee\/fi\/pood\/keittiot\/keittion-kaapistojen-valinta\/lan-tummanharmaa-beige-puun-savy\/set-lan-tummanharmaa-315m\/","title":{"rendered":"Set LAN tummanharmaa 3,15m"},"content":{"rendered":"","protected":false},"excerpt":{"rendered":"<p>Alaosa 3,15 m: 30 cm:n kaappi, 60 cm:n integroitu uunikaappi, 45 cm:n integroitu astianpesukoneen ovi, 60 cm:n allaskaappi, 60 cm:n vetolaatikkokaappi kolmella laatikolla, 60 cm:n korkea integroitu j\u00e4\u00e4kaappikaappi. Kaapin korkeus 82cm, lis\u00e4ksi ty\u00f6taso 3,8cm. <\/p>\n<p>Yl\u00e4osa 3,15 m: 30 cm:n kaappi, 60 cm:n kaappi ilmanpuhdistinta varten, 45 cm:n kaappi, 60 cm:n kaappi, 60 cm:n kaappi ja 60 cm:n korkea j\u00e4\u00e4kaappikaappi. Kaappien korkeus on 72 cm, syvyys 32 cm.<\/p>\n<p>Kaapien j\u00e4rjestyst\u00e4 voidaan muuttaa.<\/p>\n<p>Hintaan ei sis\u00e4lly hana, sekoitin ja pesuallas, takasein\u00e4 eik\u00e4 LED-valaistus.<\/p>\n","protected":false},"featured_media":12294,"comment_status":"closed","ping_status":"closed","template":"","meta":{"inline_featured_image":false},"product_cat":[356,350],"product_tag":[],"class_list":{"0":"post-12293","1":"product","2":"type-product","3":"status-publish","4":"has-post-thumbnail","6":"product_cat-keittiokalustesetit","7":"product_cat-lan-tummanharmaa-beige-puun-savy","9":"first","10":"instock","11":"taxable","12":"shipping-taxable","13":"purchasable","14":"product-type-simple"},"_links":{"self":[{"href":"https:\/\/stuudiomoobel.ee\/fi\/wp-json\/wp\/v2\/product\/12293","targetHints":{"allow":["GET"]}}],"collection":[{"href":"https:\/\/stuudiomoobel.ee\/fi\/wp-json\/wp\/v2\/product"}],"about":[{"href":"https:\/\/stuudiomoobel.ee\/fi\/wp-json\/wp\/v2\/types\/product"}],"replies":[{"embeddable":true,"href":"https:\/\/stuudiomoobel.ee\/fi\/wp-json\/wp\/v2\/comments?post=12293"}],"wp:featuredmedia":[{"embeddable":true,"href":"https:\/\/stuudiomoobel.ee\/fi\/wp-json\/wp\/v2\/media\/12294"}],"wp:attachment":[{"href":"https:\/\/stuudiomoobel.ee\/fi\/wp-json\/wp\/v2\/media?parent=12293"}],"wp:term":[{"taxonomy":"product_cat","embeddable":true,"href":"https:\/\/stuudiomoobel.ee\/fi\/wp-json\/wp\/v2\/product_cat?post=12293"},{"taxonomy":"product_tag","embeddable":true,"href":"https:\/\/stuudiomoobel.ee\/fi\/wp-json\/wp\/v2\/product_tag?post=12293"}],"curies":[{"name":"wp","href":"https:\/\/api.w.org\/{rel}","templated":true}]}}