{"id":12275,"date":"2025-09-17T17:55:25","date_gmt":"2025-09-17T14:55:25","guid":{"rendered":"https:\/\/stuudiomoobel.ee\/pood\/Ei-luokiteltu\/ita-fz-6b-ovi-integroituun-astianpesukoneeseen-60cm\/"},"modified":"2025-09-17T17:55:25","modified_gmt":"2025-09-17T14:55:25","slug":"ita-fz-6b-ovi-integroituun-astianpesukoneeseen-60cm","status":"publish","type":"product","link":"https:\/\/stuudiomoobel.ee\/fi\/pood\/keittiot\/keittion-kaapistojen-valinta\/ita-valkoinen\/ita-fz-6b-ovi-integroituun-astianpesukoneeseen-60cm\/","title":{"rendered":"ITA FZ 6B ovi integroituun astianpesukoneeseen 60cm"},"content":{"rendered":"<p>Etulevyt: laminoitua MDF-levy\u00e4.<\/p>\n<p>Mustat metallikahvat.<\/p>\n<p>Keitti\u00f6kaappi toimitetaan t\u00e4ydellisen\u00e4 kokonaisuutena ja vaatii kokoamisen.<\/p>\n","protected":false},"excerpt":{"rendered":"<p>Integroitu astianpesukoneen ovi. <\/p>\n<p>Leveys 59,6 cm <\/p>\n<p>Korkeus 71,3 cm <\/p>\n<p>Syvyys 1,8 cm<\/p>\n","protected":false},"featured_media":12269,"comment_status":"closed","ping_status":"closed","template":"","meta":{"inline_featured_image":false},"product_cat":[349,346,344],"product_tag":[],"class_list":{"0":"post-12275","1":"product","2":"type-product","3":"status-publish","4":"has-post-thumbnail","6":"product_cat-ita-valkoinen","7":"product_cat-keittion-kaapistojen-valinta","8":"product_cat-keittiot","10":"first","11":"instock","12":"taxable","13":"shipping-taxable","14":"purchasable","15":"product-type-simple"},"_links":{"self":[{"href":"https:\/\/stuudiomoobel.ee\/fi\/wp-json\/wp\/v2\/product\/12275","targetHints":{"allow":["GET"]}}],"collection":[{"href":"https:\/\/stuudiomoobel.ee\/fi\/wp-json\/wp\/v2\/product"}],"about":[{"href":"https:\/\/stuudiomoobel.ee\/fi\/wp-json\/wp\/v2\/types\/product"}],"replies":[{"embeddable":true,"href":"https:\/\/stuudiomoobel.ee\/fi\/wp-json\/wp\/v2\/comments?post=12275"}],"wp:featuredmedia":[{"embeddable":true,"href":"https:\/\/stuudiomoobel.ee\/fi\/wp-json\/wp\/v2\/media\/12269"}],"wp:attachment":[{"href":"https:\/\/stuudiomoobel.ee\/fi\/wp-json\/wp\/v2\/media?parent=12275"}],"wp:term":[{"taxonomy":"product_cat","embeddable":true,"href":"https:\/\/stuudiomoobel.ee\/fi\/wp-json\/wp\/v2\/product_cat?post=12275"},{"taxonomy":"product_tag","embeddable":true,"href":"https:\/\/stuudiomoobel.ee\/fi\/wp-json\/wp\/v2\/product_tag?post=12275"}],"curies":[{"name":"wp","href":"https:\/\/api.w.org\/{rel}","templated":true}]}}