{"id":12268,"date":"2025-09-18T15:43:11","date_gmt":"2025-09-18T12:43:11","guid":{"rendered":"https:\/\/stuudiomoobel.ee\/pood\/Ei-luokiteltu\/ita-fz-45b-ovi-integroituun-astianpesukoneeseen-45cm\/"},"modified":"2025-09-18T15:43:11","modified_gmt":"2025-09-18T12:43:11","slug":"ita-fz-45b-ovi-integroituun-astianpesukoneeseen-45cm","status":"publish","type":"product","link":"https:\/\/stuudiomoobel.ee\/fi\/pood\/keittiot\/keittion-kaapistojen-valinta\/ita-valkoinen\/ita-fz-45b-ovi-integroituun-astianpesukoneeseen-45cm\/","title":{"rendered":"ITA FZ 45B ovi integroituun astianpesukoneeseen 45cm"},"content":{"rendered":"<p>Etulevyt: laminoitua MDF-levy\u00e4.<\/p>\n<p>Mustat metallikahvat.<\/p>\n<p>Keitti\u00f6kaappi toimitetaan t\u00e4ydellisen\u00e4 kokonaisuutena ja vaatii kokoamisen.<\/p>\n","protected":false},"excerpt":{"rendered":"<p>Ovi integroitua astianpesukonetta varten.<\/p>\n<p>Leveys 44,6 cm<\/p>\n<p>Korkeus 71,3 cm<\/p>\n<p>Syvyys 1,8 cm<\/p>\n","protected":false},"featured_media":12269,"comment_status":"closed","ping_status":"closed","template":"","meta":{"inline_featured_image":false},"product_cat":[349,346,344],"product_tag":[],"class_list":{"0":"post-12268","1":"product","2":"type-product","3":"status-publish","4":"has-post-thumbnail","6":"product_cat-ita-valkoinen","7":"product_cat-keittion-kaapistojen-valinta","8":"product_cat-keittiot","10":"first","11":"instock","12":"taxable","13":"shipping-taxable","14":"purchasable","15":"product-type-simple"},"_links":{"self":[{"href":"https:\/\/stuudiomoobel.ee\/fi\/wp-json\/wp\/v2\/product\/12268","targetHints":{"allow":["GET"]}}],"collection":[{"href":"https:\/\/stuudiomoobel.ee\/fi\/wp-json\/wp\/v2\/product"}],"about":[{"href":"https:\/\/stuudiomoobel.ee\/fi\/wp-json\/wp\/v2\/types\/product"}],"replies":[{"embeddable":true,"href":"https:\/\/stuudiomoobel.ee\/fi\/wp-json\/wp\/v2\/comments?post=12268"}],"wp:featuredmedia":[{"embeddable":true,"href":"https:\/\/stuudiomoobel.ee\/fi\/wp-json\/wp\/v2\/media\/12269"}],"wp:attachment":[{"href":"https:\/\/stuudiomoobel.ee\/fi\/wp-json\/wp\/v2\/media?parent=12268"}],"wp:term":[{"taxonomy":"product_cat","embeddable":true,"href":"https:\/\/stuudiomoobel.ee\/fi\/wp-json\/wp\/v2\/product_cat?post=12268"},{"taxonomy":"product_tag","embeddable":true,"href":"https:\/\/stuudiomoobel.ee\/fi\/wp-json\/wp\/v2\/product_tag?post=12268"}],"curies":[{"name":"wp","href":"https:\/\/api.w.org\/{rel}","templated":true}]}}