{"id":12219,"date":"2025-09-30T13:35:25","date_gmt":"2025-09-30T10:35:25","guid":{"rendered":"https:\/\/stuudiomoobel.ee\/pood\/Ei-luokiteltu\/ita-spd-kaappi-4-korkealla-hyllylla-40cm\/"},"modified":"2025-09-30T13:35:25","modified_gmt":"2025-09-30T10:35:25","slug":"ita-spd-kaappi-4-korkealla-hyllylla-40cm","status":"publish","type":"product","link":"https:\/\/stuudiomoobel.ee\/fi\/pood\/keittiot\/keittion-kaapistojen-valinta\/ita-valkoinen\/ita-spd-kaappi-4-korkealla-hyllylla-40cm\/","title":{"rendered":"ITA SPD-kaappi 4 korkealla hyllyll\u00e4 40cm"},"content":{"rendered":"<p>Korkeus 214 cm (sopii yl\u00e4kaappien kanssa, joiden korkeus on 72 cm)<\/p>\n<p>Korkeus 236 cm (sopii yl\u00e4kaappien kanssa, joiden korkeus on 94 cm)<\/p>\n<p>Syvyys 58 cm<\/p>\n<p>Runko: melamiinilevy 16 mm, valkoinen.<\/p>\n<p>Etulevyt: korkealaatuinen MDF-levy, jossa on pvc-pinnoite.<\/p>\n<p>Mukana tulee alahylly, s\u00e4\u00e4dett\u00e4v\u00e4t jalat<\/p>\n<p>Keitti\u00f6kaappi toimitetaan t\u00e4ydellisen\u00e4 kokonaisuutena ja se on koottava.<\/p>\n","protected":false},"excerpt":{"rendered":"<p>Korkea kaappi hyllyill\u00e4.<\/p>\n<p>Leveys 40 cm<\/p>\n<p>Korkeus 214 cm tai 236 cm<\/p>\n<p>Syvyys 58 cm<\/p>\n<p>Musta metallikahva, s\u00e4\u00e4dett\u00e4v\u00e4t kahvat.<\/p>\n","protected":false},"featured_media":12220,"comment_status":"closed","ping_status":"closed","template":"","meta":{"inline_featured_image":false},"product_cat":[349,346,344],"product_tag":[],"class_list":{"0":"post-12219","1":"product","2":"type-product","3":"status-publish","4":"has-post-thumbnail","6":"product_cat-ita-valkoinen","7":"product_cat-keittion-kaapistojen-valinta","8":"product_cat-keittiot","10":"first","11":"instock","12":"taxable","13":"shipping-taxable","14":"purchasable","15":"product-type-variable"},"_links":{"self":[{"href":"https:\/\/stuudiomoobel.ee\/fi\/wp-json\/wp\/v2\/product\/12219","targetHints":{"allow":["GET"]}}],"collection":[{"href":"https:\/\/stuudiomoobel.ee\/fi\/wp-json\/wp\/v2\/product"}],"about":[{"href":"https:\/\/stuudiomoobel.ee\/fi\/wp-json\/wp\/v2\/types\/product"}],"replies":[{"embeddable":true,"href":"https:\/\/stuudiomoobel.ee\/fi\/wp-json\/wp\/v2\/comments?post=12219"}],"wp:featuredmedia":[{"embeddable":true,"href":"https:\/\/stuudiomoobel.ee\/fi\/wp-json\/wp\/v2\/media\/12220"}],"wp:attachment":[{"href":"https:\/\/stuudiomoobel.ee\/fi\/wp-json\/wp\/v2\/media?parent=12219"}],"wp:term":[{"taxonomy":"product_cat","embeddable":true,"href":"https:\/\/stuudiomoobel.ee\/fi\/wp-json\/wp\/v2\/product_cat?post=12219"},{"taxonomy":"product_tag","embeddable":true,"href":"https:\/\/stuudiomoobel.ee\/fi\/wp-json\/wp\/v2\/product_tag?post=12219"}],"curies":[{"name":"wp","href":"https:\/\/api.w.org\/{rel}","templated":true}]}}