{"id":12217,"date":"2025-10-27T13:23:21","date_gmt":"2025-10-27T11:23:21","guid":{"rendered":"https:\/\/stuudiomoobel.ee\/pood\/Ei-luokiteltu\/aseta-lan-beige-3-m\/"},"modified":"2025-10-27T13:23:21","modified_gmt":"2025-10-27T11:23:21","slug":"aseta-lan-beige-3-m","status":"publish","type":"product","link":"https:\/\/stuudiomoobel.ee\/fi\/pood\/keittiot\/keittion-kaapistojen-valinta\/lan-tummanharmaa-beige-puun-savy\/aseta-lan-beige-3-m\/","title":{"rendered":"Aseta LAN beige 3 m"},"content":{"rendered":"","protected":false},"excerpt":{"rendered":"<p>Alempi osa 3 m: 60 cm integroitu j\u00e4\u00e4kaappikaappi, 60 cm integroitu uunikaappi, 60 cm integroitu astianpesukoneen ovi, 60 cm pesuallaskaappi, 60 cm laatikosto. Kaapin korkeus 82 cm, plus 3,8 cm ty\u00f6taso. <\/p>\n<p>Yl\u00e4osa 3 m: 60 cm:n j\u00e4\u00e4kaappikaappi, 60 cm:n kaappi ilmanpuhdistimelle, 60 cm:n kaappi yl\u00f6sp\u00e4in avautuvalla ovella ja mikroaaltouunilla, 60 cm:n kaappi, 60 cm:n kaappi. Kaappien korkeus on 72 cm, syvyys 32 cm.<\/p>\n<p>Liesi aukko voidaan leikata 60 cm:n uunikaapin ty\u00f6tasoon, ja yl\u00e4kaappiin voidaan asentaa my\u00f6s liesituuletin.<\/p>\n<p>Kaapien j\u00e4rjestyst\u00e4 voidaan muuttaa.<\/p>\n<p>Kaapin runko puunv\u00e4rinen. Kaapin ovet beige, saatavana my\u00f6s tummanharmaana. <\/p>\n<p>Ty\u00f6taso puunv\u00e4rinen, kuten kaapin runko.<\/p>\n<p>Ty\u00f6tason vaihtoehdot: https:\/\/stuudiomoobel.ee\/tootekategooria\/koogid\/koogitasapinnad\/<\/p>\n<p>Hinta ei sis\u00e4ll\u00e4 hanaa, sekoitinta eik\u00e4 pesuallasta.<\/p>\n","protected":false},"featured_media":12218,"comment_status":"closed","ping_status":"closed","template":"","meta":{"inline_featured_image":false},"product_cat":[356,350],"product_tag":[],"class_list":{"0":"post-12217","1":"product","2":"type-product","3":"status-publish","4":"has-post-thumbnail","6":"product_cat-keittiokalustesetit","7":"product_cat-lan-tummanharmaa-beige-puun-savy","9":"first","10":"instock","11":"taxable","12":"shipping-taxable","13":"purchasable","14":"product-type-simple"},"_links":{"self":[{"href":"https:\/\/stuudiomoobel.ee\/fi\/wp-json\/wp\/v2\/product\/12217","targetHints":{"allow":["GET"]}}],"collection":[{"href":"https:\/\/stuudiomoobel.ee\/fi\/wp-json\/wp\/v2\/product"}],"about":[{"href":"https:\/\/stuudiomoobel.ee\/fi\/wp-json\/wp\/v2\/types\/product"}],"replies":[{"embeddable":true,"href":"https:\/\/stuudiomoobel.ee\/fi\/wp-json\/wp\/v2\/comments?post=12217"}],"wp:featuredmedia":[{"embeddable":true,"href":"https:\/\/stuudiomoobel.ee\/fi\/wp-json\/wp\/v2\/media\/12218"}],"wp:attachment":[{"href":"https:\/\/stuudiomoobel.ee\/fi\/wp-json\/wp\/v2\/media?parent=12217"}],"wp:term":[{"taxonomy":"product_cat","embeddable":true,"href":"https:\/\/stuudiomoobel.ee\/fi\/wp-json\/wp\/v2\/product_cat?post=12217"},{"taxonomy":"product_tag","embeddable":true,"href":"https:\/\/stuudiomoobel.ee\/fi\/wp-json\/wp\/v2\/product_tag?post=12217"}],"curies":[{"name":"wp","href":"https:\/\/api.w.org\/{rel}","templated":true}]}}