{"id":12213,"date":"2025-10-27T13:40:03","date_gmt":"2025-10-27T11:40:03","guid":{"rendered":"https:\/\/stuudiomoobel.ee\/pood\/Ei-luokiteltu\/set-eli-tummanharmaa-255-m\/"},"modified":"2025-10-27T13:40:03","modified_gmt":"2025-10-27T11:40:03","slug":"set-eli-tummanharmaa-255-m","status":"publish","type":"product","link":"https:\/\/stuudiomoobel.ee\/fi\/pood\/keittiot\/keittion-kaapistojen-valinta\/eli-valkoinen-vaaleanharmaa-tummanharmaa-vaaleansininen-tummansininen\/set-eli-tummanharmaa-255-m\/","title":{"rendered":"Set ELI tummanharmaa 2,55 m"},"content":{"rendered":"","protected":false},"excerpt":{"rendered":"<p>Alempi osa 2,55 m: 60 cm:n kaappi, 40 cm:n laatikosto kolmella laatikolla, 45 cm:n integroitu astianpesukoneen luukku, 60 cm:n pesuallaskaappi, 50 cm:n kaappi. Jalkojen korkeus on 82 cm ja ty\u00f6tason paksuus 3,8 cm.<\/p>\n<p>Yl\u00e4osa 2,55 m: 60 cm:n kaappi yl\u00f6sp\u00e4in avautuvalla ovella ja mikroaaltouuni, 40 cm:n kaappi, 45 cm:n kaappi, 60 cm:n kaappi, 50 cm:n j\u00e4\u00e4kaappikaappi.<\/p>\n<p>Liesi aukko voidaan leikata esimerkiksi 60 cm:n ty\u00f6tasoon, ja yl\u00e4kaappiin voidaan asentaa my\u00f6s liesituuletin.<\/p>\n<p>Kaappien korkeus on 72 cm, syvyys 32 cm.<\/p>\n<p>Laatikot ja saranat sulkeutuvat hiljaisesti.<\/p>\n<p>V\u00e4rivaihtoehdot: valkoinen, vaaleanharmaa, tummanharmaa, vaaleansininen, tummansininen.<\/p>\n<p>Ty\u00f6tason vaihtoehdot: https:\/\/stuudiomoobel.ee\/tootekategooria\/koogid\/koogitasapinnad\/<\/p>\n<p>Kaapien j\u00e4rjestyst\u00e4 voidaan muuttaa.<\/p>\n<p>Hinta ei sis\u00e4ll\u00e4 hanaa, sekoitinta eik\u00e4 pesuallasta.<\/p>\n","protected":false},"featured_media":12214,"comment_status":"closed","ping_status":"closed","template":"","meta":{"inline_featured_image":false},"product_cat":[348,356],"product_tag":[],"class_list":{"0":"post-12213","1":"product","2":"type-product","3":"status-publish","4":"has-post-thumbnail","6":"product_cat-eli-valkoinen-vaaleanharmaa-tummanharmaa-vaaleansininen-tummansininen","7":"product_cat-keittiokalustesetit","9":"first","10":"instock","11":"taxable","12":"shipping-taxable","13":"purchasable","14":"product-type-simple"},"_links":{"self":[{"href":"https:\/\/stuudiomoobel.ee\/fi\/wp-json\/wp\/v2\/product\/12213","targetHints":{"allow":["GET"]}}],"collection":[{"href":"https:\/\/stuudiomoobel.ee\/fi\/wp-json\/wp\/v2\/product"}],"about":[{"href":"https:\/\/stuudiomoobel.ee\/fi\/wp-json\/wp\/v2\/types\/product"}],"replies":[{"embeddable":true,"href":"https:\/\/stuudiomoobel.ee\/fi\/wp-json\/wp\/v2\/comments?post=12213"}],"wp:featuredmedia":[{"embeddable":true,"href":"https:\/\/stuudiomoobel.ee\/fi\/wp-json\/wp\/v2\/media\/12214"}],"wp:attachment":[{"href":"https:\/\/stuudiomoobel.ee\/fi\/wp-json\/wp\/v2\/media?parent=12213"}],"wp:term":[{"taxonomy":"product_cat","embeddable":true,"href":"https:\/\/stuudiomoobel.ee\/fi\/wp-json\/wp\/v2\/product_cat?post=12213"},{"taxonomy":"product_tag","embeddable":true,"href":"https:\/\/stuudiomoobel.ee\/fi\/wp-json\/wp\/v2\/product_tag?post=12213"}],"curies":[{"name":"wp","href":"https:\/\/api.w.org\/{rel}","templated":true}]}}