{"id":12209,"date":"2025-10-27T13:59:39","date_gmt":"2025-10-27T11:59:39","guid":{"rendered":"https:\/\/stuudiomoobel.ee\/pood\/Ei-luokiteltu\/set-eli-valkoinen-vaaleanharmaa-3m-2\/"},"modified":"2025-10-27T13:59:39","modified_gmt":"2025-10-27T11:59:39","slug":"set-eli-valkoinen-vaaleanharmaa-3m-2","status":"publish","type":"product","link":"https:\/\/stuudiomoobel.ee\/fi\/pood\/keittiot\/keittion-kaapistojen-valinta\/eli-valkoinen-vaaleanharmaa-tummanharmaa-vaaleansininen-tummansininen\/set-eli-valkoinen-vaaleanharmaa-3m-2\/","title":{"rendered":"Set ELI valkoinen\/vaaleanharmaa 3m"},"content":{"rendered":"","protected":false},"excerpt":{"rendered":"<p>Alempi osa 3 m: 60 cm:n integroitu j\u00e4\u00e4kaappikaappi, 60 cm:n laatikosto, jossa kolme laatikkoa, 60 cm:n integroitu uunikaappi, 60 cm:n integroitu astianpesukoneen luukku, 60 cm:n pesuallaskaappi. Jalkojen korkeus on 82 cm ja ty\u00f6tason paksuus 3,8 cm. J\u00e4\u00e4kaapin korkeus on 236 cm.<\/p>\n<p>Yl\u00e4osa 3 m: 60 cm:n j\u00e4\u00e4kaappikaappi, 60 cm:n kaappi, 60 cm:n kaappi ilmanpuhdistimelle, 60 cm:n kaappi, 60 cm:n kaappi.<\/p>\n<p>Kaappien korkeus on 94 cm, syvyys 32 cm.<\/p>\n<p>Saatavana my\u00f6s korkeudella 214 cm.<\/p>\n<p>Laatikot ja saranat sulkeutuvat hiljaisesti.<\/p>\n<p>V\u00e4rivaihtoehdot: valkoinen, vaaleanharmaa, tummanharmaa, vaaleansininen, tummansininen.<\/p>\n<p>Ty\u00f6tason vaihtoehdot: https:\/\/stuudiomoobel.ee\/tootekategooria\/koogid\/koogitasapinnad\/<\/p>\n<p>Kaapien j\u00e4rjestyst\u00e4 voidaan muuttaa.<\/p>\n<p>Hintaan ei sis\u00e4lly kodinkoneita, sekoitushanaa ja pesuallasta, takasein\u00e4\u00e4 eik\u00e4 ruokap\u00f6yt\u00e4\u00e4.<\/p>\n","protected":false},"featured_media":12210,"comment_status":"closed","ping_status":"closed","template":"","meta":{"inline_featured_image":false},"product_cat":[348,356],"product_tag":[],"class_list":{"0":"post-12209","1":"product","2":"type-product","3":"status-publish","4":"has-post-thumbnail","6":"product_cat-eli-valkoinen-vaaleanharmaa-tummanharmaa-vaaleansininen-tummansininen","7":"product_cat-keittiokalustesetit","9":"first","10":"instock","11":"taxable","12":"shipping-taxable","13":"purchasable","14":"product-type-simple"},"_links":{"self":[{"href":"https:\/\/stuudiomoobel.ee\/fi\/wp-json\/wp\/v2\/product\/12209","targetHints":{"allow":["GET"]}}],"collection":[{"href":"https:\/\/stuudiomoobel.ee\/fi\/wp-json\/wp\/v2\/product"}],"about":[{"href":"https:\/\/stuudiomoobel.ee\/fi\/wp-json\/wp\/v2\/types\/product"}],"replies":[{"embeddable":true,"href":"https:\/\/stuudiomoobel.ee\/fi\/wp-json\/wp\/v2\/comments?post=12209"}],"wp:featuredmedia":[{"embeddable":true,"href":"https:\/\/stuudiomoobel.ee\/fi\/wp-json\/wp\/v2\/media\/12210"}],"wp:attachment":[{"href":"https:\/\/stuudiomoobel.ee\/fi\/wp-json\/wp\/v2\/media?parent=12209"}],"wp:term":[{"taxonomy":"product_cat","embeddable":true,"href":"https:\/\/stuudiomoobel.ee\/fi\/wp-json\/wp\/v2\/product_cat?post=12209"},{"taxonomy":"product_tag","embeddable":true,"href":"https:\/\/stuudiomoobel.ee\/fi\/wp-json\/wp\/v2\/product_tag?post=12209"}],"curies":[{"name":"wp","href":"https:\/\/api.w.org\/{rel}","templated":true}]}}