{"id":12207,"date":"2025-10-27T14:11:43","date_gmt":"2025-10-27T12:11:43","guid":{"rendered":"https:\/\/stuudiomoobel.ee\/pood\/Ei-luokiteltu\/aseta-ita-valkoinen-26-m\/"},"modified":"2025-10-27T14:11:43","modified_gmt":"2025-10-27T12:11:43","slug":"aseta-ita-valkoinen-26-m","status":"publish","type":"product","link":"https:\/\/stuudiomoobel.ee\/fi\/pood\/keittiot\/keittion-kaapistojen-valinta\/ita-valkoinen\/aseta-ita-valkoinen-26-m\/","title":{"rendered":"Aseta ITA valkoinen 2,6 m"},"content":{"rendered":"","protected":false},"excerpt":{"rendered":"<p>Alempi osa 2,6 m: 60 cm integroitu j\u00e4\u00e4kaappikaappi, 40 cm kaappi, 60 cm integroitu uunikaappi, 40 cm laatikosto, jossa kolme laatikkoa, 60 cm pesuallaskaappi. Jalkojen korkeus on 82 cm ja ty\u00f6tason paksuus 3,8 cm. J\u00e4\u00e4kaapin kaapin korkeus 236 cm.<\/p>\n<p>Yl\u00e4osa 2,6 m: 60 cm integroitu j\u00e4\u00e4kaappikaappi, 40 cm kaappi, 60 cm kaappi ilmanpuhdistimelle, 40 cm kaappi, 60 cm kaappi.<\/p>\n<p>Kaappien korkeus on 94 cm, syvyys 32 cm.<\/p>\n<p>Laatikot ja saranat sulkeutuvat hiljaisesti.<\/p>\n<p>V\u00e4rivaihtoehdot: valkoinen, vaaleanharmaa, tummanharmaa, vaaleansininen, tummansininen.<\/p>\n<p>Ty\u00f6tason vaihtoehdot: https:\/\/stuudiomoobel.ee\/tootekategooria\/koogid\/koogitasapinnad\/<\/p>\n<p>Kaapien j\u00e4rjestyst\u00e4 voidaan muuttaa.<\/p>\n<p>Hinta ei sis\u00e4ll\u00e4 hanaa, sekoitinta eik\u00e4 pesuallasta.<\/p>\n","protected":false},"featured_media":12208,"comment_status":"closed","ping_status":"closed","template":"","meta":{"inline_featured_image":false},"product_cat":[349,356],"product_tag":[],"class_list":{"0":"post-12207","1":"product","2":"type-product","3":"status-publish","4":"has-post-thumbnail","6":"product_cat-ita-valkoinen","7":"product_cat-keittiokalustesetit","9":"first","10":"instock","11":"taxable","12":"shipping-taxable","13":"purchasable","14":"product-type-simple"},"_links":{"self":[{"href":"https:\/\/stuudiomoobel.ee\/fi\/wp-json\/wp\/v2\/product\/12207","targetHints":{"allow":["GET"]}}],"collection":[{"href":"https:\/\/stuudiomoobel.ee\/fi\/wp-json\/wp\/v2\/product"}],"about":[{"href":"https:\/\/stuudiomoobel.ee\/fi\/wp-json\/wp\/v2\/types\/product"}],"replies":[{"embeddable":true,"href":"https:\/\/stuudiomoobel.ee\/fi\/wp-json\/wp\/v2\/comments?post=12207"}],"wp:featuredmedia":[{"embeddable":true,"href":"https:\/\/stuudiomoobel.ee\/fi\/wp-json\/wp\/v2\/media\/12208"}],"wp:attachment":[{"href":"https:\/\/stuudiomoobel.ee\/fi\/wp-json\/wp\/v2\/media?parent=12207"}],"wp:term":[{"taxonomy":"product_cat","embeddable":true,"href":"https:\/\/stuudiomoobel.ee\/fi\/wp-json\/wp\/v2\/product_cat?post=12207"},{"taxonomy":"product_tag","embeddable":true,"href":"https:\/\/stuudiomoobel.ee\/fi\/wp-json\/wp\/v2\/product_tag?post=12207"}],"curies":[{"name":"wp","href":"https:\/\/api.w.org\/{rel}","templated":true}]}}