{"id":12205,"date":"2025-10-27T14:11:56","date_gmt":"2025-10-27T12:11:56","guid":{"rendered":"https:\/\/stuudiomoobel.ee\/pood\/Ei-luokiteltu\/aseta-eli-valkoinen-11-m\/"},"modified":"2025-10-27T14:11:56","modified_gmt":"2025-10-27T12:11:56","slug":"aseta-eli-valkoinen-11-m","status":"publish","type":"product","link":"https:\/\/stuudiomoobel.ee\/fi\/pood\/keittiot\/keittion-kaapistojen-valinta\/eli-valkoinen-vaaleanharmaa-tummanharmaa-vaaleansininen-tummansininen\/aseta-eli-valkoinen-11-m\/","title":{"rendered":"Aseta ELI valkoinen 1,1 m"},"content":{"rendered":"","protected":false},"excerpt":{"rendered":"<p>Alempi osa 1,1 m: 50 cm:n pesuallaskaappi, 60 cm:n aukko ty\u00f6tason alla.<\/p>\n<p>Jalkojen korkeus on 82 cm ja ty\u00f6tason paksuus 3,8 cm.<\/p>\n<p>Yl\u00e4osa 1,1 m: 60 cm:n kaappi astiankuivaushyllyll\u00e4, 50 cm:n kaappi. Kaappien korkeus on 72 cm, syvyys 32 cm.<\/p>\n<p>V\u00e4rivaihtoehdot: valkoinen, vaaleanharmaa, tummanharmaa, vaaleansininen, tummansininen.<\/p>\n<p>Ty\u00f6tason vaihtoehdot: https:\/\/stuudiomoobel.ee\/tootekategooria\/koogid\/koogitasapinnad\/<\/p>\n<p>Kaapien j\u00e4rjestyst\u00e4 voidaan muuttaa.<\/p>\n<p>Hinta ei sis\u00e4ll\u00e4 hanaa, sekoitinta eik\u00e4 pesuallasta.<\/p>\n","protected":false},"featured_media":12206,"comment_status":"closed","ping_status":"closed","template":"","meta":{"inline_featured_image":false},"product_cat":[348,356],"product_tag":[],"class_list":{"0":"post-12205","1":"product","2":"type-product","3":"status-publish","4":"has-post-thumbnail","6":"product_cat-eli-valkoinen-vaaleanharmaa-tummanharmaa-vaaleansininen-tummansininen","7":"product_cat-keittiokalustesetit","9":"first","10":"instock","11":"taxable","12":"shipping-taxable","13":"purchasable","14":"product-type-simple"},"_links":{"self":[{"href":"https:\/\/stuudiomoobel.ee\/fi\/wp-json\/wp\/v2\/product\/12205","targetHints":{"allow":["GET"]}}],"collection":[{"href":"https:\/\/stuudiomoobel.ee\/fi\/wp-json\/wp\/v2\/product"}],"about":[{"href":"https:\/\/stuudiomoobel.ee\/fi\/wp-json\/wp\/v2\/types\/product"}],"replies":[{"embeddable":true,"href":"https:\/\/stuudiomoobel.ee\/fi\/wp-json\/wp\/v2\/comments?post=12205"}],"wp:featuredmedia":[{"embeddable":true,"href":"https:\/\/stuudiomoobel.ee\/fi\/wp-json\/wp\/v2\/media\/12206"}],"wp:attachment":[{"href":"https:\/\/stuudiomoobel.ee\/fi\/wp-json\/wp\/v2\/media?parent=12205"}],"wp:term":[{"taxonomy":"product_cat","embeddable":true,"href":"https:\/\/stuudiomoobel.ee\/fi\/wp-json\/wp\/v2\/product_cat?post=12205"},{"taxonomy":"product_tag","embeddable":true,"href":"https:\/\/stuudiomoobel.ee\/fi\/wp-json\/wp\/v2\/product_tag?post=12205"}],"curies":[{"name":"wp","href":"https:\/\/api.w.org\/{rel}","templated":true}]}}