{"id":12203,"date":"2025-10-27T14:15:43","date_gmt":"2025-10-27T12:15:43","guid":{"rendered":"https:\/\/stuudiomoobel.ee\/pood\/Ei-luokiteltu\/set-eli-valkoinen-tummansininen-3-m\/"},"modified":"2025-10-27T14:15:43","modified_gmt":"2025-10-27T12:15:43","slug":"set-eli-valkoinen-tummansininen-3-m","status":"publish","type":"product","link":"https:\/\/stuudiomoobel.ee\/fi\/pood\/keittiot\/keittion-kaapistojen-valinta\/eli-valkoinen-vaaleanharmaa-tummanharmaa-vaaleansininen-tummansininen\/set-eli-valkoinen-tummansininen-3-m\/","title":{"rendered":"Set ELI valkoinen\/tummansininen 3 m"},"content":{"rendered":"","protected":false},"excerpt":{"rendered":"<p>Alaosa 3m: 60 cm tiskiallaskaappi, 60 cm integroitu astianpesukoneen luukku, 60 cm laatikkolaatikko kolmella laatikolla, 40 cm kaappi, 20 cm avohylly, 60 cm integroitu uuni ja mikroaaltouunitorni. Jalkojen korkeus on 82 cm ja ty\u00f6tason paksuus 3,8 cm. Uunin ja mikroaaltouunin tornin korkeus on 214 cm.<\/p>\n<p>Yl\u00e4osa 3m: 60 cm kaappi astianpesukoneella, 60 cm kaappi kahdella yl\u00f6sp\u00e4in avautuvalla ovella, 60 cm kaappi liesituulettimelle, 40 cm kaappi, 20 cm avohylly, 60 cm integroitu uuni ja mikroaaltouunitorni.<\/p>\n<p>Liesi aukko voidaan leikata esimerkiksi 60 cm:n ty\u00f6tasoon laatikoston yl\u00e4puolelle, ja yl\u00e4kaappiin voidaan asentaa my\u00f6s liesituuletin.<\/p>\n<p>Kaappien korkeus on 72 cm, syvyys 32 cm.<\/p>\n<p>Laatikot ja saranat sulkeutuvat hiljaisesti.<\/p>\n<p>V\u00e4rivaihtoehdot: valkoinen, vaaleanharmaa, tummanharmaa, vaaleansininen, tummansininen.<\/p>\n<p>Ty\u00f6tason vaihtoehdot: https:\/\/stuudiomoobel.ee\/tootekategooria\/koogid\/koogitasapinnad\/<\/p>\n<p>Kaapien j\u00e4rjestyst\u00e4 voidaan muuttaa.<\/p>\n<p>Hintaan ei sis\u00e4lly kodinkoneita, sekoitushanaa, pesuallasta tai takasein\u00e4\u00e4.<\/p>\n","protected":false},"featured_media":12204,"comment_status":"closed","ping_status":"closed","template":"","meta":{"inline_featured_image":false},"product_cat":[348,356],"product_tag":[],"class_list":{"0":"post-12203","1":"product","2":"type-product","3":"status-publish","4":"has-post-thumbnail","6":"product_cat-eli-valkoinen-vaaleanharmaa-tummanharmaa-vaaleansininen-tummansininen","7":"product_cat-keittiokalustesetit","9":"first","10":"instock","11":"taxable","12":"shipping-taxable","13":"purchasable","14":"product-type-simple"},"_links":{"self":[{"href":"https:\/\/stuudiomoobel.ee\/fi\/wp-json\/wp\/v2\/product\/12203","targetHints":{"allow":["GET"]}}],"collection":[{"href":"https:\/\/stuudiomoobel.ee\/fi\/wp-json\/wp\/v2\/product"}],"about":[{"href":"https:\/\/stuudiomoobel.ee\/fi\/wp-json\/wp\/v2\/types\/product"}],"replies":[{"embeddable":true,"href":"https:\/\/stuudiomoobel.ee\/fi\/wp-json\/wp\/v2\/comments?post=12203"}],"wp:featuredmedia":[{"embeddable":true,"href":"https:\/\/stuudiomoobel.ee\/fi\/wp-json\/wp\/v2\/media\/12204"}],"wp:attachment":[{"href":"https:\/\/stuudiomoobel.ee\/fi\/wp-json\/wp\/v2\/media?parent=12203"}],"wp:term":[{"taxonomy":"product_cat","embeddable":true,"href":"https:\/\/stuudiomoobel.ee\/fi\/wp-json\/wp\/v2\/product_cat?post=12203"},{"taxonomy":"product_tag","embeddable":true,"href":"https:\/\/stuudiomoobel.ee\/fi\/wp-json\/wp\/v2\/product_tag?post=12203"}],"curies":[{"name":"wp","href":"https:\/\/api.w.org\/{rel}","templated":true}]}}