{"id":12197,"date":"2025-10-27T18:37:52","date_gmt":"2025-10-27T16:37:52","guid":{"rendered":"https:\/\/stuudiomoobel.ee\/pood\/Ei-luokiteltu\/lor-sarja-valkoinen-24-m-x-17-m\/"},"modified":"2025-10-27T18:37:52","modified_gmt":"2025-10-27T16:37:52","slug":"lor-sarja-valkoinen-24-m-x-17-m","status":"publish","type":"product","link":"https:\/\/stuudiomoobel.ee\/fi\/pood\/keittiot\/keittion-kaapistojen-valinta\/lor-valkoinen-harmaa-beige-oliivi\/lor-sarja-valkoinen-24-m-x-17-m\/","title":{"rendered":"LOR-sarja, valkoinen, 2,4 m x 1,7 m"},"content":{"rendered":"","protected":false},"excerpt":{"rendered":"<p>Alaosa 2,4 m: 40 cm kaappi, 60 cm integroitu uunikaappi, 15 cm tavarakaappi ulosvedett\u00e4v\u00e4ll\u00e4 metallihyllyll\u00e4, 60 cm allaskaappi, 65 cm suora kulmakaappi.<\/p>\n<p>Alaosa 1,7 m: 110 cm suora kulmakaappi, 60 cm kaappi yhdell\u00e4 laatikolla ja kaappiosio.<\/p>\n<p>Jalkojen korkeus on 82 cm ja ty\u00f6tason paksuus 3,8 cm.<\/p>\n<p>Yl\u00e4osa 2,4 m: 40 cm kaappi, 60 cm liesituuletinkaappi (korkeus 36 cm), 80 cm vitriinikaappi, 60 cm kulmakaappi lasiovella.<\/p>\n<p>Yl\u00e4osa 1,7 m: 60 cm lasiovella, 50 cm kaappi, 60 cm kaappi kahdella yl\u00f6sp\u00e4in avautuvalla ovella. Kaappien korkeus on 72 cm, syvyys 32 cm.<\/p>\n<p>V\u00e4rivaihtoehdot: valkoinen, harmaa ja beige.<\/p>\n<p>Ty\u00f6tason vaihtoehdot: https:\/\/stuudiomoobel.ee\/tootekategooria\/koogid\/koogitasapinnad\/<\/p>\n<p>Kaapien j\u00e4rjestyst\u00e4 voidaan muuttaa.<\/p>\n<p>Hinta ei sis\u00e4ll\u00e4 haarukoiden ja veitsien jakeluhylly\u00e4.<\/p>\n","protected":false},"featured_media":12198,"comment_status":"closed","ping_status":"closed","template":"","meta":{"inline_featured_image":false},"product_cat":[356,352],"product_tag":[],"class_list":{"0":"post-12197","1":"product","2":"type-product","3":"status-publish","4":"has-post-thumbnail","6":"product_cat-keittiokalustesetit","7":"product_cat-lor-valkoinen-harmaa-beige-oliivi","9":"first","10":"instock","11":"taxable","12":"shipping-taxable","13":"purchasable","14":"product-type-simple"},"_links":{"self":[{"href":"https:\/\/stuudiomoobel.ee\/fi\/wp-json\/wp\/v2\/product\/12197","targetHints":{"allow":["GET"]}}],"collection":[{"href":"https:\/\/stuudiomoobel.ee\/fi\/wp-json\/wp\/v2\/product"}],"about":[{"href":"https:\/\/stuudiomoobel.ee\/fi\/wp-json\/wp\/v2\/types\/product"}],"replies":[{"embeddable":true,"href":"https:\/\/stuudiomoobel.ee\/fi\/wp-json\/wp\/v2\/comments?post=12197"}],"wp:featuredmedia":[{"embeddable":true,"href":"https:\/\/stuudiomoobel.ee\/fi\/wp-json\/wp\/v2\/media\/12198"}],"wp:attachment":[{"href":"https:\/\/stuudiomoobel.ee\/fi\/wp-json\/wp\/v2\/media?parent=12197"}],"wp:term":[{"taxonomy":"product_cat","embeddable":true,"href":"https:\/\/stuudiomoobel.ee\/fi\/wp-json\/wp\/v2\/product_cat?post=12197"},{"taxonomy":"product_tag","embeddable":true,"href":"https:\/\/stuudiomoobel.ee\/fi\/wp-json\/wp\/v2\/product_tag?post=12197"}],"curies":[{"name":"wp","href":"https:\/\/api.w.org\/{rel}","templated":true}]}}