{"id":12189,"date":"2025-10-29T11:47:36","date_gmt":"2025-10-29T09:47:36","guid":{"rendered":"https:\/\/stuudiomoobel.ee\/pood\/Ei-luokiteltu\/keittiosarja-pro-2-m\/"},"modified":"2025-10-29T11:47:36","modified_gmt":"2025-10-29T09:47:36","slug":"keittiosarja-pro-2-m","status":"publish","type":"product","link":"https:\/\/stuudiomoobel.ee\/fi\/pood\/keittiot\/keittiokalustesetit\/keittiosarja-pro-2-m\/","title":{"rendered":"Keitti\u00f6sarja PRO 2 m"},"content":{"rendered":"","protected":false},"excerpt":{"rendered":"<p>Materiaali: MDF-ovet teksturoidulla melamiinipinnoitteella, runko melamiinilevyst\u00e4.<\/p>\n<p>S\u00e4\u00e4dett\u00e4v\u00e4t jalat ja pehme\u00e4sti sulkeutuvat saranat.<\/p>\n<p>Alempi osa 2 m: 20 cm avohylly, 60 cm pesuallaskaappi, 60 cm kolmen laatikon lipasto, 60 cm integroitu uunikaappi.<\/p>\n<p>Kaapistojen korkeus on 82 cm ilman ty\u00f6tasoa, syvyys 47 cm.<\/p>\n<p>Yl\u00e4osa 2 m: 20 cm avohylly, 60 cm kaappi, 60 cm lasikaappi, 60 cm kaappi ilmanpuhdistimelle.<\/p>\n<p>Kaappien korkeus on 72 cm, syvyys 32 cm.<\/p>\n<p>Ty\u00f6taso, paksuus 38 mm, syvyys 60 cm.<\/p>\n<p>Ty\u00f6tason vaihtoehdot: https:\/\/stuudiomoobel.ee\/tootekategooria\/koogid\/koogitasapinnad\/<\/p>\n<p>Kaapien j\u00e4rjestyst\u00e4 voidaan muuttaa.<\/p>\n<p>Hinta ei sis\u00e4ll\u00e4 hanaa, sekoitinta eik\u00e4 pesuallasta.<\/p>\n","protected":false},"featured_media":12190,"comment_status":"closed","ping_status":"closed","template":"","meta":{"inline_featured_image":false},"product_cat":[356,344,353],"product_tag":[],"class_list":{"0":"post-12189","1":"product","2":"type-product","3":"status-publish","4":"has-post-thumbnail","6":"product_cat-keittiokalustesetit","7":"product_cat-keittiot","8":"product_cat-pro-valkoinen-puukuvio","10":"first","11":"instock","12":"taxable","13":"shipping-taxable","14":"purchasable","15":"product-type-simple"},"_links":{"self":[{"href":"https:\/\/stuudiomoobel.ee\/fi\/wp-json\/wp\/v2\/product\/12189","targetHints":{"allow":["GET"]}}],"collection":[{"href":"https:\/\/stuudiomoobel.ee\/fi\/wp-json\/wp\/v2\/product"}],"about":[{"href":"https:\/\/stuudiomoobel.ee\/fi\/wp-json\/wp\/v2\/types\/product"}],"replies":[{"embeddable":true,"href":"https:\/\/stuudiomoobel.ee\/fi\/wp-json\/wp\/v2\/comments?post=12189"}],"wp:featuredmedia":[{"embeddable":true,"href":"https:\/\/stuudiomoobel.ee\/fi\/wp-json\/wp\/v2\/media\/12190"}],"wp:attachment":[{"href":"https:\/\/stuudiomoobel.ee\/fi\/wp-json\/wp\/v2\/media?parent=12189"}],"wp:term":[{"taxonomy":"product_cat","embeddable":true,"href":"https:\/\/stuudiomoobel.ee\/fi\/wp-json\/wp\/v2\/product_cat?post=12189"},{"taxonomy":"product_tag","embeddable":true,"href":"https:\/\/stuudiomoobel.ee\/fi\/wp-json\/wp\/v2\/product_tag?post=12189"}],"curies":[{"name":"wp","href":"https:\/\/api.w.org\/{rel}","templated":true}]}}