{"id":12185,"date":"2025-11-18T11:29:21","date_gmt":"2025-11-18T09:29:21","guid":{"rendered":"https:\/\/stuudiomoobel.ee\/pood\/Ei-luokiteltu\/korkea-sokkeli-valkoinen-2-m\/"},"modified":"2026-02-23T11:35:56","modified_gmt":"2026-02-23T09:35:56","slug":"korkea-sokkeli-valkoinen-2-m","status":"publish","type":"product","link":"https:\/\/stuudiomoobel.ee\/fi\/pood\/keittiot\/keittion-kaapistojen-valinta\/korkea-sokkeli-valkoinen-2-m\/","title":{"rendered":"Korkea sokkeli, valkoinen, 2 m"},"content":{"rendered":"<p>Keitti\u00f6kalusteiden sokkeli, valkoinen, 2 m, korkeus 14 cm.<\/p>\n<p>14 cm korkea sokkeli sopii k\u00e4ytett\u00e4v\u00e4ksi 15 cm korkeiden huonekalujalkojen kanssa. Kaapinjalat ovat tarpeen, jos haluat nostaa keitti\u00f6kalusteiden ja ty\u00f6tason korkeuden 90 cm:iin. T\u00e4t\u00e4 ratkaisua k\u00e4ytet\u00e4\u00e4n yleens\u00e4, kun ty\u00f6tason alle asennetaan erillinen pesukone, joka vaatii hieman korkeamman aukon asennusta varten.  <\/p>\n","protected":false},"excerpt":{"rendered":"<p>Keitti\u00f6kalusteiden sokkeli, valkoinen, 2 m, korkeus 14 cm. 14 cm korkea sokkeli sopii k\u00e4ytett\u00e4v\u00e4ksi 15 cm korkeiden huonekalujalkojen kanssa. Kaapinjalat ovat tarpeen, jos haluat nostaa keitti\u00f6kalusteiden ja ty\u00f6tason korkeuden 90 cm:iin. T\u00e4t\u00e4 ratkaisua k\u00e4ytet\u00e4\u00e4n yleens\u00e4, kun ty\u00f6tason alle asennetaan erillinen pesukone, joka vaatii hieman korkeamman aukon asennusta varten.<\/p>\n","protected":false},"featured_media":12186,"comment_status":"closed","ping_status":"closed","template":"","meta":{"inline_featured_image":false},"product_cat":[346,357],"product_tag":[],"class_list":{"0":"post-12185","1":"product","2":"type-product","3":"status-publish","4":"has-post-thumbnail","6":"product_cat-keittion-kaapistojen-valinta","7":"product_cat-tyotasot-valitilan-suojat-sokkelit","9":"first","10":"instock","11":"taxable","12":"shipping-taxable","13":"purchasable","14":"product-type-simple"},"_links":{"self":[{"href":"https:\/\/stuudiomoobel.ee\/fi\/wp-json\/wp\/v2\/product\/12185","targetHints":{"allow":["GET"]}}],"collection":[{"href":"https:\/\/stuudiomoobel.ee\/fi\/wp-json\/wp\/v2\/product"}],"about":[{"href":"https:\/\/stuudiomoobel.ee\/fi\/wp-json\/wp\/v2\/types\/product"}],"replies":[{"embeddable":true,"href":"https:\/\/stuudiomoobel.ee\/fi\/wp-json\/wp\/v2\/comments?post=12185"}],"wp:featuredmedia":[{"embeddable":true,"href":"https:\/\/stuudiomoobel.ee\/fi\/wp-json\/wp\/v2\/media\/12186"}],"wp:attachment":[{"href":"https:\/\/stuudiomoobel.ee\/fi\/wp-json\/wp\/v2\/media?parent=12185"}],"wp:term":[{"taxonomy":"product_cat","embeddable":true,"href":"https:\/\/stuudiomoobel.ee\/fi\/wp-json\/wp\/v2\/product_cat?post=12185"},{"taxonomy":"product_tag","embeddable":true,"href":"https:\/\/stuudiomoobel.ee\/fi\/wp-json\/wp\/v2\/product_tag?post=12185"}],"curies":[{"name":"wp","href":"https:\/\/api.w.org\/{rel}","templated":true}]}}