{"id":12183,"date":"2025-11-18T11:33:23","date_gmt":"2025-11-18T09:33:23","guid":{"rendered":"https:\/\/stuudiomoobel.ee\/pood\/Ei-luokiteltu\/korkeat-jalat-15-cm\/"},"modified":"2025-11-18T11:33:23","modified_gmt":"2025-11-18T09:33:23","slug":"korkeat-jalat-15-cm","status":"publish","type":"product","link":"https:\/\/stuudiomoobel.ee\/fi\/pood\/keittiot\/keittion-kaapistojen-valinta\/korkeat-jalat-15-cm\/","title":{"rendered":"Korkeat jalat 15 cm"},"content":{"rendered":"<p>15 cm korkeat kaapinjalat ovat tarpeen, jos haluat nostaa keitti\u00f6kalusteiden ja ty\u00f6tason korkeuden 90 cm:iin. N\u00e4in tehd\u00e4\u00e4n yleens\u00e4, kun ty\u00f6tason alle asennetaan erillinen pesukone, joka vaatii hieman korkeamman aukon asennusta varten. <\/p>\n<p>Huomaa, ett\u00e4 kukin alempi keitti\u00f6kaappi vaatii <strong>4 jalkaa<\/strong> ja <strong>kulmakaappi 5 jalkaa<\/strong> vakauden ja oikean asennuskorkeuden varmistamiseksi.<\/p>\n","protected":false},"excerpt":{"rendered":"<p>15 cm korkeat kaapinjalat ovat tarpeen, jos haluat nostaa keitti\u00f6kalusteiden ja ty\u00f6tason korkeuden 90 cm:iin. N\u00e4in tehd\u00e4\u00e4n yleens\u00e4, kun ty\u00f6tason alle asennetaan erillinen pesukone, joka vaatii hieman korkeamman aukon asennusta varten. Huomaa, ett\u00e4 kukin alempi keitti\u00f6kaappi vaatii 4 jalkaa ja kulmakaappi 5 jalkaa vakauden ja oikean asennuskorkeuden varmistamiseksi.<\/p>\n","protected":false},"featured_media":12184,"comment_status":"closed","ping_status":"closed","template":"","meta":{"inline_featured_image":false},"product_cat":[346,357],"product_tag":[],"class_list":{"0":"post-12183","1":"product","2":"type-product","3":"status-publish","4":"has-post-thumbnail","6":"product_cat-keittion-kaapistojen-valinta","7":"product_cat-tyotasot-valitilan-suojat-sokkelit","9":"first","10":"instock","11":"taxable","12":"shipping-taxable","13":"purchasable","14":"product-type-simple"},"_links":{"self":[{"href":"https:\/\/stuudiomoobel.ee\/fi\/wp-json\/wp\/v2\/product\/12183","targetHints":{"allow":["GET"]}}],"collection":[{"href":"https:\/\/stuudiomoobel.ee\/fi\/wp-json\/wp\/v2\/product"}],"about":[{"href":"https:\/\/stuudiomoobel.ee\/fi\/wp-json\/wp\/v2\/types\/product"}],"replies":[{"embeddable":true,"href":"https:\/\/stuudiomoobel.ee\/fi\/wp-json\/wp\/v2\/comments?post=12183"}],"wp:featuredmedia":[{"embeddable":true,"href":"https:\/\/stuudiomoobel.ee\/fi\/wp-json\/wp\/v2\/media\/12184"}],"wp:attachment":[{"href":"https:\/\/stuudiomoobel.ee\/fi\/wp-json\/wp\/v2\/media?parent=12183"}],"wp:term":[{"taxonomy":"product_cat","embeddable":true,"href":"https:\/\/stuudiomoobel.ee\/fi\/wp-json\/wp\/v2\/product_cat?post=12183"},{"taxonomy":"product_tag","embeddable":true,"href":"https:\/\/stuudiomoobel.ee\/fi\/wp-json\/wp\/v2\/product_tag?post=12183"}],"curies":[{"name":"wp","href":"https:\/\/api.w.org\/{rel}","templated":true}]}}