{"id":12182,"date":"2025-11-18T11:41:47","date_gmt":"2025-11-18T09:41:47","guid":{"rendered":"https:\/\/stuudiomoobel.ee\/pood\/Ei-luokiteltu\/lisavalkoinen-sivu\/"},"modified":"2025-11-18T11:41:47","modified_gmt":"2025-11-18T09:41:47","slug":"lisavalkoinen-sivu","status":"publish","type":"product","link":"https:\/\/stuudiomoobel.ee\/fi\/pood\/keittiot\/tyotasot-valitilan-suojat-sokkelit\/lisavalkoinen-sivu\/","title":{"rendered":"Lis\u00e4valkoinen sivu"},"content":{"rendered":"<p>Lis\u00e4puoli k\u00e4ytet\u00e4\u00e4n, jos keitti\u00f6 p\u00e4\u00e4ttyy avoimeen tilaan \u2013 esimerkiksi olohuoneeseen tai eteiseen \u2013 eik\u00e4 sit\u00e4 rajaa sein\u00e4 tai j\u00e4\u00e4kaappi. T\u00e4ll\u00f6in kaapistojen ja seinien v\u00e4lille j\u00e4\u00e4 n\u00e4kyv\u00e4 rako, joka voidaan peitt\u00e4\u00e4, jotta lopputulos on viimeistelty ja esteettinen. <\/p>\n<p>Ylim\u00e4\u00e4r\u00e4inen sivu on <strong>2 cm paksu<\/strong> ja kooltaan <strong>86 \u00d7 56 cm.<\/strong><\/p>\n","protected":false},"excerpt":{"rendered":"<p>Integroitu astianpesukoneen ovi. <\/p>\n<p>Leveys 59,6 cm <\/p>\n<p>Korkeus 71,3 cm <\/p>\n<p>Syvyys 1,8 cm<\/p>\n","protected":false},"featured_media":0,"comment_status":"closed","ping_status":"closed","template":"","meta":{"inline_featured_image":false},"product_cat":[347,348,349,346,344,352,353,354,357],"product_tag":[],"class_list":{"0":"post-12182","1":"product","2":"type-product","3":"status-publish","5":"product_cat-aspe-valkoinen-vaaleanharmaa","6":"product_cat-eli-valkoinen-vaaleanharmaa-tummanharmaa-vaaleansininen-tummansininen","7":"product_cat-ita-valkoinen","8":"product_cat-keittion-kaapistojen-valinta","9":"product_cat-keittiot","10":"product_cat-lor-valkoinen-harmaa-beige-oliivi","11":"product_cat-pro-valkoinen-puukuvio","12":"product_cat-roy-vaalea-puukuvio","13":"product_cat-tyotasot-valitilan-suojat-sokkelit","15":"first","16":"instock","17":"taxable","18":"shipping-taxable","19":"purchasable","20":"product-type-simple"},"_links":{"self":[{"href":"https:\/\/stuudiomoobel.ee\/fi\/wp-json\/wp\/v2\/product\/12182","targetHints":{"allow":["GET"]}}],"collection":[{"href":"https:\/\/stuudiomoobel.ee\/fi\/wp-json\/wp\/v2\/product"}],"about":[{"href":"https:\/\/stuudiomoobel.ee\/fi\/wp-json\/wp\/v2\/types\/product"}],"replies":[{"embeddable":true,"href":"https:\/\/stuudiomoobel.ee\/fi\/wp-json\/wp\/v2\/comments?post=12182"}],"wp:attachment":[{"href":"https:\/\/stuudiomoobel.ee\/fi\/wp-json\/wp\/v2\/media?parent=12182"}],"wp:term":[{"taxonomy":"product_cat","embeddable":true,"href":"https:\/\/stuudiomoobel.ee\/fi\/wp-json\/wp\/v2\/product_cat?post=12182"},{"taxonomy":"product_tag","embeddable":true,"href":"https:\/\/stuudiomoobel.ee\/fi\/wp-json\/wp\/v2\/product_tag?post=12182"}],"curies":[{"name":"wp","href":"https:\/\/api.w.org\/{rel}","templated":true}]}}