{"id":12177,"date":"2025-11-25T19:24:40","date_gmt":"2025-11-25T17:24:40","guid":{"rendered":"https:\/\/stuudiomoobel.ee\/pood\/Ei-luokiteltu\/integroitu-uuni-45cm-schlosser-oe552mtb\/"},"modified":"2025-11-25T19:24:40","modified_gmt":"2025-11-25T17:24:40","slug":"integroitu-uuni-45cm-schlosser-oe552mtb","status":"publish","type":"product","link":"https:\/\/stuudiomoobel.ee\/fi\/pood\/kodinkoneet\/integroitu-uuni-45cm-schlosser-oe552mtb\/","title":{"rendered":"Integroitu uuni 45cm Schlosser OE552MTB"},"content":{"rendered":"<table class=\"has-fixed-layout\">\n<tbody>\n<tr>\n<th>Tavaramerkki<\/th>\n<td>Candy<\/td>\n<\/tr>\n<tr>\n<th>Nettopaino (kg)<\/th>\n<td>36 kg<\/td>\n<\/tr>\n<tr>\n<th>Tyyppi<\/th>\n<td>T\u00e4ysin integroitu 45 cm<\/td>\n<\/tr>\n<tr>\n<th>Energialuokka<\/th>\n<td>E<\/td>\n<\/tr>\n<tr>\n<th>Pesuluokka<\/th>\n<td>A<\/td>\n<\/tr>\n<tr>\n<th>Kuivausluokka<\/th>\n<td>A<\/td>\n<\/tr>\n<tr>\n<th>Vedenkulutus ( l )<\/th>\n<td>9<\/td>\n<\/tr>\n<tr>\n<th>Kapasiteetti (astiapaketit)<\/th>\n<td>9<\/td>\n<\/tr>\n<tr>\n<th>Melutaso (dB)<\/th>\n<td>49<\/td>\n<\/tr>\n<tr>\n<th>Pesuohjelmien m\u00e4\u00e4r\u00e4<\/th>\n<td>7<\/td>\n<\/tr>\n<tr>\n<th>S\u00e4\u00e4dett\u00e4v\u00e4 istuintuki<\/th>\n<td>Osoitteessa<\/td>\n<\/tr>\n<tr>\n<th>3 koritasoa<\/th>\n<td>Ei ole<\/td>\n<\/tr>\n<tr>\n<th>Korkeus (mm)<\/th>\n<td>816<\/td>\n<\/tr>\n<tr>\n<th>Leveys (mm)<\/th>\n<td>448<\/td>\n<\/tr>\n<tr>\n<th>Syvyys (mm)<\/th>\n<td>555<\/td>\n<\/tr>\n<tr>\n<th>Sis\u00e4valaistus<\/th>\n<td>Ei ole<\/td>\n<\/tr>\n<\/tbody>\n<\/table>\n<p>Elektroniset painikkeet LED<\/p>\n<p>Viitek\u00e4ynnistys 1-24 h<\/p>\n<p>Suolan ja huuhteluaineen merkkivalo<\/p>\n<p>Syklin loppumisen ilmaisin<\/p>\n","protected":false},"excerpt":{"rendered":"<p>Tavaramerkki Candy Nettopaino (kg) 36 kg Tyyppi T\u00e4ysin integroitu 45 cm Energialuokka E Pesuluokka A Kuivausluokka A Vedenkulutus ( l ) 9 Kapasiteetti (astiapaketit) 9 Melutaso (dB) 49 Pesuohjelmien m\u00e4\u00e4r\u00e4 7 S\u00e4\u00e4dett\u00e4v\u00e4 istuintuki Osoitteessa 3 koritasoa Ei ole Korkeus (mm) 816 Leveys (mm) 448 Syvyys (mm) 555 Sis\u00e4valaistus Ei ole Elektroniset painikkeet LED Viitek\u00e4ynnistys 1-24&hellip;<\/p>\n","protected":false},"featured_media":12180,"comment_status":"closed","ping_status":"closed","template":"","meta":{"inline_featured_image":false},"product_cat":[360],"product_tag":[],"class_list":{"0":"post-12177","1":"product","2":"type-product","3":"status-publish","4":"has-post-thumbnail","6":"product_cat-kodinkoneet","8":"first","9":"instock","10":"taxable","11":"shipping-taxable","12":"purchasable","13":"product-type-simple"},"_links":{"self":[{"href":"https:\/\/stuudiomoobel.ee\/fi\/wp-json\/wp\/v2\/product\/12177","targetHints":{"allow":["GET"]}}],"collection":[{"href":"https:\/\/stuudiomoobel.ee\/fi\/wp-json\/wp\/v2\/product"}],"about":[{"href":"https:\/\/stuudiomoobel.ee\/fi\/wp-json\/wp\/v2\/types\/product"}],"replies":[{"embeddable":true,"href":"https:\/\/stuudiomoobel.ee\/fi\/wp-json\/wp\/v2\/comments?post=12177"}],"wp:featuredmedia":[{"embeddable":true,"href":"https:\/\/stuudiomoobel.ee\/fi\/wp-json\/wp\/v2\/media\/12180"}],"wp:attachment":[{"href":"https:\/\/stuudiomoobel.ee\/fi\/wp-json\/wp\/v2\/media?parent=12177"}],"wp:term":[{"taxonomy":"product_cat","embeddable":true,"href":"https:\/\/stuudiomoobel.ee\/fi\/wp-json\/wp\/v2\/product_cat?post=12177"},{"taxonomy":"product_tag","embeddable":true,"href":"https:\/\/stuudiomoobel.ee\/fi\/wp-json\/wp\/v2\/product_tag?post=12177"}],"curies":[{"name":"wp","href":"https:\/\/api.w.org\/{rel}","templated":true}]}}