{"id":12173,"date":"2025-11-25T19:32:52","date_gmt":"2025-11-25T17:32:52","guid":{"rendered":"https:\/\/stuudiomoobel.ee\/pood\/Ei-luokiteltu\/integroitu-induktioliesi-kahdella-keittoalueella-electrolux-lit30230c\/"},"modified":"2025-11-25T19:32:52","modified_gmt":"2025-11-25T17:32:52","slug":"integroitu-induktioliesi-kahdella-keittoalueella-electrolux-lit30230c","status":"publish","type":"product","link":"https:\/\/stuudiomoobel.ee\/fi\/pood\/kodinkoneet\/integroitu-induktioliesi-kahdella-keittoalueella-electrolux-lit30230c\/","title":{"rendered":"Integroitu induktioliesi kahdella keittoalueella Electrolux LIT30230C"},"content":{"rendered":"<h4>Nopein tapa maustamiseen<\/h4>\n<p>300 Induction Hob -induktioliesi l\u00e4mmitt\u00e4\u00e4 liesi nopeammin. Kaasua ei tarvitse sytytt\u00e4\u00e4 eik\u00e4 k\u00e4\u00e4mien l\u00e4mpenemist\u00e4 tarvitse odottaa. Keittoalueet saavuttavat nopeasti korkean l\u00e4mp\u00f6tilan ja vesi kiehuu nopeammin kuin koskaan ennen. Kun v\u00e4henn\u00e4t l\u00e4mp\u00f6\u00e4, liesi reagoi v\u00e4litt\u00f6m\u00e4sti, joten voit hallita sit\u00e4 t\u00e4ysin.   <\/p>\n<h4>Induktio \u2013 yksinkertainen, nopea ja turvallinen<\/h4>\n<p>Induktiotekniikka tarkoittaa, ett\u00e4 l\u00e4mp\u00f6 siirtyy nopeasti juuri oikeaan paikkaan, kun taas ymp\u00e4r\u00f6iv\u00e4 alue pysyy viile\u00e4n\u00e4 ja turvallisena. Se reagoi my\u00f6s v\u00e4litt\u00f6m\u00e4sti l\u00e4mp\u00f6tilan muutoksiin. Sile\u00e4 pinta helpottaa puhdistusta.  <\/p>\n<h4>Ohjaus yhdell\u00e4 kosketuksella<\/h4>\n<p>Induktiolieden kosketusherkill\u00e4 s\u00e4\u00e4timill\u00e4 sinun ei en\u00e4\u00e4 tarvitse arvailla l\u00e4mp\u00f6tilaa. Asetukset ovat k\u00e4ytett\u00e4viss\u00e4 kosketusherk\u00e4n lasipinnan kautta, ja l\u00e4mp\u00f6tilaa voi helposti nostaa tai laskea. Koska laitteessa ei ole ulkonevia nuppeja tai vipuja, my\u00f6s puhdistus on helppoa.  <\/p>\n<h4>Lukitse leivonta-asetukset<\/h4>\n<p>Lukitustoiminto est\u00e4\u00e4 asetusten tahattomat muutokset, jos kosketat vahingossa ohjauspaneelia \u2013 t\u00e4m\u00e4 on erityisen hy\u00f6dyllist\u00e4, jos kotona on lapsia. Sen ansiosta voit my\u00f6s puhdistaa keittotason k\u00e4tev\u00e4sti ruoanlaiton aikana. <\/p>\n","protected":false},"excerpt":{"rendered":"<table>\n<tbody>\n<tr>\n<th>Tavaramerkki<\/th>\n<td>Electrolux<\/td>\n<\/tr>\n<tr>\n<th>Nettopaino (kg)<\/th>\n<td>5,7 kg<\/td>\n<\/tr>\n<tr>\n<th>Hob2Hood<\/th>\n<td>ei ole<\/td>\n<\/tr>\n<tr>\n<th>Kilven tyyppi<\/th>\n<td>Induktio<\/td>\n<\/tr>\n<tr>\n<th>V\u00e4ri<\/th>\n<td>Musta<\/td>\n<\/tr>\n<tr>\n<th>Rungon v\u00e4ri<\/th>\n<td>Framita<\/td>\n<\/tr>\n<tr>\n<th>Keittoalueiden m\u00e4\u00e4r\u00e4<\/th>\n<td>2 kpl<\/td>\n<\/tr>\n<tr>\n<th>Hallinnointitapa<\/th>\n<td>Anturien valvonta<\/td>\n<\/tr>\n<tr>\n<th>Lapsilukko<\/th>\n<td>Haettu osoitteesta<\/td>\n<\/tr>\n<tr>\n<th>Ajastin<\/th>\n<td>On<\/td>\n<\/tr>\n<tr>\n<th>Korkeus (mm)<\/th>\n<td>44<\/td>\n<\/tr>\n<tr>\n<th>Leveys (mm)<\/th>\n<td>290<\/td>\n<\/tr>\n<tr>\n<th>Syvyys (mm)<\/th>\n<td>520<\/td>\n<\/tr>\n<\/tbody>\n<\/table>\n<p><strong>SLIM-FIT &#8211; ohuin sis\u00e4\u00e4nrakennettu keittotaso.<\/strong><br \/>\nKeittotason paksuus lasista yl\u00e4pintaan on vain 44 mm. Se voidaan asentaa keitti\u00f6kalusteisiin, sill\u00e4 asennuskorkeus on v\u00e4hint\u00e4\u00e4n 12 mm laatikoiden tasosta ja 28 mm uunin yl\u00e4reunasta. <\/p>\n","protected":false},"featured_media":12174,"comment_status":"closed","ping_status":"closed","template":"","meta":{"inline_featured_image":false},"product_cat":[360],"product_tag":[],"class_list":{"0":"post-12173","1":"product","2":"type-product","3":"status-publish","4":"has-post-thumbnail","6":"product_cat-kodinkoneet","8":"first","9":"instock","10":"taxable","11":"shipping-taxable","12":"purchasable","13":"product-type-simple"},"_links":{"self":[{"href":"https:\/\/stuudiomoobel.ee\/fi\/wp-json\/wp\/v2\/product\/12173","targetHints":{"allow":["GET"]}}],"collection":[{"href":"https:\/\/stuudiomoobel.ee\/fi\/wp-json\/wp\/v2\/product"}],"about":[{"href":"https:\/\/stuudiomoobel.ee\/fi\/wp-json\/wp\/v2\/types\/product"}],"replies":[{"embeddable":true,"href":"https:\/\/stuudiomoobel.ee\/fi\/wp-json\/wp\/v2\/comments?post=12173"}],"wp:featuredmedia":[{"embeddable":true,"href":"https:\/\/stuudiomoobel.ee\/fi\/wp-json\/wp\/v2\/media\/12174"}],"wp:attachment":[{"href":"https:\/\/stuudiomoobel.ee\/fi\/wp-json\/wp\/v2\/media?parent=12173"}],"wp:term":[{"taxonomy":"product_cat","embeddable":true,"href":"https:\/\/stuudiomoobel.ee\/fi\/wp-json\/wp\/v2\/product_cat?post=12173"},{"taxonomy":"product_tag","embeddable":true,"href":"https:\/\/stuudiomoobel.ee\/fi\/wp-json\/wp\/v2\/product_tag?post=12173"}],"curies":[{"name":"wp","href":"https:\/\/api.w.org\/{rel}","templated":true}]}}