{"id":12170,"date":"2025-12-12T09:26:41","date_gmt":"2025-12-12T07:26:41","guid":{"rendered":"https:\/\/stuudiomoobel.ee\/pood\/Ei-luokiteltu\/integroitu-mikro-electrolux-lms4253tmk\/"},"modified":"2025-12-12T09:26:41","modified_gmt":"2025-12-12T07:26:41","slug":"integroitu-mikro-electrolux-lms4253tmk","status":"publish","type":"product","link":"https:\/\/stuudiomoobel.ee\/fi\/pood\/kodinkoneet\/integroitu-mikro-electrolux-lms4253tmk\/","title":{"rendered":"Integroitu mikro Electrolux LMS4253TMK"},"content":{"rendered":"<table>\n<tbody>\n<tr>\n<th>Tavaramerkki<\/th>\n<td>Electrolux<\/td>\n<\/tr>\n<tr>\n<th>V\u00e4ri<\/th>\n<td>Musta<\/td>\n<\/tr>\n<tr>\n<th>Hallinnointitapa<\/th>\n<td>Anturien valvonta<\/td>\n<\/tr>\n<tr>\n<th>Oven napaisuus<\/th>\n<td>Vasen puoli<\/td>\n<\/tr>\n<tr>\n<th>Grilli<\/th>\n<td>Osoitteessa<\/td>\n<\/tr>\n<tr>\n<th>Teho<\/th>\n<td>900 W<\/td>\n<\/tr>\n<tr>\n<th>Grillin teho<\/th>\n<td>1000 W<\/td>\n<\/tr>\n<tr>\n<th>Kapasiteetti ( l )<\/th>\n<td>25<\/td>\n<\/tr>\n<tr>\n<th>Displei<\/th>\n<td>On<\/td>\n<\/tr>\n<tr>\n<th>Paino, kg<\/th>\n<td>18<\/td>\n<\/tr>\n<tr>\n<th>Korkeus (mm)<\/th>\n<td>388<\/td>\n<\/tr>\n<tr>\n<th>Leveys (mm)<\/th>\n<td>595<\/td>\n<\/tr>\n<tr>\n<th>Syvyys (mm)<\/th>\n<td>377<\/td>\n<\/tr>\n<\/tbody>\n<\/table>\n<p>Integroitu mikroaaltouuni<\/p>\n<p>Oven avaaminen: painike<\/p>\n<p>Automaattiohjelmat: grilli, mikroaaltouuni, mikroaaltouuni ja grilli<\/p>\n<p>Mikroaaltoteho: 900 W, 8 tasoa<\/p>\n<p>Automaattinen sulatus painon mukaan<\/p>\n<p>Loppusignaali<\/p>\n<p>Automaattiset leivontaohjelmat, jotka s\u00e4\u00e4tyv\u00e4t painon mukaan<\/p>\n<p>LED-n\u00e4ytt\u00f6<\/p>\n<p>Sis\u00e4valaistus<\/p>\n<p>Levysoittimen halkaisija ja materiaali: 277 mm, lasi<\/p>\n<p>Sopii uunilla ja mikroaaltouunilla varustettuihin huonekalukaappeihimme, joiden koodit ovat SPM 6 ja D60PM.<\/p>\n","protected":false},"excerpt":{"rendered":"<p>Tavaramerkki Electrolux V\u00e4ri Musta Hallinnointitapa Anturien valvonta Oven napaisuus Vasen puoli Grilli Osoitteessa Teho 900 W Grillin teho 1000 W Kapasiteetti ( l ) 25 Displei On Paino, kg 18 Korkeus (mm) 388 Leveys (mm) 595 Syvyys (mm) 377 Integroitu mikroaaltouuni Oven avaaminen: painike Automaattiohjelmat: grilli, mikroaaltouuni, mikroaaltouuni ja grilli Mikroaaltoteho: 900 W, 8 tasoa&hellip;<\/p>\n","protected":false},"featured_media":12171,"comment_status":"closed","ping_status":"closed","template":"","meta":{"inline_featured_image":false},"product_cat":[360],"product_tag":[],"class_list":{"0":"post-12170","1":"product","2":"type-product","3":"status-publish","4":"has-post-thumbnail","6":"product_cat-kodinkoneet","8":"first","9":"instock","10":"taxable","11":"shipping-taxable","12":"purchasable","13":"product-type-simple"},"_links":{"self":[{"href":"https:\/\/stuudiomoobel.ee\/fi\/wp-json\/wp\/v2\/product\/12170","targetHints":{"allow":["GET"]}}],"collection":[{"href":"https:\/\/stuudiomoobel.ee\/fi\/wp-json\/wp\/v2\/product"}],"about":[{"href":"https:\/\/stuudiomoobel.ee\/fi\/wp-json\/wp\/v2\/types\/product"}],"replies":[{"embeddable":true,"href":"https:\/\/stuudiomoobel.ee\/fi\/wp-json\/wp\/v2\/comments?post=12170"}],"wp:featuredmedia":[{"embeddable":true,"href":"https:\/\/stuudiomoobel.ee\/fi\/wp-json\/wp\/v2\/media\/12171"}],"wp:attachment":[{"href":"https:\/\/stuudiomoobel.ee\/fi\/wp-json\/wp\/v2\/media?parent=12170"}],"wp:term":[{"taxonomy":"product_cat","embeddable":true,"href":"https:\/\/stuudiomoobel.ee\/fi\/wp-json\/wp\/v2\/product_cat?post=12170"},{"taxonomy":"product_tag","embeddable":true,"href":"https:\/\/stuudiomoobel.ee\/fi\/wp-json\/wp\/v2\/product_tag?post=12170"}],"curies":[{"name":"wp","href":"https:\/\/api.w.org\/{rel}","templated":true}]}}