{"id":12168,"date":"2026-01-06T15:12:45","date_gmt":"2026-01-06T13:12:45","guid":{"rendered":"https:\/\/stuudiomoobel.ee\/pood\/Ei-luokiteltu\/aspe-valkoinen-2-m\/"},"modified":"2026-01-06T15:12:45","modified_gmt":"2026-01-06T13:12:45","slug":"aspe-valkoinen-2-m","status":"publish","type":"product","link":"https:\/\/stuudiomoobel.ee\/fi\/pood\/keittiot\/keittion-kaapistojen-valinta\/aspe-valkoinen-vaaleanharmaa\/aspe-valkoinen-2-m\/","title":{"rendered":"ASPE valkoinen 2 m"},"content":{"rendered":"","protected":false},"excerpt":{"rendered":"<p>Alaosa 2m: 80 cm kaappi kahdella ovella, 60 cm laatikosto kolmella laatikolla, 60 cm kaappi kahdella ovella. Kaapin korkeus 82 cm, plus ty\u00f6taso 3,8 cm. <\/p>\n<p>Yl\u00e4osa: 80 cm kaappi kahdella ovella, 60 cm kaappi kahdella ovella, 60 cm kaappi yl\u00e4ovella (2 kpl). Kaapin korkeus 72 cm, syvyys 32 cm. <\/p>\n<p>Ty\u00f6taso 2 m, paksuus 38 mm, syvyys 60 cm.<\/p>\n<p>Kaapien j\u00e4rjestyst\u00e4 voidaan muuttaa.<\/p>\n<p>Hintaan ei sis\u00e4lly kodinkoneita, sekoitushanaa, pesuallasta tai takasein\u00e4\u00e4.<\/p>\n","protected":false},"featured_media":12169,"comment_status":"closed","ping_status":"closed","template":"","meta":{"inline_featured_image":false},"product_cat":[347,356],"product_tag":[],"class_list":{"0":"post-12168","1":"product","2":"type-product","3":"status-publish","4":"has-post-thumbnail","6":"product_cat-aspe-valkoinen-vaaleanharmaa","7":"product_cat-keittiokalustesetit","9":"first","10":"instock","11":"taxable","12":"shipping-taxable","13":"purchasable","14":"product-type-simple"},"_links":{"self":[{"href":"https:\/\/stuudiomoobel.ee\/fi\/wp-json\/wp\/v2\/product\/12168","targetHints":{"allow":["GET"]}}],"collection":[{"href":"https:\/\/stuudiomoobel.ee\/fi\/wp-json\/wp\/v2\/product"}],"about":[{"href":"https:\/\/stuudiomoobel.ee\/fi\/wp-json\/wp\/v2\/types\/product"}],"replies":[{"embeddable":true,"href":"https:\/\/stuudiomoobel.ee\/fi\/wp-json\/wp\/v2\/comments?post=12168"}],"wp:featuredmedia":[{"embeddable":true,"href":"https:\/\/stuudiomoobel.ee\/fi\/wp-json\/wp\/v2\/media\/12169"}],"wp:attachment":[{"href":"https:\/\/stuudiomoobel.ee\/fi\/wp-json\/wp\/v2\/media?parent=12168"}],"wp:term":[{"taxonomy":"product_cat","embeddable":true,"href":"https:\/\/stuudiomoobel.ee\/fi\/wp-json\/wp\/v2\/product_cat?post=12168"},{"taxonomy":"product_tag","embeddable":true,"href":"https:\/\/stuudiomoobel.ee\/fi\/wp-json\/wp\/v2\/product_tag?post=12168"}],"curies":[{"name":"wp","href":"https:\/\/api.w.org\/{rel}","templated":true}]}}