{"id":12166,"date":"2026-01-06T15:50:13","date_gmt":"2026-01-06T13:50:13","guid":{"rendered":"https:\/\/stuudiomoobel.ee\/pood\/Ei-luokiteltu\/aspe-valkoinen-3-m\/"},"modified":"2026-02-23T11:01:11","modified_gmt":"2026-02-23T09:01:11","slug":"aspe-valkoinen-3-m","status":"publish","type":"product","link":"https:\/\/stuudiomoobel.ee\/fi\/pood\/keittiot\/keittion-kaapistojen-valinta\/aspe-valkoinen-vaaleanharmaa\/aspe-valkoinen-3-m\/","title":{"rendered":"ASPE valkoinen 3 m"},"content":{"rendered":"","protected":false},"excerpt":{"rendered":"<p>Alaosa 2m: 80 cm kaappi kahdella ovella, 60 cm laatikosto kolmella laatikolla, 80 cm kaappi kahdella ovella, 80 cm allaskaappi kahdella ovella. Kaapin korkeus 82 cm, plus 3,8 cm ty\u00f6taso. <\/p>\n<p>Yl\u00e4osa: 80 cm kaappi kahdella ovella, 60 cm kaappi saranaovella (sopii liesituulettimelle), 80 cm kaappi kahdella ovella, 80 cm kaappi kahdella ovella. Kaapin korkeus 72 cm, syvyys 32 cm. <\/p>\n<p>Ty\u00f6taso 3 m, paksuus 38 mm, syvyys 60 cm.<\/p>\n<p>Kaapien j\u00e4rjestyst\u00e4 voidaan muuttaa.<\/p>\n<p>Hintaan ei sis\u00e4lly kodinkoneita, sekoitushanaa, pesuallasta tai takasein\u00e4\u00e4.<\/p>\n","protected":false},"featured_media":12167,"comment_status":"closed","ping_status":"closed","template":"","meta":{"inline_featured_image":false},"product_cat":[347,356],"product_tag":[],"class_list":{"0":"post-12166","1":"product","2":"type-product","3":"status-publish","4":"has-post-thumbnail","6":"product_cat-aspe-valkoinen-vaaleanharmaa","7":"product_cat-keittiokalustesetit","9":"first","10":"instock","11":"taxable","12":"shipping-taxable","13":"purchasable","14":"product-type-simple"},"_links":{"self":[{"href":"https:\/\/stuudiomoobel.ee\/fi\/wp-json\/wp\/v2\/product\/12166","targetHints":{"allow":["GET"]}}],"collection":[{"href":"https:\/\/stuudiomoobel.ee\/fi\/wp-json\/wp\/v2\/product"}],"about":[{"href":"https:\/\/stuudiomoobel.ee\/fi\/wp-json\/wp\/v2\/types\/product"}],"replies":[{"embeddable":true,"href":"https:\/\/stuudiomoobel.ee\/fi\/wp-json\/wp\/v2\/comments?post=12166"}],"wp:featuredmedia":[{"embeddable":true,"href":"https:\/\/stuudiomoobel.ee\/fi\/wp-json\/wp\/v2\/media\/12167"}],"wp:attachment":[{"href":"https:\/\/stuudiomoobel.ee\/fi\/wp-json\/wp\/v2\/media?parent=12166"}],"wp:term":[{"taxonomy":"product_cat","embeddable":true,"href":"https:\/\/stuudiomoobel.ee\/fi\/wp-json\/wp\/v2\/product_cat?post=12166"},{"taxonomy":"product_tag","embeddable":true,"href":"https:\/\/stuudiomoobel.ee\/fi\/wp-json\/wp\/v2\/product_tag?post=12166"}],"curies":[{"name":"wp","href":"https:\/\/api.w.org\/{rel}","templated":true}]}}