{"id":12164,"date":"2026-01-07T09:05:01","date_gmt":"2026-01-07T07:05:01","guid":{"rendered":"https:\/\/stuudiomoobel.ee\/pood\/Ei-luokiteltu\/set-eli-valkoinen-vaaleanharmaa-3m\/"},"modified":"2026-02-23T11:01:44","modified_gmt":"2026-02-23T09:01:44","slug":"set-eli-valkoinen-vaaleanharmaa-3m","status":"publish","type":"product","link":"https:\/\/stuudiomoobel.ee\/fi\/pood\/keittiot\/keittion-kaapistojen-valinta\/eli-valkoinen-vaaleanharmaa-tummanharmaa-vaaleansininen-tummansininen\/set-eli-valkoinen-vaaleanharmaa-3m\/","title":{"rendered":"Set ELI valkoinen\/vaaleanharmaa 3m"},"content":{"rendered":"","protected":false},"excerpt":{"rendered":"<p>Alempi osa 3 m: 60 cm integroitu j\u00e4\u00e4kaappikaappi, 60 cm laatikosto, jossa kolme laatikkoa, 60 cm integroitu uunikaappi, 60 cm pesuallaskaappi laatikoilla, 60 cm integroitu astianpesukoneen ovi. Kaapin korkeus jaloilla 82 cm, ty\u00f6taso 3,8 cm. J\u00e4\u00e4kaapin kaapin korkeus 236 cm.  <\/p>\n<p>Yl\u00e4osa 3m: 60 cm j\u00e4\u00e4kaappikaappi, 60 cm kaappi yhdell\u00e4 ovella, 60 cm kaappi kahdella ovella (sopii ilmanpuhdistimelle), 60 cm kaappi kahdella ovella, 60 cm kaappi kahdella ovella.<\/p>\n<p>Kaappien korkeus on 94 cm, syvyys 32 cm.<\/p>\n<p>Saatavana my\u00f6s korkeudella 214 cm.<\/p>\n<p>Laatikot ja saranat sulkeutuvat hiljaisesti.<\/p>\n<p>V\u00e4rivaihtoehdot: valkoinen, vaaleanharmaa, tummanharmaa, vaaleansininen, tummansininen.<\/p>\n<p>Ty\u00f6tason vaihtoehdot: https:\/\/stuudiomoobel.ee\/tootekategooria\/koogid\/koogitasapinnad\/<\/p>\n<p>Kaapien j\u00e4rjestyst\u00e4 voidaan muuttaa.<\/p>\n<p>Hintaan ei sis\u00e4lly kodinkoneita, sekoitushanaa ja pesuallasta, takasein\u00e4\u00e4 eik\u00e4 ruokap\u00f6yt\u00e4\u00e4.<\/p>\n","protected":false},"featured_media":12165,"comment_status":"closed","ping_status":"closed","template":"","meta":{"inline_featured_image":false},"product_cat":[348,356],"product_tag":[],"class_list":{"0":"post-12164","1":"product","2":"type-product","3":"status-publish","4":"has-post-thumbnail","6":"product_cat-eli-valkoinen-vaaleanharmaa-tummanharmaa-vaaleansininen-tummansininen","7":"product_cat-keittiokalustesetit","9":"first","10":"instock","11":"taxable","12":"shipping-taxable","13":"purchasable","14":"product-type-simple"},"_links":{"self":[{"href":"https:\/\/stuudiomoobel.ee\/fi\/wp-json\/wp\/v2\/product\/12164","targetHints":{"allow":["GET"]}}],"collection":[{"href":"https:\/\/stuudiomoobel.ee\/fi\/wp-json\/wp\/v2\/product"}],"about":[{"href":"https:\/\/stuudiomoobel.ee\/fi\/wp-json\/wp\/v2\/types\/product"}],"replies":[{"embeddable":true,"href":"https:\/\/stuudiomoobel.ee\/fi\/wp-json\/wp\/v2\/comments?post=12164"}],"wp:featuredmedia":[{"embeddable":true,"href":"https:\/\/stuudiomoobel.ee\/fi\/wp-json\/wp\/v2\/media\/12165"}],"wp:attachment":[{"href":"https:\/\/stuudiomoobel.ee\/fi\/wp-json\/wp\/v2\/media?parent=12164"}],"wp:term":[{"taxonomy":"product_cat","embeddable":true,"href":"https:\/\/stuudiomoobel.ee\/fi\/wp-json\/wp\/v2\/product_cat?post=12164"},{"taxonomy":"product_tag","embeddable":true,"href":"https:\/\/stuudiomoobel.ee\/fi\/wp-json\/wp\/v2\/product_tag?post=12164"}],"curies":[{"name":"wp","href":"https:\/\/api.w.org\/{rel}","templated":true}]}}