{"id":12152,"date":"2026-02-06T15:56:23","date_gmt":"2026-02-06T13:56:23","guid":{"rendered":"https:\/\/stuudiomoobel.ee\/pood\/Ei-luokiteltu\/integroitu-liesituuletin-schlosser-tn45pbwh-50-cm-kaappi\/"},"modified":"2026-02-06T15:56:23","modified_gmt":"2026-02-06T13:56:23","slug":"integroitu-liesituuletin-schlosser-tn45pbwh-50-cm-kaappi","status":"publish","type":"product","link":"https:\/\/stuudiomoobel.ee\/fi\/pood\/kodinkoneet\/integroitu-liesituuletin-schlosser-tn45pbwh-50-cm-kaappi\/","title":{"rendered":"Integroitu liesituuletin Schlosser TN45PBWH 50 cm kaappi"},"content":{"rendered":"","protected":false},"excerpt":{"rendered":"<p>T\u00e4ysin integroitava liesituuletin, jonka leveys on vain 45 cm.<br \/>\nHyv\u00e4 ratkaisu pieneen keitti\u00f6\u00f6n, jonka liesitaso on 45 cm tai 30 cm leve\u00e4.<br \/>\nEnergiaa s\u00e4\u00e4st\u00e4v\u00e4t ja pitk\u00e4ik\u00e4iset LED-valot.<\/p>\n<table>\n<tbody>\n<tr>\n<th>Tavaramerkki<\/th>\n<td>Schlosser<\/td>\n<\/tr>\n<tr>\n<th>Tyyppi<\/th>\n<td>T\u00e4ysin integroidut kaappi-ilmanpuhdistimet<\/td>\n<\/tr>\n<tr>\n<th>Energialuokka<\/th>\n<td>C<\/td>\n<\/tr>\n<tr>\n<th>V\u00e4ri<\/th>\n<td>Valkoinen<\/td>\n<\/tr>\n<tr>\n<th>Kapasiteetti, IEC(m3\/h)<\/th>\n<td>190-315<\/td>\n<\/tr>\n<tr>\n<th>Hallinnointitapa<\/th>\n<td>Mekaaninen<\/td>\n<\/tr>\n<tr>\n<th>Nopeuta<\/th>\n<td>3<\/td>\n<\/tr>\n<tr>\n<th>Melutaso (dB)<\/th>\n<td>52-64<\/td>\n<\/tr>\n<tr>\n<th>Leveys (cm)<\/th>\n<td>45<\/td>\n<\/tr>\n<\/tbody>\n<\/table>\n","protected":false},"featured_media":12153,"comment_status":"closed","ping_status":"closed","template":"","meta":{"inline_featured_image":false},"product_cat":[360],"product_tag":[],"class_list":{"0":"post-12152","1":"product","2":"type-product","3":"status-publish","4":"has-post-thumbnail","6":"product_cat-kodinkoneet","8":"first","9":"instock","10":"taxable","11":"shipping-taxable","12":"purchasable","13":"product-type-simple"},"_links":{"self":[{"href":"https:\/\/stuudiomoobel.ee\/fi\/wp-json\/wp\/v2\/product\/12152","targetHints":{"allow":["GET"]}}],"collection":[{"href":"https:\/\/stuudiomoobel.ee\/fi\/wp-json\/wp\/v2\/product"}],"about":[{"href":"https:\/\/stuudiomoobel.ee\/fi\/wp-json\/wp\/v2\/types\/product"}],"replies":[{"embeddable":true,"href":"https:\/\/stuudiomoobel.ee\/fi\/wp-json\/wp\/v2\/comments?post=12152"}],"wp:featuredmedia":[{"embeddable":true,"href":"https:\/\/stuudiomoobel.ee\/fi\/wp-json\/wp\/v2\/media\/12153"}],"wp:attachment":[{"href":"https:\/\/stuudiomoobel.ee\/fi\/wp-json\/wp\/v2\/media?parent=12152"}],"wp:term":[{"taxonomy":"product_cat","embeddable":true,"href":"https:\/\/stuudiomoobel.ee\/fi\/wp-json\/wp\/v2\/product_cat?post=12152"},{"taxonomy":"product_tag","embeddable":true,"href":"https:\/\/stuudiomoobel.ee\/fi\/wp-json\/wp\/v2\/product_tag?post=12152"}],"curies":[{"name":"wp","href":"https:\/\/api.w.org\/{rel}","templated":true}]}}