{"id":12633,"date":"2022-03-31T12:27:45","date_gmt":"2022-03-31T09:27:45","guid":{"rendered":"https:\/\/stuudiomoobel.ee\/?page_id=12633"},"modified":"2026-02-23T13:03:11","modified_gmt":"2026-02-23T11:03:11","slug":"tietosuojakaytanto","status":"publish","type":"page","link":"https:\/\/stuudiomoobel.ee\/fi\/tietosuojakaytanto\/","title":{"rendered":"Tietosuojak\u00e4yt\u00e4nt\u00f6"},"content":{"rendered":"\n<p><strong>1. Yleiset s\u00e4\u00e4nn\u00f6kset<\/strong><\/p>\n\n\n\n<p>1.1. T\u00e4m\u00e4 tietosuojak\u00e4yt\u00e4nt\u00f6 s\u00e4\u00e4telee henkil\u00f6tietojen ker\u00e4\u00e4misen, k\u00e4sittelyn ja tallentamisen periaatteita. Henkil\u00f6tietoja ker\u00e4\u00e4, k\u00e4sittelee ja tallentaa henkil\u00f6tietojen rekisterinpit\u00e4j\u00e4, <strong>Triidud O\u00dc<\/strong> (j\u00e4ljemp\u00e4n\u00e4 \u201dtietojen k\u00e4sittelij\u00e4\u201d).<\/p>\n\n\n\n<p>1.2. Tietosuojak\u00e4yt\u00e4nn\u00f6n tarkoituksia varten rekister\u00f6ity on asiakas tai muu luonnollinen henkil\u00f6, jonka henkil\u00f6tietoja rekisterinpit\u00e4j\u00e4 k\u00e4sittelee.<\/p>\n\n\n\n<p>1.3. T\u00e4m\u00e4n tietosuojak\u00e4yt\u00e4nn\u00f6n tarkoituksessa asiakkaaksi katsotaan kuka tahansa, joka ostaa tavaroita tai palveluita rekisterinpit\u00e4j\u00e4n verkkosivustolta.<\/p>\n\n\n\n<p>1.4. Tietojen k\u00e4sittelij\u00e4 noudattaa lains\u00e4\u00e4d\u00e4nn\u00f6ss\u00e4 vahvistettuja tietojen k\u00e4sittelyn periaatteita, mukaan lukien henkil\u00f6tietojen laillinen, oikeudenmukainen ja turvallinen k\u00e4sittely. Tietojen k\u00e4sittelij\u00e4 pystyy vahvistamaan, ett\u00e4 henkil\u00f6tietoja on k\u00e4sitelty lains\u00e4\u00e4d\u00e4nn\u00f6n mukaisesti.<\/p>\n\n\n\n<p><strong>2. Henkil\u00f6tietojen ker\u00e4\u00e4minen, k\u00e4sittely ja s\u00e4ilytt\u00e4minen<\/strong><\/p>\n\n\n\n<p>2.1. Rekisterinpit\u00e4j\u00e4n ker\u00e4\u00e4m\u00e4t, k\u00e4sittelem\u00e4t ja tallentamat henkil\u00f6tiedot ker\u00e4t\u00e4\u00e4n s\u00e4hk\u00f6isesti, p\u00e4\u00e4asiassa verkkosivuston ja s\u00e4hk\u00f6postin kautta.<\/p>\n\n\n\n<p>2.2. Jakamalla henkil\u00f6tietonsa rekister\u00f6ity my\u00f6nt\u00e4\u00e4 tietojen k\u00e4sittelij\u00e4lle oikeuden ker\u00e4t\u00e4, j\u00e4rjest\u00e4\u00e4, k\u00e4ytt\u00e4\u00e4 ja hallinnoida henkil\u00f6tietoja tietosuojak\u00e4yt\u00e4nn\u00f6ss\u00e4 m\u00e4\u00e4riteltyihin tarkoituksiin, jotka rekister\u00f6ity jakaa tietojen k\u00e4sittelij\u00e4lle suoraan tai ep\u00e4suorasti ostaessaan tavaroita tai palveluita verkkosivustolta.<\/p>\n\n\n\n<p>2.3. Rekister\u00f6ity on vastuussa siit\u00e4, ett\u00e4 h\u00e4nen antamansa tiedot ovat paikkansapit\u00e4vi\u00e4, oikeita ja t\u00e4ydellisi\u00e4. Tietoisesti v\u00e4\u00e4rien tietojen antaminen katsotaan tietosuojak\u00e4yt\u00e4nn\u00f6n rikkomukseksi. Rekister\u00f6ity on velvollinen ilmoittamaan v\u00e4litt\u00f6m\u00e4sti tietojen k\u00e4sittelij\u00e4lle kaikista muutoksista antamiinsa tietoihin.<\/p>\n\n\n\n<p>2.4. Tietojen k\u00e4sittelij\u00e4 ei ole vastuussa vahingoista, jotka aiheutuvat rekister\u00f6idylle tai kolmansille osapuolille rekister\u00f6idyn antamien virheellisten tietojen seurauksena.<\/p>\n\n\n\n<p><strong>3. Asiakkaiden henkil\u00f6tietojen k\u00e4sittely<\/strong><\/p>\n\n\n\n<p>3.1. Tietojen k\u00e4sittelij\u00e4 voi k\u00e4sitell\u00e4 seuraavia rekister\u00f6idyn henkil\u00f6tietoja:<\/p>\n\n\n\n<p>3.1.1. Etunimi ja sukunimi;<\/p>\n\n\n\n<p>3.1.2. Puhelinnumero;<\/p>\n\n\n\n<p>3.1.3. S\u00e4hk\u00f6postiosoite;<\/p>\n\n\n\n<p>3.1.4. Toimitusosoite;<\/p>\n\n\n\n<p>3.2. Edell\u00e4 mainitun lis\u00e4ksi tietojen k\u00e4sittelij\u00e4 on oikeutettu ker\u00e4\u00e4m\u00e4\u00e4n asiakkaasta julkisesti saatavilla olevia tietoja..<\/p>\n\n\n\n<p>3.3. Henkil\u00f6tietojen k\u00e4sittelyn oikeusperusta on yleisen tietosuoja-asetuksen 6 artiklan 1 kohdan a, b, c ja f alakohta:<\/p>\n\n\n\n<p>a) rekister\u00f6ity on antanut suostumuksensa henkil\u00f6tietojensa k\u00e4sittelyyn yht\u00e4 tai useampaa tietty\u00e4 tarkoitusta varten;<\/p>\n\n\n\n<p>b) henkil\u00f6tietojen k\u00e4sittely on tarpeen sellaisen sopimuksen t\u00e4yt\u00e4nt\u00f6\u00f6npanemiseksi, jossa rekister\u00f6ity on osapuolena, tai rekister\u00f6idyn pyynn\u00f6st\u00e4 ennen sopimuksen tekemist\u00e4 toteutettavien toimenpiteiden toteuttamiseksi;<\/p>\n\n\n\n<p>c) henkil\u00f6tietojen k\u00e4sittely on tarpeen rekisterinpit\u00e4j\u00e4lle kuuluvan lakis\u00e4\u00e4teisen velvoitteen t\u00e4ytt\u00e4miseksi;<\/p>\n\n\n\n<p>f) henkil\u00f6tietojen k\u00e4sittely on tarpeen rekisterinpit\u00e4j\u00e4n tai kolmannen osapuolen oikeutettujen etujen toteuttamiseksi, paitsi jos rekister\u00f6idyn edut tai perusoikeudet ja -vapaudet, jotka edellytt\u00e4v\u00e4t henkil\u00f6tietojen suojaamista, ovat ensisijaisia, erityisesti jos rekister\u00f6ity on lapsi.<\/p>\n\n\n\n<p>3.4. Henkil\u00f6tietojen k\u00e4sittely k\u00e4sittelyn tarkoituksen mukaisesti:<\/p>\n\n\n\n<p>3.4.1. K\u00e4sittelyn tarkoitus \u2013 turvallisuus ja varmuus<br>Henkil\u00f6tietojen enimm\u00e4iss\u00e4ilytysaika \u2013 lain mukaiset m\u00e4\u00e4r\u00e4ajat<\/p>\n\n\n\n<p>3.4.2. K\u00e4sittelyn tarkoitus \u2013 tilausten k\u00e4sittely<br>Henkil\u00f6tietojen enimm\u00e4iss\u00e4ilytysaika \u2013 2 viikkoa.<\/p>\n\n\n\n<p>3.4.3. K\u00e4sittelyn tarkoitus \u2013 verkkokaupan palvelujen toimivuuden varmistaminen<br>Henkil\u00f6tietojen enimm\u00e4iss\u00e4ilytysaika \u2013 2 vuotta.<\/p>\n\n\n\n<p>3.4.4. K\u00e4sittelyn tarkoitus \u2013 asiakashallinta<br>Henkil\u00f6tietojen enimm\u00e4iss\u00e4ilytysaika \u2013 2 vuotta.<\/p>\n\n\n\n<p>3.4.5. K\u00e4sittelyn tarkoitus \u2013 taloudellinen toiminta, kirjanpito<br>Henkil\u00f6tietojen s\u00e4ilytt\u00e4misen enimm\u00e4isaika \u2013 lain mukaiset m\u00e4\u00e4r\u00e4ajat<\/p>\n\n\n\n<p>3.4.6. K\u00e4sittelyn tarkoitus \u2013 markkinointi<br>Henkil\u00f6tietojen enimm\u00e4iss\u00e4ilytysaika \u2013 2 vuotta.<\/p>\n\n\n\n<p>3.5. Tietojen k\u00e4sittelij\u00e4 on oikeutettu jakamaan asiakkaiden henkil\u00f6tietoja kolmansille osapuolille, kuten valtuutetuille tietojen k\u00e4sittelij\u00f6ille, kirjanpit\u00e4jille, kuljetus- ja kuriiriyrityksille sek\u00e4 siirto- ja kuljetuspalveluja tarjoaville yrityksille. Tietojen k\u00e4sittelij\u00e4 on henkil\u00f6tietojen rekisterinpit\u00e4j\u00e4.<\/p>\n\n\n\n<p>3.6. K\u00e4sitelless\u00e4\u00e4n ja tallentaessaan rekister\u00f6ityjen henkil\u00f6tietoja tietojen k\u00e4sittelij\u00e4 toteuttaa organisatorisia ja teknisi\u00e4 toimenpiteit\u00e4 varmistaakseen henkil\u00f6tietojen suojan vahingossa tai laittomasti tapahtuvalta tuhoamiselta, muuttamiselta, paljastamiselta tai muulta laittomalta k\u00e4sittelylt\u00e4.<\/p>\n\n\n\n<p>3.7. Tietojen k\u00e4sittelij\u00e4 s\u00e4ilytt\u00e4\u00e4 rekister\u00f6ityjen tiedot k\u00e4sittelyn tarkoituksen mukaisesti, mutta enint\u00e4\u00e4n 2 vuotta.<\/p>\n\n\n\n<p><strong>4. Rekister\u00f6idyn oikeudet<\/strong><\/p>\n\n\n\n<p>4.1. Rekister\u00f6idyll\u00e4 on oikeus saada p\u00e4\u00e4sy henkil\u00f6tietoihinsa ja tarkistaa ne.<\/p>\n\n\n\n<p>4.2. Rekister\u00f6idyll\u00e4 on oikeus saada tietoja henkil\u00f6tietojensa k\u00e4sittelyst\u00e4.<\/p>\n\n\n\n<p>4.3. Rekister\u00f6idyll\u00e4 on oikeus t\u00e4ydent\u00e4\u00e4 tai oikaista virheellisi\u00e4 tietoja.<\/p>\n\n\n\n<p>4.4. Jos tietojen k\u00e4sittelij\u00e4 k\u00e4sittelee rekister\u00f6idyn henkil\u00f6tietoja rekister\u00f6idyn suostumuksen perusteella, rekister\u00f6idyll\u00e4 on oikeus peruuttaa suostumuksensa milloin tahansa.<\/p>\n\n\n\n<p>4.5. Oikeuksiensa k\u00e4ytt\u00e4miseksi rekister\u00f6idyt voivat ottaa yhteytt\u00e4 verkkokaupan asiakastukeen osoitteessa info@stuudiomoobel.ee.<\/p>\n\n\n\n<p>4.6. Rekister\u00f6idyt voivat my\u00f6s tehd\u00e4 valituksen tietosuojavaltuutetulle oikeuksiensa suojaamiseksi.<\/p>\n\n\n\n<p><strong>5. Lopulliset m\u00e4\u00e4r\u00e4ykset<\/strong><\/p>\n\n\n\n<p>5.1. N\u00e4m\u00e4 tietosuojaehdot on laadittu Euroopan parlamentin ja neuvoston asetuksen (EU) 2016\/679 mukaisesti, joka koskee luonnollisten henkil\u00f6iden suojelua henkil\u00f6tietojen k\u00e4sittelyss\u00e4 ja n\u00e4iden tietojen vapaata liikkuvuutta, sek\u00e4 direktiivin 95\/46\/ EY (yleinen tietosuoja-asetus), Viron tasavallan henkil\u00f6tietojen suojelulaki sek\u00e4 Viron tasavallan ja Euroopan unionin lains\u00e4\u00e4d\u00e4nt\u00f6.<\/p>\n\n\n\n<p>5.2. Tietojen k\u00e4sittelij\u00e4 on oikeutettu muuttamaan tietosuojaehtoja osittain tai kokonaan ilmoittamalla muutoksista rekister\u00f6idyille verkkosivuston www.stuudiomoobel.ee kautta.<\/p>\n\n\n\n<section x-data=\"{cats:['functional','preferences','statistics','marketing'],selected:[],updated:false}\" x-init=\"document.addEventListener('DOMContentLoaded', () =&gt; { selected = cats.filter(cat =&gt; wp_has_consent(cat)) })\" aria-labelledby=\"manage-consent\" class=\"p-4 mt-6 mb-(--spacing-prose) not-prose text-site bg-plain-light rounded border shadow-2xs wp-block-ska-element\">\n<h2 class=\"mb-2 text-h4 wp-block-heading\" id=\"manage-consent\">Hallinnoi suostumusasetuksia<\/h2>\n\n\n\n<p class=\"text-base leading-snug text-site-subtext\">Voit muuttaa suostumusasetuksiasi milloin tahansa valitaksesi, mihin tietojenk\u00e4sittelyyn suostut.<\/p>\n\n\n\n<fieldset class=\"flex flex-col gap-1 items-start *:py-2.5 *:pr-6 -mt-2 mb-4 wp-block-ska-element\">\n<label class=\"opacity-65 cursor-not-allowed wp-block-ska-element\">\n<input type=\"checkbox\" value=\"necessary\" checked disabled class=\"cursor-not-allowed wp-block-ska-element\"\/>\n\n\n\n<span class=\"wp-block-ska-text ska-text\">V\u00e4ltt\u00e4m\u00e4tt\u00f6m\u00e4t ev\u00e4steet<\/span>\n<\/label>\n\n\n\n<label class=\"wp-block-ska-element\">\n<input type=\"checkbox\" x-model=\"selected\" value=\"functional\" class=\"wp-block-ska-element\"\/>\n\n\n\n<span class=\"wp-block-ska-text ska-text\">Toiminnalliset ev\u00e4steet<\/span>\n<\/label>\n\n\n\n<label class=\"wp-block-ska-element\">\n<input type=\"checkbox\" x-model=\"selected\" value=\"preferences\" class=\"wp-block-ska-element\"\/>\n\n\n\n<span class=\"wp-block-ska-text ska-text\">Mieltymysev\u00e4steet<\/span>\n<\/label>\n\n\n\n<label class=\"wp-block-ska-element\">\n<input type=\"checkbox\" x-model=\"selected\" value=\"statistics\" class=\"wp-block-ska-element\"\/>\n\n\n\n<span class=\"wp-block-ska-text ska-text\">Tilastoev\u00e4steet<\/span>\n<\/label>\n\n\n\n<label class=\"wp-block-ska-element\">\n<input type=\"checkbox\" x-model=\"selected\" value=\"marketing\" class=\"wp-block-ska-element\"\/>\n\n\n\n<span class=\"wp-block-ska-text ska-text\">Markkinointiev\u00e4steet<\/span>\n<\/label>\n<\/fieldset>\n\n\n\n<div class=\"flex flex-row flex-wrap *:grow gap-3 wp-block-ska-element\">\n<button x-on:click=\"$store.skaConsent.revokeConsent(Object.fromEntries([['cats',cats.filter(function(c){return !selected.includes(c)})]])); $store.skaConsent.consent(Object.fromEntries([['cats',selected]])); updated = true\" class=\"block wp-block-ska-text ska-text ska-preset--ska-theme--button ska-preset--ska-theme--primary-button\">P\u00e4ivit\u00e4 asetukset<\/button>\n\n\n\n<button x-on:click=\"$store.skaConsent.revokeConsent(Object.fromEntries([['cats',cats]])); selected = []; updated = true\" :disabled=\"!selected.length\" class=\"block wp-block-ska-text ska-text ska-preset--ska-theme--button\">Poista kaikki k\u00e4yt\u00f6st\u00e4<\/button>\n<\/div>\n\n\n\n<div x-cloak=\"\" x-show=\"updated\" x-transition=\"\" role=\"status\" aria-live=\"polite\" class=\"flex flex-row flex-wrap justify-between items-center px-4 py-3 mt-3 text-base\/none text-positive-text bg-positive-background rounded border border-positive-border wp-block-ska-element\">\n<span class=\"wp-block-ska-text ska-text\">Asetukset p\u00e4ivitetty.<\/span>\n\n\n\n<button x-on:click.prevent.stop=\"updated = false\" aria-label=\"Sulge\" class=\"flex justify-center items-center p-3 -m-3 not-hover:opacity-50 wp-block-ska-element\">\n<svg aria-hidden=\"true\" class=\"size-5 wp-block-ska-image image\" viewBox=\"0 0 24 24\" fill=\"none\" xmlns=\"http:\/\/www.w3.org\/2000\/svg\">\n\t<path fill-rule=\"evenodd\" clip-rule=\"evenodd\" d=\"M5.46967 5.46967C5.76256 5.17678 6.23744 5.17678 6.53033 5.46967L12 10.9393L17.4697 5.46967C17.7626 5.17678 18.2374 5.17678 18.5303 5.46967C18.8232 5.76256 18.8232 6.23744 18.5303 6.53033L13.0607 12L18.5303 17.4697C18.8232 17.7626 18.8232 18.2374 18.5303 18.5303C18.2374 18.8232 17.7626 18.8232 17.4697 18.5303L12 13.0607L6.53033 18.5303C6.23744 18.8232 5.76256 18.8232 5.46967 18.5303C5.17678 18.2374 5.17678 17.7626 5.46967 17.4697L10.9393 12L5.46967 6.53033C5.17678 6.23744 5.17678 5.76256 5.46967 5.46967Z\" fill=\"currentColor\"><\/path>\n<\/svg>\n<\/button>\n<\/div>\n<\/section>\n","protected":false},"excerpt":{"rendered":"<p>1. Yleiset s\u00e4\u00e4nn\u00f6kset 1.1. T\u00e4m\u00e4 tietosuojak\u00e4yt\u00e4nt\u00f6 s\u00e4\u00e4telee henkil\u00f6tietojen ker\u00e4\u00e4misen, k\u00e4sittelyn ja tallentamisen periaatteita. Henkil\u00f6tietoja ker\u00e4\u00e4, k\u00e4sittelee ja tallentaa henkil\u00f6tietojen rekisterinpit\u00e4j\u00e4, Triidud O\u00dc (j\u00e4ljemp\u00e4n\u00e4 \u201dtietojen k\u00e4sittelij\u00e4\u201d). 1.2. Tietosuojak\u00e4yt\u00e4nn\u00f6n tarkoituksia varten rekister\u00f6ity on asiakas tai muu luonnollinen henkil\u00f6, jonka henkil\u00f6tietoja rekisterinpit\u00e4j\u00e4 k\u00e4sittelee. 1.3. T\u00e4m\u00e4n tietosuojak\u00e4yt\u00e4nn\u00f6n tarkoituksessa asiakkaaksi katsotaan kuka tahansa, joka ostaa tavaroita tai palveluita rekisterinpit\u00e4j\u00e4n verkkosivustolta.&hellip;<\/p>\n","protected":false},"author":2,"featured_media":0,"parent":0,"menu_order":0,"comment_status":"closed","ping_status":"closed","template":"prose","meta":{"inline_featured_image":false,"footnotes":""},"class_list":["post-12633","page","type-page","status-publish","hentry"],"_links":{"self":[{"href":"https:\/\/stuudiomoobel.ee\/fi\/wp-json\/wp\/v2\/pages\/12633","targetHints":{"allow":["GET"]}}],"collection":[{"href":"https:\/\/stuudiomoobel.ee\/fi\/wp-json\/wp\/v2\/pages"}],"about":[{"href":"https:\/\/stuudiomoobel.ee\/fi\/wp-json\/wp\/v2\/types\/page"}],"author":[{"embeddable":true,"href":"https:\/\/stuudiomoobel.ee\/fi\/wp-json\/wp\/v2\/users\/2"}],"replies":[{"embeddable":true,"href":"https:\/\/stuudiomoobel.ee\/fi\/wp-json\/wp\/v2\/comments?post=12633"}],"version-history":[{"count":1,"href":"https:\/\/stuudiomoobel.ee\/fi\/wp-json\/wp\/v2\/pages\/12633\/revisions"}],"predecessor-version":[{"id":12634,"href":"https:\/\/stuudiomoobel.ee\/fi\/wp-json\/wp\/v2\/pages\/12633\/revisions\/12634"}],"wp:attachment":[{"href":"https:\/\/stuudiomoobel.ee\/fi\/wp-json\/wp\/v2\/media?parent=12633"}],"curies":[{"name":"wp","href":"https:\/\/api.w.org\/{rel}","templated":true}]}}