{"id":12630,"date":"2022-01-14T22:14:08","date_gmt":"2022-01-14T20:14:08","guid":{"rendered":"https:\/\/stuudiomoobel.ee\/?page_id=12630"},"modified":"2026-02-26T12:43:39","modified_gmt":"2026-02-26T10:43:39","slug":"myyntiehdot","status":"publish","type":"page","link":"https:\/\/stuudiomoobel.ee\/fi\/myyntiehdot\/","title":{"rendered":"Myyntiehdot"},"content":{"rendered":"\n<p>Verkkokaupan Stuudiomoobel omistaja on Triidud O\u00dc, rekister\u00f6intinumero 12239261, virallinen osoite Melissi 9, Saue, Harjumaa.<\/p>\n\n\n\n<p><strong>Myyntisopimuksen, tuotteen ja hintatietojen p\u00e4tevyys<\/strong><\/p>\n\n\n\n<p>Myyntiehdot koskevat verkkokaupassa tehtyj\u00e4 ostoksia.<\/p>\n\n\n\n<p>Verkkokaupassa myyt\u00e4vien tuotteiden hinnat on ilmoitettu tuotteiden vieress\u00e4. Hintaan lis\u00e4t\u00e4\u00e4n toimituskulut. Kaikki verkkokaupassa myyt\u00e4vien tuotteiden hinnat ovat euroina.<\/p>\n\n\n\n<p>Voit tarkastella tuotteita etuk\u00e4teen osoitteessa <a href=\"http:\/\/www.stuudiomoobel.ee\">www.stuudiomoobel.ee<\/a> kohdassa Yhteystiedot esimerkkikaupoissa.<\/p>\n\n\n\n<p>Kuljetusmaksu tavaroille, jotka toimitetaan kuriirilla kotiovellesi Virossa, on 80 \u20ac. Kuljetusmaksu n\u00e4kyy ostajalle tilauksen yhteydess\u00e4.<\/p>\n\n\n\n<p><strong>Tilauksen tekeminen<\/strong><\/p>\n\n\n\n<p>Tilata tavaroita, lis\u00e4\u00e4 haluamasi tuotteet ostoskoriin. Viimeistele tilauksesi t\u00e4ytt\u00e4m\u00e4ll\u00e4 vaaditut kent\u00e4t ja valitsemalla sopiva toimitustapa. N\u00e4yt\u00f6lle ilmestyy tilauksen kokonaissumma. Jos hyv\u00e4ksyt sen, l\u00e4het\u00e4 tilauksesi. Kun olet tehnyt tilauksesi, tarkistamme tuotteiden saatavuuden ja l\u00e4het\u00e4mme sinulle laskun, joka maksetaan pankkisiirrolla. Jos tuotteita ei ole varastossa, sovimme toimitusajasta, joka on enint\u00e4\u00e4n 2 kuukautta.<\/p>\n\n\n\n<p>Verkkokaupan omistaja on henkil\u00f6tietojen rekisterinpit\u00e4j\u00e4.<\/p>\n\n\n\n<p>Jos tilattuja tuotteita ei voida toimittaa varastojen loppumisen tai muiden syiden vuoksi, ostajalle ilmoitetaan asiasta mahdollisimman pian ja maksetut rahat (mukaan lukien toimituskulut) palautetaan v\u00e4litt\u00f6m\u00e4sti, kuitenkin viimeist\u00e4\u00e4n 14 p\u00e4iv\u00e4n kuluttua ilmoituksen l\u00e4hett\u00e4misest\u00e4.<\/p>\n\n\n\n<p><strong>Toimitus<\/strong><\/p>\n\n\n\n<p>Tuotteita toimitetaan Viroon, Latviaan ja Suomeen.<\/p>\n\n\n\n<p>Ostajalla on seuraavat vaihtoehdot tavaran vastaanottamiseksi:<\/p>\n\n\n\n<p>Lis\u00e4maksusta toimitus kuriirilla kotiovellesi tai nouto sovitusti myyj\u00e4n kanssa, puh. +372 56 461 100. Varasto sijaitsee Laagrissa.<\/p>\n\n\n\n<p>Ostaja vastaa toimituskuluista, ja vastaavat hintatiedot n\u00e4kyv\u00e4t toimitustavan vieress\u00e4.<\/p>\n\n\n\n<p>Kotimaan l\u00e4hetykset Virossa saapuvat yleens\u00e4 ostajan ilmoittamaan m\u00e4\u00e4r\u00e4np\u00e4\u00e4h\u00e4n 5 ty\u00f6p\u00e4iv\u00e4n kuluessa myyntisopimuksen voimaantulosta.<\/p>\n\n\n\n<p>Poikkeustapauksissa tavarat voidaan toimittaa jopa 45 kalenterip\u00e4iv\u00e4n kuluessa.<\/p>\n\n\n\n<p><strong>Peruuttamisoikeus<\/strong><\/p>\n\n\n\n<p>Tilauksen vastaanottamisen j\u00e4lkeen ostajalla on oikeus peruuttaa verkkokaupassa tehty sopimus 14 p\u00e4iv\u00e4n kuluessa.<\/p>\n\n\n\n<p>Peruuttamisoikeus ei koske ostajia, jotka ovat oikeushenkil\u00f6it\u00e4.<\/p>\n\n\n\n<p>14 p\u00e4iv\u00e4n palautusoikeuden k\u00e4ytt\u00e4miseksi tilattuja tavaroita ei saa k\u00e4ytt\u00e4\u00e4 muulla tavalla kuin tavaroiden luonteen, ominaisuuksien ja toiminnan varmistamiseksi, kuten tavaroiden testaaminen fyysisess\u00e4 myym\u00e4l\u00e4ss\u00e4 sallii.<\/p>\n\n\n\n<p>Jos tavarat on k\u00e4ytetty muuhun kuin niiden luonteen, ominaisuuksien ja toimivuuden selvitt\u00e4miseen tarvittavaan tarkoitukseen tai jos niiss\u00e4 on k\u00e4yt\u00f6n tai kulumisen merkkej\u00e4, verkkokaupalla on oikeus v\u00e4hent\u00e4\u00e4 hyvityksen m\u00e4\u00e4r\u00e4\u00e4 tavaroiden arvon alenemisen mukaisesti.<\/p>\n\n\n\n<p>Palauttaaksesi tavarat, sinun on l\u00e4hetett\u00e4v\u00e4 vapaamuotoinen ilmoitus ostosta luopumisesta s\u00e4hk\u00f6postiosoitteeseen viimeist\u00e4\u00e4n 14 p\u00e4iv\u00e4n kuluessa tavaroiden vastaanottamisesta.<\/p>\n\n\n\n<p>Tavaran palauttamisesta aiheutuvat kustannukset ovat ostajan vastuulla, ellei palautuksen syyn\u00e4 ole se, ett\u00e4 palautettava tuote ei vastaa tilausta (esim. v\u00e4\u00e4r\u00e4 tai viallinen tuote).<\/p>\n\n\n\n<p>Ostajan on palautettava tavarat 14 p\u00e4iv\u00e4n kuluessa hakemuksen j\u00e4tt\u00e4misest\u00e4 tai toimitettava todiste siit\u00e4, ett\u00e4 h\u00e4n on luovuttanut tavarat kuljetusliikkeelle edell\u00e4 mainitun m\u00e4\u00e4r\u00e4ajan kuluessa.<\/p>\n\n\n\n<p>Verkkokauppa palauttaa ostajalle kaikki sopimuksen nojalla ostajalta saadut maksut v\u00e4litt\u00f6m\u00e4sti palautettujen tavaroiden vastaanottamisen j\u00e4lkeen, mutta viimeist\u00e4\u00e4n 14 p\u00e4iv\u00e4n kuluessa peruutusilmoituksen vastaanottamisesta.<\/p>\n\n\n\n<p>Verkkokauppa voi kielt\u00e4yty\u00e4 palauttamasta rahaa, kunnes se on vastaanottanut sopimuksen kohteena olevan tuotteen tai kunnes ostaja on toimittanut todisteet tuotteen palauttamisesta, sen mukaan kumpi tapahtuu ensin.<\/p>\n\n\n\n<p>Jos ostaja on nimenomaisesti valinnut muun toimitustavan kuin verkkokaupan tarjoaman edullisimman vakiotoimitustavan, verkkokauppa ei ole velvollinen korvaamaan kuluttajalle vakiotoimitustavasta aiheutuvia kustannuksia ylitt\u00e4vi\u00e4 kustannuksia.<\/p>\n\n\n\n<p>Verkkokaupalla on oikeus peruuttaa myynti ja vaatia ostajaa palauttamaan tavarat, jos tavaran hinta verkkokaupassa on virheen vuoksi huomattavasti alhaisempi kuin markkinahinta.<\/p>\n\n\n\n<p><strong>Oikeus tehd\u00e4 valitus<\/strong><\/p>\n\n\n\n<p>Verkkokauppa on vastuussa sopimusehtojen noudattamatta j\u00e4tt\u00e4misest\u00e4 tai ostajalle myydyiss\u00e4 tavaroissa olevista virheist\u00e4, jotka olivat olemassa toimitushetkell\u00e4 ja jotka ilmenev\u00e4t kahden vuoden kuluessa tavaran toimittamisesta ostajalle. Jos tavarat on jo koottu tai k\u00e4ytetty, verkkokauppa ei ole vastuussa tavaroista eik\u00e4 tavaroista, jotka ovat vahingoittuneet asiakkaan asennuksen aikana.<\/p>\n\n\n\n<p>Jos vika havaitaan ennen tuotteen k\u00e4ytt\u00f6\u00f6nottoa ja asentamista, ostajalla on oikeus ottaa yhteytt\u00e4 verkkokauppaan viimeist\u00e4\u00e4n kahden kuukauden kuluessa l\u00e4hett\u00e4m\u00e4ll\u00e4 s\u00e4hk\u00f6postia osoitteeseen <a href=\"mailto:info@stuudiomoobel.ee\">info@stuudiomoobel.ee<\/a> tai soittamalla numeroon +372 56 461 100.<\/p>\n\n\n\n<p>Verkkokauppa ei ole vastuussa mist\u00e4\u00e4n virheist\u00e4, jotka ovat syntyneet sen j\u00e4lkeen, kun tavarat on toimitettu ostajalle.<\/p>\n\n\n\n<p>Jos verkkokaupasta ostetuissa tavaroissa on vikoja, joista verkkokauppa on vastuussa, verkkokauppa korjaa tai vaihtaa vialliset tavarat. Jos tavaroita ei voida korjata tai vaihtaa, verkkokauppa palauttaa ostajalle kaikki myyntisopimukseen liittyv\u00e4t maksut.<\/p>\n\n\n\n<p>Verkkokauppa vastaa kuluttajan valitukseen kirjallisesti tai kirjallisesti j\u00e4ljennett\u00e4viss\u00e4 olevassa muodossa 15 p\u00e4iv\u00e4n kuluessa.<\/p>\n\n\n\n<p><strong>Suoramarkkinointi ja henkil\u00f6tietojen k\u00e4sittely<\/strong><\/p>\n\n\n\n<p>Verkkokauppa k\u00e4ytt\u00e4\u00e4 ostajan sy\u00f6tt\u00e4mi\u00e4 henkil\u00f6tietoja vain tilauksen k\u00e4sittelyyn ja tavaroiden l\u00e4hett\u00e4miseen ostajalle. Verkkokauppa v\u00e4litt\u00e4\u00e4 henkil\u00f6tietoja kuljetuspalveluja tarjoaville yrityksille tavaroiden toimittamista varten.<\/p>\n\n\n\n<p>Verkkokauppa l\u00e4hett\u00e4\u00e4 uutiskirjeit\u00e4 ja tarjouksia ostajan s\u00e4hk\u00f6postiosoitteeseen vain, jos ostaja on ilmaissut halunsa vastaanottaa niit\u00e4 sy\u00f6tt\u00e4m\u00e4ll\u00e4 s\u00e4hk\u00f6postiosoitteensa verkkosivustolle ja ilmoittamalla haluavansa vastaanottaa suoramainoksia.<\/p>\n\n\n\n<p>Ostaja voi milloin tahansa kielt\u00e4yty\u00e4 vastaanottamasta s\u00e4hk\u00f6postitse l\u00e4hetettyj\u00e4 tarjouksia ja uutiskirjeit\u00e4 ilmoittamalla siit\u00e4 meille s\u00e4hk\u00f6postitse tai noudattamalla tarjouksia sis\u00e4lt\u00e4v\u00e4n s\u00e4hk\u00f6postiviestin ohjeita.<\/p>\n\n\n\n<p><strong>Riitojen ratkaiseminen<\/strong><\/p>\n\n\n\n<p>Jos ostajalla on valituksia verkkokaupasta, ne tulee l\u00e4hett\u00e4\u00e4 s\u00e4hk\u00f6postitse osoitteeseen <a href=\"mailto:info@stuudiomoobel.ee\">info@stuudiomoobel.ee<\/a> tai puhelimitse numeroon +372 56 461 100.<\/p>\n\n\n\n<p>Jos ostaja ja verkkokauppa eiv\u00e4t pysty ratkaisemaan riitaa yhteisymm\u00e4rryksess\u00e4, ostaja voi vied\u00e4 asian kuluttajariitojen lautakuntaan. Menettelyn ehdot ja hakemuksen voi l\u00f6yt\u00e4\u00e4 osoitteesta https:\/\/ttja.ee\/tarbijavaidluste-komisjon. Kuluttajariitojen lautakunta on toimivaltainen ratkaisemaan ostajan ja verkkokaupan v\u00e4lisest\u00e4 sopimuksesta johtuvat riidat. Lautakunnan k\u00e4sittely ostajan valituksesta on maksutonta.<\/p>\n\n\n\n<p>Ostaja voi ottaa yhteytt\u00e4 Euroopan unionin kuluttajariitojen ratkaisualustaan.<\/p>\n","protected":false},"excerpt":{"rendered":"<p>Verkkokaupan Stuudiomoobel omistaja on Triidud O\u00dc, rekister\u00f6intinumero 12239261, virallinen osoite Melissi 9, Saue, Harjumaa. Myyntisopimuksen, tuotteen ja hintatietojen p\u00e4tevyys Myyntiehdot koskevat verkkokaupassa tehtyj\u00e4 ostoksia. Verkkokaupassa myyt\u00e4vien tuotteiden hinnat on ilmoitettu tuotteiden vieress\u00e4. Hintaan lis\u00e4t\u00e4\u00e4n toimituskulut. Kaikki verkkokaupassa myyt\u00e4vien tuotteiden hinnat ovat euroina. Voit tarkastella tuotteita etuk\u00e4teen osoitteessa www.stuudiomoobel.ee kohdassa Yhteystiedot esimerkkikaupoissa. Kuljetusmaksu tavaroille, jotka toimitetaan&hellip;<\/p>\n","protected":false},"author":2,"featured_media":0,"parent":0,"menu_order":0,"comment_status":"closed","ping_status":"closed","template":"prose","meta":{"inline_featured_image":false,"footnotes":""},"class_list":["post-12630","page","type-page","status-publish","hentry"],"_links":{"self":[{"href":"https:\/\/stuudiomoobel.ee\/fi\/wp-json\/wp\/v2\/pages\/12630","targetHints":{"allow":["GET"]}}],"collection":[{"href":"https:\/\/stuudiomoobel.ee\/fi\/wp-json\/wp\/v2\/pages"}],"about":[{"href":"https:\/\/stuudiomoobel.ee\/fi\/wp-json\/wp\/v2\/types\/page"}],"author":[{"embeddable":true,"href":"https:\/\/stuudiomoobel.ee\/fi\/wp-json\/wp\/v2\/users\/2"}],"replies":[{"embeddable":true,"href":"https:\/\/stuudiomoobel.ee\/fi\/wp-json\/wp\/v2\/comments?post=12630"}],"version-history":[{"count":3,"href":"https:\/\/stuudiomoobel.ee\/fi\/wp-json\/wp\/v2\/pages\/12630\/revisions"}],"predecessor-version":[{"id":14148,"href":"https:\/\/stuudiomoobel.ee\/fi\/wp-json\/wp\/v2\/pages\/12630\/revisions\/14148"}],"wp:attachment":[{"href":"https:\/\/stuudiomoobel.ee\/fi\/wp-json\/wp\/v2\/media?parent=12630"}],"curies":[{"name":"wp","href":"https:\/\/api.w.org\/{rel}","templated":true}]}}