{"id":12625,"date":"2026-02-16T14:02:15","date_gmt":"2026-02-16T12:02:15","guid":{"rendered":"https:\/\/stuudiomoobel.ee\/?page_id=12625"},"modified":"2026-02-23T12:29:07","modified_gmt":"2026-02-23T10:29:07","slug":"esto-osamaksu","status":"publish","type":"page","link":"https:\/\/stuudiomoobel.ee\/fi\/esto-osamaksu\/","title":{"rendered":"ESTO-osamaksu"},"content":{"rendered":"\n<p class=\"lead\"><strong>Etk\u00f6 halua maksaa koko summaa kerralla? Maksa osamaksulla!<\/strong><\/p>\n\n\n\n<div aria-hidden=\"true\" class=\"wp-block-ska-image image\"><img decoding=\"sync\" fetchpriority=\"high\" src=\"https:\/\/stuudiomoobel.ee\/wp-content\/uploads\/2026\/02\/image.png\" width=\"1000\" height=\"523\" srcset=\"https:\/\/stuudiomoobel.ee\/wp-content\/uploads\/2026\/02\/image.png 1000w, https:\/\/stuudiomoobel.ee\/wp-content\/uploads\/2026\/02\/image-512x268.png 512w\" sizes=\"(max-width: 1000px) 100vw, 1000px\" \/><\/div>\n\n\n\n<p>ESTO-er\u00e4maksu on innovatiivinen maksuratkaisu, jonka avulla voit luoda maksuaikataulun valitsemasi ajanjakson perusteella. Maksuratkaisu tekee p\u00e4\u00e4t\u00f6ksen reaaliajassa ja auttaa sinua suorittamaan ostoksesi alle 60 sekunnissa.<\/p>\n\n\n\n<p>Valitse sopiva tuote tai palvelu, ilmoita asiakaspalvelijalle, ett\u00e4 haluat maksaa ESTO-eriss\u00e4, ja vahvista sitten tilauksesi. Kun vahvistat ostoksesi, valitse sopiva maksuaika, kuukausier\u00e4n m\u00e4\u00e4r\u00e4 ja allekirjoita digitaalisesti henkil\u00f6todistuksellasi, Smart-ID:ll\u00e4 tai Mobile-ID:ll\u00e4.<\/p>\n\n\n\n<ul class=\"wp-block-list\">\n<li>Kaikki 18\u201370-vuotiaat Viron tasavallan kansalaiset voivat hakea ESTO-maksun lykk\u00e4yst\u00e4.<\/li>\n\n\n\n<li>ESTO-osamaksu voidaan j\u00e4rjest\u00e4\u00e4 nopeasti ja k\u00e4tev\u00e4sti my\u00f6s oikeushenkil\u00f6ille.<\/li>\n\n\n\n<li>ESTO-osamaksukaupan tarjoaa ja hallinnoi ESTO AS.<\/li>\n<\/ul>\n\n\n\n<p class=\"[&amp;_em]:text-sm\"><strong>HUOMIO!<\/strong> Jokainen osamaksusopimus on taloudellinen velvoite. Ennen osamaksusopimuksen allekirjoittamista tutustu palvelun ehtoihin ja tarvittaessa ota yhteytt\u00e4 asiantuntijaan. <em>ESTO AS:n osamaksuluoton kustannusprosentti on 23,63 % vuodessa seuraavissa esimerkkitapauksissa: luoton m\u00e4\u00e4r\u00e4 1 490 euroa, tavaroiden\/palveluiden hinta 1 490 euroa, K\u00e4siraha 0 %, kiinte\u00e4 korko 11,90 %, sopimuskulut 0 euroa, luoton kokonaism\u00e4\u00e4r\u00e4 ja takaisinmaksettava summa 1 844,64 euroa, olettaen ett\u00e4 luotto maksetaan takaisin 24 kuukauden kuluessa 76,86 euron suuruisina kuukausittaisina erin\u00e4. Lue ehdot ennen sopimuksen allekirjoittamista ja ota tarvittaessa yhteytt\u00e4 asiantuntijaan. Osamaksukaupan tarjoaa ja hallinnoi ESTO AS.<\/em><\/p>\n\n\n\n<p><strong>ESTO 3-maksutapa on innovatiivinen ratkaisu, jonka avulla voit vahvistaa ja maksaa ostoksesi k\u00e4tev\u00e4sti ja nopeasti \u2013 kolmessa yht\u00e4 suuressa er\u00e4ss\u00e4 ilman lis\u00e4maksuja!<\/strong><\/p>\n\n\n\n<div aria-hidden=\"true\" class=\"wp-block-ska-image image\"><img decoding=\"async\" src=\"https:\/\/stuudiomoobel.ee\/wp-content\/uploads\/2026\/02\/image-1.png\" width=\"1000\" height=\"523\" loading=\"lazy\" srcset=\"https:\/\/stuudiomoobel.ee\/wp-content\/uploads\/2026\/02\/image-1.png 1000w, https:\/\/stuudiomoobel.ee\/wp-content\/uploads\/2026\/02\/image-1-512x268.png 512w\" sizes=\"(max-width: 1000px) 100vw, 1000px\" \/><\/div>\n\n\n\n<p>Ilmoita asiakaspalvelijalle tai myyntiasiantuntijalle, ett\u00e4 haluat maksaa ostoksesi eritt\u00e4in suositulla ESTO 3 -maksutavalla, kolmessa yht\u00e4 suuressa er\u00e4ss\u00e4 ilman lis\u00e4kustannuksia.<\/p>\n\n\n\n<p>ESTO 3 auttaa sinua jakamaan ostosumman enint\u00e4\u00e4n kolmeen yht\u00e4 suureen osaan:<\/p>\n\n\n\n<ul class=\"wp-block-list\">\n<li>Lis\u00e4maksuja ei veloiteta.<\/li>\n\n\n\n<li>Vain kolme yht\u00e4 suurta maksua kolmen kuukauden aikana.<\/li>\n\n\n\n<li>Ensimm\u00e4inen maksu er\u00e4\u00e4ntyy seuraavan kuukauden 15. p\u00e4iv\u00e4n\u00e4.<\/li>\n<\/ul>\n\n\n\n<p>ESTO 3-maksutapaa tarjoaa ja hallinnoi ESTO AS.<\/p>\n\n\n\n<p><strong>Mik\u00e4 on ESTO?<\/strong><\/p>\n\n\n\n<p>ESTO on vuonna 2016 perustettu rahoituspalveluyritys. Br\u00e4ndi syntyi tarpeesta kehitt\u00e4\u00e4 uuden sukupolven maksuratkaisuja, jotka sopisivat sek\u00e4 kuluttajille ett\u00e4 kauppiaille. Nyky\u00e4\u00e4n ESTO tarjoaa Baltian maiden laajimman valikoiman maksuratkaisuja, ja ESTO:n kumppaniverkostoon kuuluu yli 2 600 kumppania ja kauppaa sek\u00e4 yli 300 000 asiakasta.<\/p>\n\n\n\n<p>Lue k\u00e4ytt\u00f6ehdot t\u00e4\u00e4lt\u00e4: <a href=\"http:\/\/www.esto.ee\">www.esto.ee<\/a><\/p>\n\n\n\n<p>Tarvittaessa ota yhteytt\u00e4 ESTO AS:n ty\u00f6ntekij\u00e4\u00e4n &#8211; <a href=\"mailto:info@esto.ee\">info@esto.ee<\/a> tai <a href=\"http:\/\/www.esto.ee\">www.esto.ee<\/a> LIVE-chat-ikkuna.<\/p>\n","protected":false},"excerpt":{"rendered":"<p>Etk\u00f6 halua maksaa koko summaa kerralla? Maksa osamaksulla! ESTO-er\u00e4maksu on innovatiivinen maksuratkaisu, jonka avulla voit luoda maksuaikataulun valitsemasi ajanjakson perusteella. Maksuratkaisu tekee p\u00e4\u00e4t\u00f6ksen reaaliajassa ja auttaa sinua suorittamaan ostoksesi alle 60 sekunnissa. Valitse sopiva tuote tai palvelu, ilmoita asiakaspalvelijalle, ett\u00e4 haluat maksaa ESTO-eriss\u00e4, ja vahvista sitten tilauksesi. Kun vahvistat ostoksesi, valitse sopiva maksuaika, kuukausier\u00e4n m\u00e4\u00e4r\u00e4&hellip;<\/p>\n","protected":false},"author":2,"featured_media":0,"parent":0,"menu_order":0,"comment_status":"closed","ping_status":"closed","template":"prose","meta":{"inline_featured_image":false,"footnotes":""},"class_list":["post-12625","page","type-page","status-publish","hentry"],"_links":{"self":[{"href":"https:\/\/stuudiomoobel.ee\/fi\/wp-json\/wp\/v2\/pages\/12625","targetHints":{"allow":["GET"]}}],"collection":[{"href":"https:\/\/stuudiomoobel.ee\/fi\/wp-json\/wp\/v2\/pages"}],"about":[{"href":"https:\/\/stuudiomoobel.ee\/fi\/wp-json\/wp\/v2\/types\/page"}],"author":[{"embeddable":true,"href":"https:\/\/stuudiomoobel.ee\/fi\/wp-json\/wp\/v2\/users\/2"}],"replies":[{"embeddable":true,"href":"https:\/\/stuudiomoobel.ee\/fi\/wp-json\/wp\/v2\/comments?post=12625"}],"version-history":[{"count":2,"href":"https:\/\/stuudiomoobel.ee\/fi\/wp-json\/wp\/v2\/pages\/12625\/revisions"}],"predecessor-version":[{"id":12629,"href":"https:\/\/stuudiomoobel.ee\/fi\/wp-json\/wp\/v2\/pages\/12625\/revisions\/12629"}],"wp:attachment":[{"href":"https:\/\/stuudiomoobel.ee\/fi\/wp-json\/wp\/v2\/media?parent=12625"}],"curies":[{"name":"wp","href":"https:\/\/api.w.org\/{rel}","templated":true}]}}